{"id":514,"date":"2024-11-25T14:22:26","date_gmt":"2024-11-25T12:22:26","guid":{"rendered":"https:\/\/biomarato.org\/catalunya\/resultados\/"},"modified":"2025-05-19T11:11:17","modified_gmt":"2025-05-19T09:11:17","slug":"resultados","status":"publish","type":"page","link":"https:\/\/biomarato.org\/catalunya\/es\/resultados\/","title":{"rendered":"Resultados"},"content":{"rendered":"<p>[et_pb_section fb_built=\u00bb1&#8243; custom_padding_last_edited=\u00bbon|phone\u00bb _builder_version=\u00bb4.27.4&#8243; _module_preset=\u00bb_initial\u00bb background_color=\u00bb#F5FFFE\u00bb use_background_color_gradient=\u00bbon\u00bb background_color_gradient_stops=\u00bb#f5fffe 0%|#dff6f4 100%\u00bb custom_padding=\u00bb6em||10em||false|false\u00bb custom_padding_tablet=\u00bb6em||6em||true|false\u00bb custom_padding_phone=\u00bb0em||0em||true|false\u00bb locked=\u00bboff\u00bb global_colors_info=\u00bb{}\u00bb][et_pb_row column_structure=\u00bb1_2,1_2&#8243; make_equal=\u00bbon\u00bb module_class=\u00bbalign-center fila_sangre \u00bb _builder_version=\u00bb4.27.2&#8243; _module_preset=\u00bb_initial\u00bb custom_css_main_element=\u00bbimg{||  width: revert-layer !important;||}\u00bb global_colors_info=\u00bb{}\u00bb][et_pb_column type=\u00bb1_2&#8243; _builder_version=\u00bb4.27.2&#8243; _module_preset=\u00bbdefault\u00bb global_colors_info=\u00bb{}\u00bb][et_pb_text _builder_version=\u00bb4.27.2&#8243; _module_preset=\u00bb_initial\u00bb text_font=\u00bb|600||on|||||\u00bb text_line_height=\u00bb1.1em\u00bb width=\u00bb90%\u00bb global_colors_info=\u00bb{}\u00bb]<\/p>\n<p>CONOCE LA BIODIVERSIDAD MARINA GLOBAL<\/p>\n<p>[\/et_pb_text][et_pb_text _builder_version=\u00bb4.27.2&#8243; _module_preset=\u00bb_initial\u00bb header_font=\u00bb|800|||||||\u00bb header_text_color=\u00bb#046A83&#8243; header_font_size=\u00bb50px\u00bb header_2_font=\u00bb||||||||\u00bb header_2_text_color=\u00bb#046A83&#8243; header_2_font_size=\u00bb50px\u00bb header_font_size_tablet=\u00bb50px\u00bb header_font_size_phone=\u00bb40px\u00bb header_font_size_last_edited=\u00bbon|phone\u00bb global_colors_info=\u00bb{}\u00bb]<\/p>\n<h1>Los resultados de la <br \/>Bio<span class=\"color_light_turquoise\">MAR<\/span>at\u00f3 Catalunya<\/h1>\n<p>[\/et_pb_text][et_pb_text _builder_version=\u00bb4.27.2&#8243; _module_preset=\u00bb_initial\u00bb custom_margin_tablet=\u00bb||32px||false|false\u00bb custom_margin_phone=\u00bb||0px||false|false\u00bb custom_margin_last_edited=\u00bbon|phone\u00bb global_colors_info=\u00bb{}\u00bb]<\/p>\n<p>Las BioMARatons celebradas en todo el mundo recogen y comparten los datos sobre las especies observadas, la participaci\u00f3n y otras m\u00e9tricas destacadas que reflejan el \u00e9xito de las iniciativas.<\/p>\n<p>Consulta los resultados de la BioMARat\u00f3 2024 en tiempo real y recupera los datos de las ediciones anteriores.<\/p>\n<p>[\/et_pb_text][\/et_pb_column][et_pb_column type=\u00bb1_2&#8243; module_class=\u00bbsangre_derecha flex align-center\u00bb _builder_version=\u00bb4.27.2&#8243; _module_preset=\u00bbdefault\u00bb global_colors_info=\u00bb{}\u00bb][et_pb_image src=\u00bbhttps:\/\/biomarato.org\/catalunya\/wp-content\/uploads\/sites\/3\/2025\/03\/Plantilla-disenys-RESULTATS.png\u00bb title_text=\u00bbPlantilla dise\u00f1os RESULTADOS\u00bb _builder_version=\u00bb4.27.4&#8243; _module_preset=\u00bb_initial\u00bb width=\u00bb100%\u00bb custom_margin=\u00bb0px||||false|false\u00bb global_colors_info=\u00bb{}\u00bb][\/et_pb_image][\/et_pb_column][\/et_pb_row][\/et_pb_section][et_pb_section fb_built=\u00bb1&#8243; custom_padding_last_edited=\u00bbon|phone\u00bb _builder_version=\u00bb4.27.4&#8243; _module_preset=\u00bb_initial\u00bb background_color=\u00bb#FFFFFF\u00bb custom_margin=\u00bb0px||||false|false\u00bb custom_margin_tablet=\u00bb6em||||false|false\u00bb custom_margin_phone=\u00bb6em||||false|false\u00bb custom_margin_last_edited=\u00bbon|phone\u00bb custom_padding=\u00bb12em||||false|false\u00bb custom_padding_tablet=\u00bb12em||||false|false\u00bb custom_padding_phone=\u00bb6em|24px||24px|false|true\u00bb top_divider_style=\u00bbwaves2&#8243; top_divider_color=\u00bb#dff6f4&#8243; global_colors_info=\u00bb{}\u00bb][et_pb_row column_structure=\u00bb1_5,3_5,1_5&#8243; _builder_version=\u00bb4.27.2&#8243; _module_preset=\u00bb_initial\u00bb global_colors_info=\u00bb{}\u00bb][et_pb_column type=\u00bb1_5&#8243; _builder_version=\u00bb4.27.2&#8243; _module_preset=\u00bbdefault\u00bb global_colors_info=\u00bb{}\u00bb][\/et_pb_column][et_pb_column type=\u00bb3_5&#8243; _builder_version=\u00bb4.27.2&#8243; _module_preset=\u00bbdefault\u00bb global_colors_info=\u00bb{}\u00bb][et_pb_text _builder_version=\u00bb4.27.4&#8243; _module_preset=\u00bb_initial\u00bb header_font=\u00bb|800|||||||\u00bb header_text_align=\u00bbcenter\u00bb header_text_color=\u00bb#046A83&#8243; header_font_size=\u00bb50px\u00bb header_2_font=\u00bb||||||||\u00bb header_2_text_align=\u00bbcenter\u00bb header_2_text_color=\u00bb#046A83&#8243; header_2_font_size=\u00bb46px\u00bb custom_margin=\u00bb||1rem||false|false\u00bb custom_padding=\u00bb||0px||false|false\u00bb header_2_font_size_tablet=\u00bb46px\u00bb header_2_font_size_phone=\u00bb34px\u00bb header_2_font_size_last_edited=\u00bbon|phone\u00bb global_colors_info=\u00bb{}\u00bb]<\/p>\n<h2>Sum\u00e9rgete en los datos<\/h2>\n<p>[\/et_pb_text][et_pb_text _builder_version=\u00bb4.27.4&#8243; _module_preset=\u00bb_initial\u00bb text_font=\u00bb|300||on|||||\u00bb text_line_height=\u00bb1.1em\u00bb text_orientation=\u00bbcenter\u00bb width=\u00bb90%\u00bb global_colors_info=\u00bb{}\u00bb]<\/p>\n<p>A\u00d1O 2025<\/p>\n<p>[\/et_pb_text][\/et_pb_column][et_pb_column type=\u00bb1_5&#8243; _builder_version=\u00bb4.27.2&#8243; _module_preset=\u00bbdefault\u00bb global_colors_info=\u00bb{}\u00bb][\/et_pb_column][\/et_pb_row][et_pb_row _builder_version=\u00bb4.27.2&#8243; _module_preset=\u00bb_initial\u00bb global_colors_info=\u00bb{}\u00bb][et_pb_column type=\u00bb4_4&#8243; _builder_version=\u00bb4.27.2&#8243; _module_preset=\u00bbdefault\u00bb global_colors_info=\u00bb{}\u00bb][et_pb_code _builder_version=\u00bb4.27.4&#8243; _module_preset=\u00bbdefault\u00bb global_colors_info=\u00bb{}\u00bb custom_css_main_element_last_edited=\u00bbon|phone\u00bb custom_css_main_element_phone=\u00bbzoom: 0.4;\u00bb]<\/p>\n<div class=\"streamlit-embed\"><!-- [et_pb_line_break_holder] -->  <iframe loading=\"lazy\" src=\"https:\/\/dashboard.minka-sdg.org\/biomarato25\" width=\"100%\" height=\"800\" frameborder=\"0\" style=\"width:100%\"><\/iframe><!-- [et_pb_line_break_holder] --><\/div>\n<p><!-- [et_pb_line_break_holder] --><!-- [et_pb_line_break_holder] --><\/p>\n<style><!-- [et_pb_line_break_holder] -->  \/* Por defecto, muestra *\/<!-- [et_pb_line_break_holder] -->  .streamlit-embed {<!-- [et_pb_line_break_holder] -->    display: block;<!-- [et_pb_line_break_holder] -->  }<!-- [et_pb_line_break_holder] --><!-- [et_pb_line_break_holder] -->\/* En pantallas peque\u00f1as, oculta *\/<!-- [et_pb_line_break_holder] -->  @\u200cmedia only screen and (max-width: 768px) {<!-- [et_pb_line_break_holder] -->    .streamlit-embed {<!-- [et_pb_line_break_holder] -->      display: none;<!-- [et_pb_line_break_holder] -->    }<!-- [et_pb_line_break_holder] -->  }<!-- [et_pb_line_break_holder] --><\/style>\n<p><!-- [et_pb_line_break_holder] --><!-- [et_pb_line_break_holder] --><\/p>\n<div class=\"minka-embed\"><!-- [et_pb_line_break_holder] -->  <iframe loading=\"lazy\" src=\"https:\/\/minka-sdg.org\/projects\/biomarato-2025-catalunya\" width=\"100%\" height=\"800\" frameborder=\"0\" style=\"width:100%\"><\/iframe><!-- [et_pb_line_break_holder] --><\/div>\n<p>[\/et_pb_code][\/et_pb_column][\/et_pb_row][\/et_pb_section][et_pb_section fb_built=\u00bb1&#8243; _builder_version=\u00bb4.27.4&#8243; _module_preset=\u00bb_initial\u00bb background_color=\u00bb#F5FFFE\u00bb background_enable_color=\u00bboff\u00bb use_background_color_gradient=\u00bbon\u00bb background_color_gradient_stops=\u00bbrgba(95,191,187,0.3) 0%|#ffffff 100%\u00bb custom_padding=\u00bb10em||||false|false\u00bb top_divider_style=\u00bbwaves\u00bb top_divider_color=\u00bb#FFFFFF\u00bb global_colors_info=\u00bb{}\u00bb][et_pb_row _builder_version=\u00bb4.27.2&#8243; _module_preset=\u00bb_initial\u00bb global_colors_info=\u00bb{}\u00bb][et_pb_column type=\u00bb4_4&#8243; _builder_version=\u00bb4.27.2&#8243; _module_preset=\u00bbdefault\u00bb global_colors_info=\u00bb{}\u00bb][et_pb_text _builder_version=\u00bb4.27.2&#8243; _module_preset=\u00bb_initial\u00bb header_font=\u00bb|800|||||||\u00bb header_text_color=\u00bb#046A83&#8243; header_font_size=\u00bb50px\u00bb header_2_font=\u00bb||||||||\u00bb header_2_text_color=\u00bb#046A83&#8243; header_2_font_size=\u00bb46px\u00bb custom_margin=\u00bb||1rem||false|false\u00bb custom_padding=\u00bb||0px||false|false\u00bb header_2_font_size_tablet=\u00bb46px\u00bb header_2_font_size_phone=\u00bb34px\u00bb header_2_font_size_last_edited=\u00bbon|phone\u00bb global_colors_info=\u00bb{}\u00bb]<\/p>\n<h2>Otros a\u00f1os<\/h2>\n<p>[\/et_pb_text][\/et_pb_column][\/et_pb_row][et_pb_row _builder_version=\u00bb4.27.2&#8243; _module_preset=\u00bb_initial\u00bb locked=\u00bboff\u00bb global_colors_info=\u00bb{}\u00bb][et_pb_column type=\u00bb4_4&#8243; _builder_version=\u00bb4.27.2&#8243; _module_preset=\u00bbdefault\u00bb global_colors_info=\u00bb{}\u00bb][dsm_card_carousel autoplay=\u00bboff\u00bb space_between=\u00bb30&#8243; infinite=\u00bboff\u00bb use_arrow_custom_position=\u00bbon\u00bb arrow_custom_position=\u00bb-30px\u00bb arrow_color=\u00bb#046A83&#8243; arrow_background_color=\u00bb#FFFFFF\u00bb dots_horizontal_placement=\u00bb-80px\u00bb dots_active_color=\u00bb#046A83&#8243; dots_inactive_color=\u00bbRGBA(95,191,187,0.3)\u00bb module_class=\u00bbaltres_ans\u00bb _builder_version=\u00bb4.27.4&#8243; _module_preset=\u00bbdefault\u00bb custom_margin=\u00bb||120px||false|false\u00bb custom_padding=\u00bb||0px||false|false\u00bb border_radii_arrow=\u00bbon|50px|50px|50px|50px\u00bb global_colors_info=\u00bb{}\u00bb][dsm_card_carousel_child title=\u00bb2024&#8243; image=\u00bbhttps:\/\/biomarato.org\/catalunya\/wp-content\/uploads\/sites\/3\/2024\/12\/Foto3-1.jpg\u00bb image_background_height=\u00bb320px\u00bb button_url_new_window=\u00bb1&#8243; _builder_version=\u00bb4.27.4&#8243; _module_preset=\u00bbdefault\u00bb header_text_color=\u00bb#FFFFFF\u00bb header_font_size=\u00bb28px\u00bb body_font=\u00bb|300|||||||\u00bb body_text_color=\u00bb#FFFFFF\u00bb body_font_size=\u00bb20px\u00bb body_link_font=\u00bb|300|||||||\u00bb body_link_text_color=\u00bb#FFFFFF\u00bb border_radii=\u00bbon|20px|20px|20px|20px\u00bb global_colors_info=\u00bb{}\u00bb body_link_text_color__hover_enabled=\u00bbon|desktop\u00bb body_link_text_color__hover=\u00bb#5FBFBB\u00bb parent_button=\u00bboff\u00bb parent_header_level=\u00bbh4&#8243;]<\/p>\n<p><a href=\"https:\/\/zenodo.org\/records\/14267575\" target=\"_blank\" rel=\"noopener\">CA<\/a> | <a href=\"https:\/\/zenodo.org\/records\/14268430\" target=\"_blank\" rel=\"noopener\">ES<\/a> | <a href=\"https:\/\/zenodo.org\/records\/14268324\" target=\"_blank\" rel=\"noopener\">EN<\/a><\/p>\n<p>[\/dsm_card_carousel_child][dsm_card_carousel_child title=\u00bb2023&#8243; image=\u00bbhttps:\/\/biomarato.org\/catalunya\/wp-content\/uploads\/sites\/3\/2024\/12\/Foto5.jpg\u00bb image_background_height=\u00bb320px\u00bb button_url_new_window=\u00bb1&#8243; _builder_version=\u00bb4.27.4&#8243; _module_preset=\u00bbdefault\u00bb header_text_color=\u00bb#FFFFFF\u00bb header_font_size=\u00bb28px\u00bb body_font=\u00bb|300|||||||\u00bb body_text_color=\u00bb#FFFFFF\u00bb body_font_size=\u00bb20px\u00bb body_link_font=\u00bb|300|||||||\u00bb body_link_text_color=\u00bb#FFFFFF\u00bb border_radii=\u00bbon|20px|20px|20px|20px\u00bb global_colors_info=\u00bb{}\u00bb body_link_text_color__hover_enabled=\u00bbon|desktop\u00bb body_link_text_color__hover=\u00bb#5FBFBB\u00bb parent_button=\u00bboff\u00bb parent_header_level=\u00bbh4&#8243;]<\/p>\n<p><a href=\"https:\/\/zenodo.org\/records\/10215230%20\" target=\"_blank\" rel=\"noopener\">CA<\/a> | <a href=\"https:\/\/zenodo.org\/records\/10215230%20\" target=\"_blank\" rel=\"noopener\">ES<\/a> | <a href=\"https:\/\/zenodo.org\/records\/10215230%20\" target=\"_blank\" rel=\"noopener\">EN<\/a><\/p>\n<p>[\/dsm_card_carousel_child][dsm_card_carousel_child title=\u00bb2022&#8243; image=\u00bbhttps:\/\/biomarato.org\/catalunya\/wp-content\/uploads\/sites\/3\/2024\/12\/Foto4.jpg\u00bb image_background_height=\u00bb320px\u00bb button_url_new_window=\u00bb1&#8243; _builder_version=\u00bb4.27.4&#8243; _module_preset=\u00bbdefault\u00bb header_text_color=\u00bb#FFFFFF\u00bb header_font_size=\u00bb28px\u00bb body_font=\u00bb|300|||||||\u00bb body_text_color=\u00bb#FFFFFF\u00bb body_font_size=\u00bb20px\u00bb body_link_font=\u00bb|300|||||||\u00bb body_link_text_color=\u00bb#FFFFFF\u00bb border_radii=\u00bbon|20px|20px|20px|20px\u00bb global_colors_info=\u00bb{}\u00bb body_link_text_color__hover_enabled=\u00bbon|desktop\u00bb body_link_text_color__hover=\u00bb#5FBFBB\u00bb parent_button=\u00bboff\u00bb parent_header_level=\u00bbh4&#8243;]<\/p>\n<p><a href=\"https:\/\/zenodo.org\/records\/7515524\" target=\"_blank\">CA<\/a> | <a href=\"https:\/\/zenodo.org\/records\/7515518\" target=\"_blank\">ES<\/a> | <a href=\"https:\/\/zenodo.org\/records\/7515568\" target=\"_blank\">EN<\/a><\/p>\n<p>[\/dsm_card_carousel_child][dsm_card_carousel_child title=\u00bb2021&#8243; image=\u00bbhttps:\/\/biomarato.org\/catalunya\/wp-content\/uploads\/sites\/3\/2024\/12\/Foto2.jpg\u00bb image_background_height=\u00bb320px\u00bb button_url_new_window=\u00bb1&#8243; _builder_version=\u00bb4.27.4&#8243; _module_preset=\u00bbdefault\u00bb header_text_color=\u00bb#FFFFFF\u00bb header_font_size=\u00bb28px\u00bb body_font=\u00bb|300|||||||\u00bb body_text_color=\u00bb#FFFFFF\u00bb body_font_size=\u00bb20px\u00bb body_link_font=\u00bb|300|||||||\u00bb body_link_text_color=\u00bb#FFFFFF\u00bb border_radii=\u00bbon|20px|20px|20px|20px\u00bb global_colors_info=\u00bb{}\u00bb body_link_text_color__hover_enabled=\u00bbon|desktop\u00bb body_link_text_color__hover=\u00bb#5FBFBB\u00bb parent_button=\u00bboff\u00bb parent_header_level=\u00bbh4&#8243;]<\/p>\n<p><a href=\"https:\/\/zenodo.org\/records\/7658370\" target=\"_blank\">CA<\/a> | <a href=\"https:\/\/zenodo.org\/records\/7660012\" target=\"_blank\">ES<\/a> | <a href=\"https:\/\/zenodo.org\/records\/7658110\" target=\"_blank\">EN<\/a><\/p>\n<p>[\/dsm_card_carousel_child][\/dsm_card_carousel][\/et_pb_column][\/et_pb_row][\/et_pb_section]<\/p>\n","protected":false},"excerpt":{"rendered":"<p>CONOCE LA BIODIVERSIDAD MARINA GLOBALLos resultados de la BioMARat\u00f3 CatalunyaLas BioMARatons celebradas en todo el mundo recogen y comparten los datos sobre las especies observadas, la participaci\u00f3n y otras m\u00e9tricas destacadas que reflejan el \u00e9xito de las iniciativas. Consulta los resultados de la BioMARat\u00f3 2024 en tiempo real y recupera los datos de las ediciones anteriores.Sum\u00e9rgete en los datosA\u00d1O 2025Otros a\u00f1os<div class=\"et_pb_module dsm_card_carousel dsm_card_carousel_0 altres_ans dsm_card_carousel_layout_stacked \">\n\t\t\t\t\n\t\t\t\t\n\t\t\t\t\n\t\t\t\t\n\t\t\t\t\n\t\t\t\t\n\t\t\t\t<div class=\"et_pb_module_inner\">\n\t\t\t\t\t\n\t\t\t\n\t\t\t<div class=\"swiper-container dsm_card_carousel_wrapper\" dir=\"ltr\" data-params=\"[{&quot;direction&quot;:&quot;horizontal&quot;,&quot;effect&quot;:&quot;default&quot;,&quot;slider_effect_shadows&quot;:false,&quot;slider_effect_coverflow_rotate&quot;:&quot;30&quot;,&quot;slider_effect_coverflow_depth&quot;:&quot;0&quot;,&quot;loop&quot;:false,&quot;infinite_smooth_scrolling&quot;:false,&quot;slide_to_show&quot;:&quot;3&quot;,&quot;slide_to_show_tablet&quot;:&quot;1&quot;,&quot;slide_to_show_phone&quot;:&quot;1&quot;,&quot;slide_to_scroll&quot;:&quot;1&quot;,&quot;slide_to_scroll_tablet&quot;:&quot;1&quot;,&quot;slide_to_scroll_phone&quot;:&quot;1&quot;,&quot;space_between&quot;:&quot;30&quot;,&quot;space_between_tablet&quot;:&quot;30&quot;,&quot;space_between_phone&quot;:&quot;30&quot;,&quot;centered_slides&quot;:false,&quot;multiple_slide_row&quot;:&quot;off&quot;,&quot;slide_row&quot;:&quot;1&quot;,&quot;slide_row_tablet&quot;:&quot;1&quot;,&quot;slide_row_phone&quot;:&quot;1&quot;,&quot;speed&quot;:&quot;300&quot;,&quot;autoplay&quot;:false,&quot;autoplay_speed&quot;:&quot;3000&quot;,&quot;autoplay_viewport&quot;:&quot;&quot;,&quot;touch_move&quot;:true,&quot;grab&quot;:true,&quot;pause_on_hover&quot;:false,&quot;mousewheel&quot;:false,&quot;auto_height&quot;:true,&quot;equal_height&quot;:true,&quot;equal_height_tablet&quot;:true,&quot;equal_height_phone&quot;:true}]\">\n\t\t\t<div class=\"swiper-wrapper\"><div class=\"dsm_card_carousel_child dsm_card_carousel_child_0 swiper-slide\">\n\t\t\t\t\n\t\t\t\t\n\t\t\t\t\n\t\t\t\t\n\t\t\t\t\n\t\t\t\t\n\t\t\t\t<div class=\"et_pb_module_inner\">\n\t\t\t\t\t\n\t\t\t\n\t\t\t<figure class=\"dsm_card_carousel_child_image_wrapper dsm_card_carousel_child_badge_top_right\"><div class=\"dsm_card_carousel_child_image_background dsm_card_carousel_child_img\"><\/div><\/figure>\n\t\t\t<div class=\"dsm_card_wrapper et_pb_text_align_left et_pb_bg_layout_light\">\n\t\t\t\t\t<h4 class=\"dsm_card_title et_pb_module_header\">2024<\/h4>\n\t\t\t\t\t\n\t\t\t\t\t<div class=\"dsm_card_carousel_child_description\">CA | ES | EN<\/div>\n\t\t\t\t\t\n\t\t\t\t<\/div>\n\t\t\t\t<\/div>\n\t\t\t<\/div><div class=\"dsm_card_carousel_child dsm_card_carousel_child_1 swiper-slide\">\n\t\t\t\t\n\t\t\t\t\n\t\t\t\t\n\t\t\t\t\n\t\t\t\t\n\t\t\t\t\n\t\t\t\t<div class=\"et_pb_module_inner\">\n\t\t\t\t\t\n\t\t\t\n\t\t\t<figure class=\"dsm_card_carousel_child_image_wrapper dsm_card_carousel_child_badge_top_right\"><div class=\"dsm_card_carousel_child_image_background dsm_card_carousel_child_img\"><\/div><\/figure>\n\t\t\t<div class=\"dsm_card_wrapper et_pb_text_align_left et_pb_bg_layout_light\">\n\t\t\t\t\t<h4 class=\"dsm_card_title et_pb_module_header\">2023<\/h4>\n\t\t\t\t\t\n\t\t\t\t\t<div class=\"dsm_card_carousel_child_description\">CA | ES | EN<\/div>\n\t\t\t\t\t\n\t\t\t\t<\/div>\n\t\t\t\t<\/div>\n\t\t\t<\/div><div class=\"dsm_card_carousel_child dsm_card_carousel_child_2 swiper-slide\">\n\t\t\t\t\n\t\t\t\t\n\t\t\t\t\n\t\t\t\t\n\t\t\t\t\n\t\t\t\t\n\t\t\t\t<div class=\"et_pb_module_inner\">\n\t\t\t\t\t\n\t\t\t\n\t\t\t<figure class=\"dsm_card_carousel_child_image_wrapper dsm_card_carousel_child_badge_top_right\"><div class=\"dsm_card_carousel_child_image_background dsm_card_carousel_child_img\"><\/div><\/figure>\n\t\t\t<div class=\"dsm_card_wrapper et_pb_text_align_left et_pb_bg_layout_light\">\n\t\t\t\t\t<h4 class=\"dsm_card_title et_pb_module_header\">2022<\/h4>\n\t\t\t\t\t\n\t\t\t\t\t<div class=\"dsm_card_carousel_child_description\">CA | ES | EN<\/div>\n\t\t\t\t\t\n\t\t\t\t<\/div>\n\t\t\t\t<\/div>\n\t\t\t<\/div><div class=\"dsm_card_carousel_child dsm_card_carousel_child_3 swiper-slide\">\n\t\t\t\t\n\t\t\t\t\n\t\t\t\t\n\t\t\t\t\n\t\t\t\t\n\t\t\t\t\n\t\t\t\t<div class=\"et_pb_module_inner\">\n\t\t\t\t\t\n\t\t\t\n\t\t\t<figure class=\"dsm_card_carousel_child_image_wrapper dsm_card_carousel_child_badge_top_right\"><div class=\"dsm_card_carousel_child_image_background dsm_card_carousel_child_img\"><\/div><\/figure>\n\t\t\t<div class=\"dsm_card_wrapper et_pb_text_align_left et_pb_bg_layout_light\">\n\t\t\t\t\t<h4 class=\"dsm_card_title et_pb_module_header\">2021<\/h4>\n\t\t\t\t\t\n\t\t\t\t\t<div class=\"dsm_card_carousel_child_description\">CA | ES | EN<\/div>\n\t\t\t\t\t\n\t\t\t\t<\/div>\n\t\t\t\t<\/div>\n\t\t\t<\/div><\/div>\n\t\t\t<\/div><div class=\"swiper-button-prev dsm_card_carousel_arrow\" data-icon=\"4\"><\/div><div class=\"swiper-button-next dsm_card_carousel_arrow\" data-icon=\"5\"><\/div><div class=\"swiper-pagination dsm_card_carousel_pagination\"><\/div>\n\t\t\t\t<\/div>\n\t\t\t<\/div><\/p>\n","protected":false},"author":1,"featured_media":0,"parent":0,"menu_order":0,"comment_status":"closed","ping_status":"closed","template":"","meta":{"_acf_changed":false,"_et_pb_use_builder":"on","_et_pb_old_content":"","_et_gb_content_width":"","footnotes":""},"class_list":["post-514","page","type-page","status-publish","hentry"],"acf":[],"yoast_head":"<!-- This site is optimized with the Yoast SEO plugin v27.5 - https:\/\/yoast.com\/product\/yoast-seo-wordpress\/ -->\n<title>Resultados - Catalunya<\/title>\n<meta name=\"robots\" content=\"index, follow, max-snippet:-1, max-image-preview:large, max-video-preview:-1\" \/>\n<link rel=\"canonical\" href=\"https:\/\/biomarato.org\/catalunya\/es\/resultados\/\" \/>\n<meta property=\"og:locale\" content=\"es_ES\" \/>\n<meta property=\"og:type\" content=\"article\" \/>\n<meta property=\"og:title\" content=\"Resultados - Catalunya\" \/>\n<meta property=\"og:description\" content=\"CONOCE LA BIODIVERSIDAD MARINA GLOBALLos resultados de la BioMARat\u00f3 CatalunyaLas BioMARatons celebradas en todo el mundo recogen y comparten los datos sobre las especies observadas, la participaci\u00f3n y otras m\u00e9tricas destacadas que reflejan el \u00e9xito de las iniciativas. Consulta los resultados de la BioMARat\u00f3 2024 en tiempo real y recupera los datos de las ediciones anteriores.Sum\u00e9rgete en los datosA\u00d1O 2025Otros a\u00f1os\" \/>\n<meta property=\"og:url\" content=\"https:\/\/biomarato.org\/catalunya\/es\/resultados\/\" \/>\n<meta property=\"og:site_name\" content=\"Catalunya\" \/>\n<meta property=\"article:modified_time\" content=\"2025-05-19T09:11:17+00:00\" \/>\n<meta name=\"twitter:card\" content=\"summary_large_image\" \/>\n<meta name=\"twitter:label1\" content=\"Tiempo de lectura\" \/>\n\t<meta name=\"twitter:data1\" content=\"1 minuto\" \/>\n<script type=\"application\/ld+json\" class=\"yoast-schema-graph\">{\"@context\":\"https:\\\/\\\/schema.org\",\"@graph\":[{\"@type\":\"WebPage\",\"@id\":\"https:\\\/\\\/biomarato.org\\\/catalunya\\\/es\\\/resultados\\\/\",\"url\":\"https:\\\/\\\/biomarato.org\\\/catalunya\\\/es\\\/resultados\\\/\",\"name\":\"Resultados - Catalunya\",\"isPartOf\":{\"@id\":\"https:\\\/\\\/biomarato.org\\\/catalunya\\\/es\\\/#website\"},\"datePublished\":\"2024-11-25T12:22:26+00:00\",\"dateModified\":\"2025-05-19T09:11:17+00:00\",\"breadcrumb\":{\"@id\":\"https:\\\/\\\/biomarato.org\\\/catalunya\\\/es\\\/resultados\\\/#breadcrumb\"},\"inLanguage\":\"es\",\"potentialAction\":[{\"@type\":\"ReadAction\",\"target\":[\"https:\\\/\\\/biomarato.org\\\/catalunya\\\/es\\\/resultados\\\/\"]}]},{\"@type\":\"BreadcrumbList\",\"@id\":\"https:\\\/\\\/biomarato.org\\\/catalunya\\\/es\\\/resultados\\\/#breadcrumb\",\"itemListElement\":[{\"@type\":\"ListItem\",\"position\":1,\"name\":\"Inici\",\"item\":\"https:\\\/\\\/biomarato.org\\\/catalunya\\\/es\\\/home\\\/\"},{\"@type\":\"ListItem\",\"position\":2,\"name\":\"Resultados\"}]},{\"@type\":\"WebSite\",\"@id\":\"https:\\\/\\\/biomarato.org\\\/catalunya\\\/es\\\/#website\",\"url\":\"https:\\\/\\\/biomarato.org\\\/catalunya\\\/es\\\/\",\"name\":\"Catalunya\",\"description\":\"Una iniciativa per descobrir la biodiversitat marina amb la ci\u00e8ncia ciutadana\",\"potentialAction\":[{\"@type\":\"SearchAction\",\"target\":{\"@type\":\"EntryPoint\",\"urlTemplate\":\"https:\\\/\\\/biomarato.org\\\/catalunya\\\/es\\\/?s={search_term_string}\"},\"query-input\":{\"@type\":\"PropertyValueSpecification\",\"valueRequired\":true,\"valueName\":\"search_term_string\"}}],\"inLanguage\":\"es\"}]}<\/script>\n<!-- \/ Yoast SEO plugin. -->","yoast_head_json":{"title":"Resultados - Catalunya","robots":{"index":"index","follow":"follow","max-snippet":"max-snippet:-1","max-image-preview":"max-image-preview:large","max-video-preview":"max-video-preview:-1"},"canonical":"https:\/\/biomarato.org\/catalunya\/es\/resultados\/","og_locale":"es_ES","og_type":"article","og_title":"Resultados - Catalunya","og_description":"CONOCE LA BIODIVERSIDAD MARINA GLOBALLos resultados de la BioMARat\u00f3 CatalunyaLas BioMARatons celebradas en todo el mundo recogen y comparten los datos sobre las especies observadas, la participaci\u00f3n y otras m\u00e9tricas destacadas que reflejan el \u00e9xito de las iniciativas. Consulta los resultados de la BioMARat\u00f3 2024 en tiempo real y recupera los datos de las ediciones anteriores.Sum\u00e9rgete en los datosA\u00d1O 2025Otros a\u00f1os","og_url":"https:\/\/biomarato.org\/catalunya\/es\/resultados\/","og_site_name":"Catalunya","article_modified_time":"2025-05-19T09:11:17+00:00","twitter_card":"summary_large_image","twitter_misc":{"Tiempo de lectura":"1 minuto"},"schema":{"@context":"https:\/\/schema.org","@graph":[{"@type":"WebPage","@id":"https:\/\/biomarato.org\/catalunya\/es\/resultados\/","url":"https:\/\/biomarato.org\/catalunya\/es\/resultados\/","name":"Resultados - Catalunya","isPartOf":{"@id":"https:\/\/biomarato.org\/catalunya\/es\/#website"},"datePublished":"2024-11-25T12:22:26+00:00","dateModified":"2025-05-19T09:11:17+00:00","breadcrumb":{"@id":"https:\/\/biomarato.org\/catalunya\/es\/resultados\/#breadcrumb"},"inLanguage":"es","potentialAction":[{"@type":"ReadAction","target":["https:\/\/biomarato.org\/catalunya\/es\/resultados\/"]}]},{"@type":"BreadcrumbList","@id":"https:\/\/biomarato.org\/catalunya\/es\/resultados\/#breadcrumb","itemListElement":[{"@type":"ListItem","position":1,"name":"Inici","item":"https:\/\/biomarato.org\/catalunya\/es\/home\/"},{"@type":"ListItem","position":2,"name":"Resultados"}]},{"@type":"WebSite","@id":"https:\/\/biomarato.org\/catalunya\/es\/#website","url":"https:\/\/biomarato.org\/catalunya\/es\/","name":"Catalunya","description":"Una iniciativa per descobrir la biodiversitat marina amb la ci\u00e8ncia ciutadana","potentialAction":[{"@type":"SearchAction","target":{"@type":"EntryPoint","urlTemplate":"https:\/\/biomarato.org\/catalunya\/es\/?s={search_term_string}"},"query-input":{"@type":"PropertyValueSpecification","valueRequired":true,"valueName":"search_term_string"}}],"inLanguage":"es"}]}},"_links":{"self":[{"href":"https:\/\/biomarato.org\/catalunya\/es\/wp-json\/wp\/v2\/pages\/514","targetHints":{"allow":["GET"]}}],"collection":[{"href":"https:\/\/biomarato.org\/catalunya\/es\/wp-json\/wp\/v2\/pages"}],"about":[{"href":"https:\/\/biomarato.org\/catalunya\/es\/wp-json\/wp\/v2\/types\/page"}],"author":[{"embeddable":true,"href":"https:\/\/biomarato.org\/catalunya\/es\/wp-json\/wp\/v2\/users\/1"}],"replies":[{"embeddable":true,"href":"https:\/\/biomarato.org\/catalunya\/es\/wp-json\/wp\/v2\/comments?post=514"}],"version-history":[{"count":7,"href":"https:\/\/biomarato.org\/catalunya\/es\/wp-json\/wp\/v2\/pages\/514\/revisions"}],"predecessor-version":[{"id":1146,"href":"https:\/\/biomarato.org\/catalunya\/es\/wp-json\/wp\/v2\/pages\/514\/revisions\/1146"}],"wp:attachment":[{"href":"https:\/\/biomarato.org\/catalunya\/es\/wp-json\/wp\/v2\/media?parent=514"}],"curies":[{"name":"wp","href":"https:\/\/api.w.org\/{rel}","templated":true}]}}