{"id":526,"date":"2024-12-05T17:54:24","date_gmt":"2024-12-05T15:54:24","guid":{"rendered":"https:\/\/biomarato.org\/catalunya\/la-biomarato-en-catalunya\/"},"modified":"2025-02-27T18:40:58","modified_gmt":"2025-02-27T16:40:58","slug":"la-biomaraton-en-catalunya","status":"publish","type":"page","link":"https:\/\/biomarato.org\/catalunya\/es\/la-biomaraton-en-catalunya\/","title":{"rendered":"La BioMARat\u00f3n en Catalunya"},"content":{"rendered":"<p>[et_pb_section fb_built=\u00bb1&#8243; custom_padding_last_edited=\u00bbon|phone\u00bb _builder_version=\u00bb4.27.2&#8243; _module_preset=\u00bb_initial\u00bb background_color=\u00bb#F5FFFE\u00bb custom_padding=\u00bb6em||6em||true|false\u00bb custom_padding_tablet=\u00bb3em||3em||true|false\u00bb custom_padding_phone=\u00bb2em||2em||true|false\u00bb locked=\u00bboff\u00bb global_colors_info=\u00bb{}\u00bb][et_pb_row column_structure=\u00bb1_2,1_2&#8243; make_equal=\u00bbon\u00bb module_class=\u00bbalign-center  row-to-col-tablet\u00bb _builder_version=\u00bb4.27.4&#8243; _module_preset=\u00bb_initial\u00bb global_colors_info=\u00bb{}\u00bb custom_css_main_element_last_edited=\u00bbon|tablet\u00bb custom_css_main_element_tablet=\u00bbimg {||  width: revert-layer !important||}\u00bb custom_css_main_element_phone=\u00bbimg {||  width: revert-layer !important||}\u00bb][et_pb_column type=\u00bb1_2&#8243; _builder_version=\u00bb4.27.2&#8243; _module_preset=\u00bbdefault\u00bb global_colors_info=\u00bb{}\u00bb][et_pb_text _builder_version=\u00bb4.27.4&#8243; _module_preset=\u00bb_initial\u00bb text_font=\u00bb|600||on|||||\u00bb text_line_height=\u00bb1.1em\u00bb width=\u00bb60%\u00bb global_colors_info=\u00bb{}\u00bb]<\/p>\n<p>VIVE LA CIENCIA CIUDADANA<\/p>\n<p>[\/et_pb_text][et_pb_text _builder_version=\u00bb4.27.4&#8243; _module_preset=\u00bb_initial\u00bb header_font=\u00bb|800|||||||\u00bb header_text_color=\u00bb#046A83&#8243; header_font_size=\u00bb50px\u00bb header_2_font=\u00bb||||||||\u00bb header_2_text_color=\u00bb#046A83&#8243; header_2_font_size=\u00bb50px\u00bb hover_enabled=\u00bb0&#8243; global_colors_info=\u00bb{}\u00bb sticky_enabled=\u00bb0&#8243;]<\/p>\n<h1>La Bio<span class=\"color_light_turquoise\">MAR<\/span>at\u00f3n en Catalu\u00f1a<\/h1>\n<p>[\/et_pb_text][et_pb_text _builder_version=\u00bb4.27.4&#8243; _module_preset=\u00bb_initial\u00bb link_font=\u00bb||||on||||\u00bb link_text_color=\u00bb#046A83&#8243; custom_margin_tablet=\u00bb||32px||false|false\u00bb custom_margin_phone=\u00bb||32px||false|false\u00bb custom_margin_last_edited=\u00bbon|tablet\u00bb global_colors_info=\u00bb{}\u00bb]<\/p>\n<p>La BioMARat\u00f3n Catalu\u00f1a \u00abPlayas con vida\u00bb es un evento de ciencia ciudadana liderada por el Institut de Ci\u00e8ncies del Mar (ICM-CSIC).<\/p>\n<p>Es una competici\u00f3n amistosa que se desarrolla de mayo a octubre y que anima a la ciudadan\u00eda a fotografiar la flora y fauna del litoral de las provincias de Girona, Barcelona y Tarragona. Todas las observaciones se suben a la plataforma <a href=\"https:\/\/minka-sdg.org\/\">MINKA<\/a>.<\/p>\n<p>[\/et_pb_text][\/et_pb_column][et_pb_column type=\u00bb1_2&#8243; _builder_version=\u00bb4.27.4&#8243; _module_preset=\u00bbdefault\u00bb custom_padding_tablet=\u00bb|16px||16px|false|true\u00bb custom_padding_phone=\u00bb|16px||16px|false|true\u00bb custom_padding_last_edited=\u00bbon|phone\u00bb global_colors_info=\u00bb{}\u00bb][et_pb_video src=\u00bbhttps:\/\/www.youtube.com\/watch?v=XBzfK6g1_OY\u00bb play_icon_color=\u00bb#5FBFBB\u00bb font_icon=\u00bb&lt;wpml_invalid_tag original=\u00bb _builder_version=\u00bb4.27.4&#8243; global_colors_info=\u00bb{}\u00bb][\/et_pb_video][\/et_pb_column][\/et_pb_row][\/et_pb_section][et_pb_section fb_built=\u00bb1&#8243; _builder_version=\u00bb4.27.4&#8243; _module_preset=\u00bb_initial\u00bb background_color=\u00bb#F5FFFE\u00bb use_background_color_gradient=\u00bbon\u00bb background_color_gradient_stops=\u00bb#dff6f4 0%|#f5fffe 100%\u00bb custom_margin=\u00bb2em||||false|false\u00bb custom_padding=\u00bb12em||6em||false|false\u00bb top_divider_style=\u00bbwaves\u00bb top_divider_color=\u00bb#F5FFFE\u00bb global_colors_info=\u00bb{}\u00bb][et_pb_row _builder_version=\u00bb4.27.4&#8243; _module_preset=\u00bbdefault\u00bb global_colors_info=\u00bb{}\u00bb][et_pb_column type=\u00bb4_4&#8243; _builder_version=\u00bb4.27.4&#8243; _module_preset=\u00bbdefault\u00bb global_colors_info=\u00bb{}\u00bb][et_pb_text _builder_version=\u00bb4.27.4&#8243; _module_preset=\u00bb_initial\u00bb header_font=\u00bb|800|||||||\u00bb header_text_color=\u00bb#046A83&#8243; header_font_size=\u00bb50px\u00bb header_2_font=\u00bb||||||||\u00bb header_2_text_color=\u00bb#046A83&#8243; header_2_font_size=\u00bb46px\u00bb custom_margin=\u00bb||1rem||false|false\u00bb custom_padding=\u00bb||0px||false|false\u00bb header_2_font_size_tablet=\u00bb46px\u00bb header_2_font_size_phone=\u00bb34px\u00bb header_2_font_size_last_edited=\u00bbon|phone\u00bb global_colors_info=\u00bb{}\u00bb]<\/p>\n<h2>Objetivos<\/h2>\n<p>[\/et_pb_text][\/et_pb_column][\/et_pb_row][et_pb_row column_structure=\u00bb1_2,1_2&#8243; _builder_version=\u00bb4.27.4&#8243; _module_preset=\u00bbdefault\u00bb global_colors_info=\u00bb{}\u00bb][et_pb_column type=\u00bb1_2&#8243; _builder_version=\u00bb4.27.4&#8243; _module_preset=\u00bbdefault\u00bb global_colors_info=\u00bb{}\u00bb][et_pb_blurb image=\u00bbhttps:\/\/biomarato.org\/catalunya\/wp-content\/uploads\/sites\/3\/2024\/12\/check-circle.svg\u00bb icon_placement=\u00bbleft\u00bb content_max_width=\u00bb100%\u00bb _builder_version=\u00bb4.27.4&#8243; _module_preset=\u00bbdefault\u00bb body_font_size=\u00bb22px\u00bb global_colors_info=\u00bb{}\u00bb]<\/p>\n<p>Catalogar la biodiversidad marina y costera de Catalu\u00f1a<\/p>\n<p>[\/et_pb_blurb][et_pb_blurb image=\u00bbhttps:\/\/biomarato.org\/catalunya\/wp-content\/uploads\/sites\/3\/2024\/12\/check-circle.svg\u00bb icon_placement=\u00bbleft\u00bb content_max_width=\u00bb100%\u00bb _builder_version=\u00bb4.27.4&#8243; _module_preset=\u00bbdefault\u00bb body_font_size=\u00bb22px\u00bb body_line_height=\u00bb1.4em\u00bb global_colors_info=\u00bb{}\u00bb]<\/p>\n<p>Ampliar el conocimiento de las especies de los ecosistemas marinos y el litoral de la costa catalana, as\u00ed como sus patrones de distribuci\u00f3n temporales.<\/p>\n<p>[\/et_pb_blurb][et_pb_blurb image=\u00bbhttps:\/\/biomarato.org\/catalunya\/wp-content\/uploads\/sites\/3\/2024\/12\/check-circle.svg\u00bb icon_placement=\u00bbleft\u00bb content_max_width=\u00bb100%\u00bb _builder_version=\u00bb4.27.4&#8243; _module_preset=\u00bbdefault\u00bb body_font_size=\u00bb22px\u00bb body_line_height=\u00bb1.4em\u00bb global_colors_info=\u00bb{}\u00bb]Detectar evidencias de los efectos del cambio clim\u00e1tico a trav\u00e9s de la biodiversidad como indicadora.[\/et_pb_blurb][\/et_pb_column][et_pb_column type=\u00bb1_2&#8243; _builder_version=\u00bb4.27.4&#8243; _module_preset=\u00bbdefault\u00bb global_colors_info=\u00bb{}\u00bb][et_pb_blurb image=\u00bbhttps:\/\/biomarato.org\/catalunya\/wp-content\/uploads\/sites\/3\/2024\/12\/check-circle.svg\u00bb icon_placement=\u00bbleft\u00bb content_max_width=\u00bb100%\u00bb _builder_version=\u00bb4.27.4&#8243; _module_preset=\u00bbdefault\u00bb body_font_size=\u00bb22px\u00bb body_line_height=\u00bb1.4em\u00bb global_colors_info=\u00bb{}\u00bb]Sensibilizar sobre la riqueza de la biodiversidad marina y transformar la percepci\u00f3n social de nuestras playas, revel\u00e1ndolas como ecosistemas vitales.[\/et_pb_blurb][et_pb_blurb image=\u00bbhttps:\/\/biomarato.org\/catalunya\/wp-content\/uploads\/sites\/3\/2024\/12\/check-circle.svg\u00bb icon_placement=\u00bbleft\u00bb content_max_width=\u00bb100%\u00bb _builder_version=\u00bb4.27.4&#8243; _module_preset=\u00bbdefault\u00bb body_font_size=\u00bb22px\u00bb body_line_height=\u00bb1.4em\u00bb global_colors_info=\u00bb{}\u00bb]Conectar a la ciudadan\u00eda con la comunidad cient\u00edfica.[\/et_pb_blurb][et_pb_text _builder_version=\u00bb4.27.4&#8243; _module_preset=\u00bb_initial\u00bb custom_margin_tablet=\u00bb||32px||false|false\u00bb custom_margin_phone=\u00bb||32px||false|false\u00bb custom_margin_last_edited=\u00bbon|tablet\u00bb global_colors_info=\u00bb{}\u00bb]En la edici\u00f3n 2024, obtuvimos m\u00e1s de 91.000 observaciones con grado de investigaci\u00f3n, superando las 1.720 especies gracias a la participaci\u00f3n de 481 personas. [\/et_pb_text][\/et_pb_column][\/et_pb_row][\/et_pb_section][et_pb_section fb_built=\u00bb1&#8243; module_class=\u00bbque_es_divider\u00bb _builder_version=\u00bb4.27.4&#8243; _module_preset=\u00bb_initial\u00bb background_color=\u00bb#F5FFFE\u00bb use_background_color_gradient=\u00bbon\u00bb background_color_gradient_stops=\u00bbrgba(0,0,0,0.4) 0%|rgba(10,10,10,0.4) 99%\u00bb background_color_gradient_overlays_image=\u00bbon\u00bb background_image=\u00bbhttps:\/\/biomarato.org\/catalunya\/wp-content\/uploads\/sites\/3\/2024\/12\/hero_mediterrani3.jpg\u00bb parallax=\u00bbon\u00bb parallax_method=\u00bboff\u00bb custom_padding=\u00bb9em||9em||true|false\u00bb top_divider_style=\u00bbwaves2&#8243; top_divider_color=\u00bb#F5FFFE\u00bb bottom_divider_style=\u00bbwaves2&#8243; bottom_divider_color=\u00bb#F5FFFE\u00bb border_width_top=\u00bb5px\u00bb border_color_top=\u00bb#F5FFFE\u00bb border_width_bottom=\u00bb5px\u00bb border_color_bottom=\u00bb#F5FFFE\u00bb global_colors_info=\u00bb{}\u00bb][et_pb_row _builder_version=\u00bb4.27.2&#8243; _module_preset=\u00bb_initial\u00bb global_colors_info=\u00bb{}\u00bb][et_pb_column type=\u00bb4_4&#8243; _builder_version=\u00bb4.27.2&#8243; _module_preset=\u00bbdefault\u00bb global_colors_info=\u00bb{}\u00bb][et_pb_text _builder_version=\u00bb4.27.4&#8243; _module_preset=\u00bb_initial\u00bb text_font=\u00bb|700|||||||\u00bb text_text_color=\u00bb#FFFFFF\u00bb text_font_size=\u00bb45px\u00bb text_line_height=\u00bb1.1em\u00bb text_orientation=\u00bbcenter\u00bb width=\u00bb70%\u00bb module_alignment=\u00bbcenter\u00bb custom_margin=\u00bb0px||0px||false|false\u00bb custom_padding=\u00bb0px||0px||false|false\u00bb text_font_size_tablet=\u00bb45px\u00bb text_font_size_phone=\u00bb32px\u00bb text_font_size_last_edited=\u00bbon|phone\u00bb global_colors_info=\u00bb{}\u00bb]<\/p>\n<p>La BioMARat\u00f3n 2025 ser\u00e1<br \/>del 5 de mayo al 15 de octubre<\/p>\n<p>[\/et_pb_text][\/et_pb_column][\/et_pb_row][\/et_pb_section][et_pb_section fb_built=\u00bb1&#8243; _builder_version=\u00bb4.27.2&#8243; _module_preset=\u00bb_initial\u00bb background_color=\u00bb#F5FFFE\u00bb custom_padding=\u00bb12em||||false|false\u00bb global_colors_info=\u00bb{}\u00bb][et_pb_row column_structure=\u00bb1_2,1_2&#8243; make_equal=\u00bbon\u00bb module_class=\u00bbalign-center\u00bb _builder_version=\u00bb4.27.4&#8243; _module_preset=\u00bb_initial\u00bb global_colors_info=\u00bb{}\u00bb][et_pb_column type=\u00bb1_2&#8243; _builder_version=\u00bb4.27.4&#8243; _module_preset=\u00bbdefault\u00bb custom_padding_tablet=\u00bb|16px||16px|false|true\u00bb custom_padding_phone=\u00bb|16px||16px|false|true\u00bb custom_padding_last_edited=\u00bbon|phone\u00bb custom_css_main_element=\u00bbimg{||  width: revert-layer !important;||}\u00bb global_colors_info=\u00bb{}\u00bb][et_pb_image src=\u00bbhttps:\/\/biomarato.org\/catalunya\/wp-content\/uploads\/sites\/3\/2024\/12\/catalunya-biomarato.jpg\u00bb title_text=\u00bbcatalunya-biomarato\u00bb _builder_version=\u00bb4.27.4&#8243; _module_preset=\u00bb_initial\u00bb custom_margin=\u00bb0em||||false|false\u00bb global_colors_info=\u00bb{}\u00bb][\/et_pb_image][\/et_pb_column][et_pb_column type=\u00bb1_2&#8243; _builder_version=\u00bb4.27.2&#8243; _module_preset=\u00bbdefault\u00bb global_colors_info=\u00bb{}\u00bb][et_pb_text _builder_version=\u00bb4.27.4&#8243; _module_preset=\u00bb_initial\u00bb header_font=\u00bb|800|||||||\u00bb header_text_color=\u00bb#046A83&#8243; header_font_size=\u00bb50px\u00bb header_2_font=\u00bb||||||||\u00bb header_2_text_color=\u00bb#046A83&#8243; header_2_font_size=\u00bb46px\u00bb custom_margin_tablet=\u00bb6em||||false|false\u00bb custom_margin_phone=\u00bb2em||||false|false\u00bb custom_margin_last_edited=\u00bbon|tablet\u00bb custom_padding=\u00bb||0px||false|false\u00bb header_2_font_size_tablet=\u00bb46px\u00bb header_2_font_size_phone=\u00bb34px\u00bb header_2_font_size_last_edited=\u00bbon|phone\u00bb global_colors_info=\u00bb{}\u00bb]<\/p>\n<h2>\u00bfQui\u00e9n la impulsa?<\/h2>\n<p>[\/et_pb_text][et_pb_text _builder_version=\u00bb4.27.4&#8243; _module_preset=\u00bb_initial\u00bb link_font=\u00bb||||on|||#046A83|\u00bb global_colors_info=\u00bb{}\u00bb]<\/p>\n<p>La BioMARat\u00f3n est\u00e1 impulsada por el grupo de investigaci\u00f3n EMBIMOS (EnvironMental and sustainaBility participatory InforMatiOn Systems) del <a href=\"https:\/\/www.icm.csic.es\/ca\" target=\"_blank\" rel=\"noopener\">Institut de Ci\u00e8ncies del Mar (ICM-CSIC)<\/a>.<\/p>\n<p><a href=\"https:\/\/www.icm.csic.es\/ca\/grup-recerca\/environmental-and-sustainability-participatory-information-systems\" target=\"_blank\" rel=\"noopener\">EMBIMOS<\/a> es un grupo de investigaci\u00f3n interdisciplinar que se enfoca en comprender, crear e implementar sistemas de informaci\u00f3n participativos para la toma de decisiones en pro de la sostenibilidad ambiental.<\/p>\n<p>Opera bajo los principios de la ciencia abierta y colaborativa: busca promover lazos de cooperaci\u00f3n entre las distintas h\u00e9lices de participaci\u00f3n como la sociedad civil, las organizaciones no gubernamentales, la academia, la industria y los agentes pol\u00edticos.<\/p>\n<p>[\/et_pb_text][\/et_pb_column][\/et_pb_row][\/et_pb_section]<\/p>\n","protected":false},"excerpt":{"rendered":"<p>VIVE LA CIENCIA CIUDADANALa BioMARat\u00f3n en Catalu\u00f1aLa BioMARat\u00f3n Catalu\u00f1a \u00abPlayas con vida\u00bb es un evento de ciencia ciudadana liderada por el Institut de Ci\u00e8ncies del Mar (ICM-CSIC). Es una competici\u00f3n amistosa que se desarrolla de mayo a octubre y que anima a la ciudadan\u00eda a fotografiar la flora y fauna del litoral de las provincias de Girona, Barcelona y Tarragona. Todas las observaciones se suben a la plataforma MINKA.ObjetivosCatalogar la biodiversidad marina y costera de Catalu\u00f1aAmpliar el conocimiento de las especies de los ecosistemas marinos y el litoral de la costa catalana, as\u00ed como sus patrones de distribuci\u00f3n temporales.Detectar evidencias de los efectos del cambio clim\u00e1tico a trav\u00e9s de la biodiversidad como indicadora.Sensibilizar sobre la riqueza de la biodiversidad marina y transformar la percepci\u00f3n social de nuestras playas, revel\u00e1ndolas como ecosistemas vitales.Conectar a la ciudadan\u00eda con la comunidad cient\u00edfica.En la edici\u00f3n 2024, obtuvimos m\u00e1s de 91.000 observaciones con grado de investigaci\u00f3n, superando las 1.720 especies gracias a la participaci\u00f3n de 481 personas. La BioMARat\u00f3n 2025 ser\u00e1del 5 de mayo al 15 de octubre\u00bfQui\u00e9n la impulsa?La BioMARat\u00f3n est\u00e1 impulsada por el grupo de investigaci\u00f3n EMBIMOS (EnvironMental and sustainaBility participatory InforMatiOn Systems) del Institut de Ci\u00e8ncies del Mar (ICM-CSIC). EMBIMOS es un [&hellip;]<\/p>\n","protected":false},"author":1,"featured_media":0,"parent":0,"menu_order":0,"comment_status":"closed","ping_status":"closed","template":"","meta":{"_acf_changed":false,"_et_pb_use_builder":"on","_et_pb_old_content":"","_et_gb_content_width":"","footnotes":""},"class_list":["post-526","page","type-page","status-publish","hentry"],"acf":[],"yoast_head":"<!-- This site is optimized with the Yoast SEO plugin v27.5 - https:\/\/yoast.com\/product\/yoast-seo-wordpress\/ -->\n<title>La BioMARat\u00f3n en Catalunya - Catalunya<\/title>\n<meta name=\"robots\" content=\"index, follow, max-snippet:-1, max-image-preview:large, max-video-preview:-1\" \/>\n<link rel=\"canonical\" href=\"https:\/\/biomarato.org\/catalunya\/es\/la-biomaraton-en-catalunya\/\" \/>\n<meta property=\"og:locale\" content=\"es_ES\" \/>\n<meta property=\"og:type\" content=\"article\" \/>\n<meta property=\"og:title\" content=\"La BioMARat\u00f3n en Catalunya - Catalunya\" \/>\n<meta property=\"og:description\" content=\"VIVE LA CIENCIA CIUDADANALa BioMARat\u00f3n en Catalu\u00f1aLa BioMARat\u00f3n Catalu\u00f1a \u00abPlayas con vida\u00bb es un evento de ciencia ciudadana liderada por el Institut de Ci\u00e8ncies del Mar (ICM-CSIC). Es una competici\u00f3n amistosa que se desarrolla de mayo a octubre y que anima a la ciudadan\u00eda a fotografiar la flora y fauna del litoral de las provincias de Girona, Barcelona y Tarragona. Todas las observaciones se suben a la plataforma MINKA.ObjetivosCatalogar la biodiversidad marina y costera de Catalu\u00f1aAmpliar el conocimiento de las especies de los ecosistemas marinos y el litoral de la costa catalana, as\u00ed como sus patrones de distribuci\u00f3n temporales.Detectar evidencias de los efectos del cambio clim\u00e1tico a trav\u00e9s de la biodiversidad como indicadora.Sensibilizar sobre la riqueza de la biodiversidad marina y transformar la percepci\u00f3n social de nuestras playas, revel\u00e1ndolas como ecosistemas vitales.Conectar a la ciudadan\u00eda con la comunidad cient\u00edfica.En la edici\u00f3n 2024, obtuvimos m\u00e1s de 91.000 observaciones con grado de investigaci\u00f3n, superando las 1.720 especies gracias a la participaci\u00f3n de 481 personas. La BioMARat\u00f3n 2025 ser\u00e1del 5 de mayo al 15 de octubre\u00bfQui\u00e9n la impulsa?La BioMARat\u00f3n est\u00e1 impulsada por el grupo de investigaci\u00f3n EMBIMOS (EnvironMental and sustainaBility participatory InforMatiOn Systems) del Institut de Ci\u00e8ncies del Mar (ICM-CSIC). EMBIMOS es un [&hellip;]\" \/>\n<meta property=\"og:url\" content=\"https:\/\/biomarato.org\/catalunya\/es\/la-biomaraton-en-catalunya\/\" \/>\n<meta property=\"og:site_name\" content=\"Catalunya\" \/>\n<meta property=\"article:modified_time\" content=\"2025-02-27T16:40:58+00:00\" \/>\n<meta name=\"twitter:card\" content=\"summary_large_image\" \/>\n<meta name=\"twitter:label1\" content=\"Tiempo de lectura\" \/>\n\t<meta name=\"twitter:data1\" content=\"3 minutos\" \/>\n<script type=\"application\/ld+json\" class=\"yoast-schema-graph\">{\"@context\":\"https:\\\/\\\/schema.org\",\"@graph\":[{\"@type\":\"WebPage\",\"@id\":\"https:\\\/\\\/biomarato.org\\\/catalunya\\\/es\\\/la-biomaraton-en-catalunya\\\/\",\"url\":\"https:\\\/\\\/biomarato.org\\\/catalunya\\\/es\\\/la-biomaraton-en-catalunya\\\/\",\"name\":\"La BioMARat\u00f3n en Catalunya - Catalunya\",\"isPartOf\":{\"@id\":\"https:\\\/\\\/biomarato.org\\\/catalunya\\\/es\\\/#website\"},\"datePublished\":\"2024-12-05T15:54:24+00:00\",\"dateModified\":\"2025-02-27T16:40:58+00:00\",\"breadcrumb\":{\"@id\":\"https:\\\/\\\/biomarato.org\\\/catalunya\\\/es\\\/la-biomaraton-en-catalunya\\\/#breadcrumb\"},\"inLanguage\":\"es\",\"potentialAction\":[{\"@type\":\"ReadAction\",\"target\":[\"https:\\\/\\\/biomarato.org\\\/catalunya\\\/es\\\/la-biomaraton-en-catalunya\\\/\"]}]},{\"@type\":\"BreadcrumbList\",\"@id\":\"https:\\\/\\\/biomarato.org\\\/catalunya\\\/es\\\/la-biomaraton-en-catalunya\\\/#breadcrumb\",\"itemListElement\":[{\"@type\":\"ListItem\",\"position\":1,\"name\":\"Inici\",\"item\":\"https:\\\/\\\/biomarato.org\\\/catalunya\\\/es\\\/home\\\/\"},{\"@type\":\"ListItem\",\"position\":2,\"name\":\"La BioMARat\u00f3n en Catalunya\"}]},{\"@type\":\"WebSite\",\"@id\":\"https:\\\/\\\/biomarato.org\\\/catalunya\\\/es\\\/#website\",\"url\":\"https:\\\/\\\/biomarato.org\\\/catalunya\\\/es\\\/\",\"name\":\"Catalunya\",\"description\":\"Una iniciativa per descobrir la biodiversitat marina amb la ci\u00e8ncia ciutadana\",\"potentialAction\":[{\"@type\":\"SearchAction\",\"target\":{\"@type\":\"EntryPoint\",\"urlTemplate\":\"https:\\\/\\\/biomarato.org\\\/catalunya\\\/es\\\/?s={search_term_string}\"},\"query-input\":{\"@type\":\"PropertyValueSpecification\",\"valueRequired\":true,\"valueName\":\"search_term_string\"}}],\"inLanguage\":\"es\"}]}<\/script>\n<!-- \/ Yoast SEO plugin. -->","yoast_head_json":{"title":"La BioMARat\u00f3n en Catalunya - Catalunya","robots":{"index":"index","follow":"follow","max-snippet":"max-snippet:-1","max-image-preview":"max-image-preview:large","max-video-preview":"max-video-preview:-1"},"canonical":"https:\/\/biomarato.org\/catalunya\/es\/la-biomaraton-en-catalunya\/","og_locale":"es_ES","og_type":"article","og_title":"La BioMARat\u00f3n en Catalunya - Catalunya","og_description":"VIVE LA CIENCIA CIUDADANALa BioMARat\u00f3n en Catalu\u00f1aLa BioMARat\u00f3n Catalu\u00f1a \u00abPlayas con vida\u00bb es un evento de ciencia ciudadana liderada por el Institut de Ci\u00e8ncies del Mar (ICM-CSIC). Es una competici\u00f3n amistosa que se desarrolla de mayo a octubre y que anima a la ciudadan\u00eda a fotografiar la flora y fauna del litoral de las provincias de Girona, Barcelona y Tarragona. Todas las observaciones se suben a la plataforma MINKA.ObjetivosCatalogar la biodiversidad marina y costera de Catalu\u00f1aAmpliar el conocimiento de las especies de los ecosistemas marinos y el litoral de la costa catalana, as\u00ed como sus patrones de distribuci\u00f3n temporales.Detectar evidencias de los efectos del cambio clim\u00e1tico a trav\u00e9s de la biodiversidad como indicadora.Sensibilizar sobre la riqueza de la biodiversidad marina y transformar la percepci\u00f3n social de nuestras playas, revel\u00e1ndolas como ecosistemas vitales.Conectar a la ciudadan\u00eda con la comunidad cient\u00edfica.En la edici\u00f3n 2024, obtuvimos m\u00e1s de 91.000 observaciones con grado de investigaci\u00f3n, superando las 1.720 especies gracias a la participaci\u00f3n de 481 personas. La BioMARat\u00f3n 2025 ser\u00e1del 5 de mayo al 15 de octubre\u00bfQui\u00e9n la impulsa?La BioMARat\u00f3n est\u00e1 impulsada por el grupo de investigaci\u00f3n EMBIMOS (EnvironMental and sustainaBility participatory InforMatiOn Systems) del Institut de Ci\u00e8ncies del Mar (ICM-CSIC). EMBIMOS es un [&hellip;]","og_url":"https:\/\/biomarato.org\/catalunya\/es\/la-biomaraton-en-catalunya\/","og_site_name":"Catalunya","article_modified_time":"2025-02-27T16:40:58+00:00","twitter_card":"summary_large_image","twitter_misc":{"Tiempo de lectura":"3 minutos"},"schema":{"@context":"https:\/\/schema.org","@graph":[{"@type":"WebPage","@id":"https:\/\/biomarato.org\/catalunya\/es\/la-biomaraton-en-catalunya\/","url":"https:\/\/biomarato.org\/catalunya\/es\/la-biomaraton-en-catalunya\/","name":"La BioMARat\u00f3n en Catalunya - Catalunya","isPartOf":{"@id":"https:\/\/biomarato.org\/catalunya\/es\/#website"},"datePublished":"2024-12-05T15:54:24+00:00","dateModified":"2025-02-27T16:40:58+00:00","breadcrumb":{"@id":"https:\/\/biomarato.org\/catalunya\/es\/la-biomaraton-en-catalunya\/#breadcrumb"},"inLanguage":"es","potentialAction":[{"@type":"ReadAction","target":["https:\/\/biomarato.org\/catalunya\/es\/la-biomaraton-en-catalunya\/"]}]},{"@type":"BreadcrumbList","@id":"https:\/\/biomarato.org\/catalunya\/es\/la-biomaraton-en-catalunya\/#breadcrumb","itemListElement":[{"@type":"ListItem","position":1,"name":"Inici","item":"https:\/\/biomarato.org\/catalunya\/es\/home\/"},{"@type":"ListItem","position":2,"name":"La BioMARat\u00f3n en Catalunya"}]},{"@type":"WebSite","@id":"https:\/\/biomarato.org\/catalunya\/es\/#website","url":"https:\/\/biomarato.org\/catalunya\/es\/","name":"Catalunya","description":"Una iniciativa per descobrir la biodiversitat marina amb la ci\u00e8ncia ciutadana","potentialAction":[{"@type":"SearchAction","target":{"@type":"EntryPoint","urlTemplate":"https:\/\/biomarato.org\/catalunya\/es\/?s={search_term_string}"},"query-input":{"@type":"PropertyValueSpecification","valueRequired":true,"valueName":"search_term_string"}}],"inLanguage":"es"}]}},"_links":{"self":[{"href":"https:\/\/biomarato.org\/catalunya\/es\/wp-json\/wp\/v2\/pages\/526","targetHints":{"allow":["GET"]}}],"collection":[{"href":"https:\/\/biomarato.org\/catalunya\/es\/wp-json\/wp\/v2\/pages"}],"about":[{"href":"https:\/\/biomarato.org\/catalunya\/es\/wp-json\/wp\/v2\/types\/page"}],"author":[{"embeddable":true,"href":"https:\/\/biomarato.org\/catalunya\/es\/wp-json\/wp\/v2\/users\/1"}],"replies":[{"embeddable":true,"href":"https:\/\/biomarato.org\/catalunya\/es\/wp-json\/wp\/v2\/comments?post=526"}],"version-history":[{"count":6,"href":"https:\/\/biomarato.org\/catalunya\/es\/wp-json\/wp\/v2\/pages\/526\/revisions"}],"predecessor-version":[{"id":640,"href":"https:\/\/biomarato.org\/catalunya\/es\/wp-json\/wp\/v2\/pages\/526\/revisions\/640"}],"wp:attachment":[{"href":"https:\/\/biomarato.org\/catalunya\/es\/wp-json\/wp\/v2\/media?parent=526"}],"curies":[{"name":"wp","href":"https:\/\/api.w.org\/{rel}","templated":true}]}}