{"id":1297,"date":"2024-11-07T08:37:15","date_gmt":"2024-11-07T08:37:15","guid":{"rendered":"https:\/\/biomarato.org\/contact\/"},"modified":"2026-04-08T08:13:21","modified_gmt":"2026-04-08T08:13:21","slug":"contact","status":"publish","type":"page","link":"https:\/\/biomarato.org\/en\/contact\/","title":{"rendered":"Contact"},"content":{"rendered":"<p>[et_pb_section fb_built=&#8221;1&#8243; custom_padding_last_edited=&#8221;on|phone&#8221; _builder_version=&#8221;4.27.2&#8243; _module_preset=&#8221;default&#8221; custom_padding=&#8221;6em||6em||true|false&#8221; custom_padding_tablet=&#8221;3em||3em||true|false&#8221; custom_padding_phone=&#8221;2em||2em||true|false&#8221; locked=&#8221;off&#8221; global_colors_info=&#8221;{}&#8221;][et_pb_row column_structure=&#8221;1_2,1_2&#8243; make_equal=&#8221;on&#8221; module_class=&#8221;align-center  row-to-col-tablet&#8221; _builder_version=&#8221;4.27.4&#8243; _module_preset=&#8221;default&#8221; global_colors_info=&#8221;{}&#8221; custom_css_main_element_last_edited=&#8221;on|tablet&#8221; custom_css_main_element_tablet=&#8221;img {||  width: revert-layer !important||}&#8221; custom_css_main_element_phone=&#8221;img {||  width: revert-layer !important||}&#8221;][et_pb_column type=&#8221;1_2&#8243; _builder_version=&#8221;4.27.2&#8243; _module_preset=&#8221;default&#8221; global_colors_info=&#8221;{}&#8221;][et_pb_text _builder_version=&#8221;4.27.4&#8243; _module_preset=&#8221;default&#8221; header_font=&#8221;|800|||||||&#8221; header_text_color=&#8221;#046A83&#8243; header_font_size=&#8221;50px&#8221; header_2_font=&#8221;||||||||&#8221; header_2_text_color=&#8221;#046A83&#8243; header_2_font_size=&#8221;50px&#8221; global_colors_info=&#8221;{}&#8221;]<\/p>\n<h1>Contact<\/h1>\n<p>[\/et_pb_text][et_pb_text _builder_version=&#8221;4.27.4&#8243; _module_preset=&#8221;default&#8221; custom_margin_tablet=&#8221;||32px||false|false&#8221; custom_margin_phone=&#8221;||32px||false|false&#8221; custom_margin_last_edited=&#8221;on|tablet&#8221; global_colors_info=&#8221;{}&#8221;]<\/p>\n<p><strong>Team coordinator:<\/strong><br \/>Institut de Ci\u00e8ncies del Mar (ICM-CSIC)<br \/>Pg. Mar\u00edtim de la Barceloneta, 37<br \/>Ciutat Vella, 08003 Barcelona <\/p>\n<p>[\/et_pb_text][et_pb_blurb image=&#8221;https:\/\/biomarato.org\/wp-content\/uploads\/2024\/11\/envelope.svg&#8221; icon_placement=&#8221;left&#8221; content_max_width=&#8221;100%&#8221; _builder_version=&#8221;4.27.4&#8243; _module_preset=&#8221;default&#8221; body_text_color=&#8221;#046A83&#8243; body_font_size=&#8221;22px&#8221; body_link_text_color=&#8221;#046A83&#8243; global_colors_info=&#8221;{}&#8221; body_link_text_color__hover_enabled=&#8221;on|hover&#8221; body_link_text_color__hover=&#8221;#5FBFBB&#8221;]<\/p>\n<p><a href=\"mailto:biomarato@minka-sdg.org\">biomarato@minka-sdg.org<\/a><\/p>\n<p>[\/et_pb_blurb][et_pb_blurb image=&#8221;https:\/\/biomarato.org\/wp-content\/uploads\/2024\/11\/instagram-2.svg&#8221; icon_placement=&#8221;left&#8221; content_max_width=&#8221;100%&#8221; _builder_version=&#8221;4.27.4&#8243; _module_preset=&#8221;default&#8221; body_text_color=&#8221;#046A83&#8243; body_font_size=&#8221;22px&#8221; body_link_text_color=&#8221;#046A83&#8243; global_colors_info=&#8221;{}&#8221; body_link_text_color__hover_enabled=&#8221;on|hover&#8221; body_link_text_color__hover=&#8221;#5FBFBB&#8221;]<\/p>\n<p><a href=\"https:\/\/www.instagram.com\/biomarathon.international\">@biomarathon.international<\/a><\/p>\n<p>[\/et_pb_blurb][\/et_pb_column][et_pb_column type=&#8221;1_2&#8243; _builder_version=&#8221;4.27.4&#8243; _module_preset=&#8221;default&#8221; custom_padding_tablet=&#8221;|16px||16px|false|true&#8221; custom_padding_phone=&#8221;|16px||16px|false|true&#8221; custom_padding_last_edited=&#8221;on|phone&#8221; global_colors_info=&#8221;{}&#8221;][et_pb_code _builder_version=&#8221;4.27.6&#8243; _module_preset=&#8221;default&#8221; hover_enabled=&#8221;0&#8243; global_colors_info=&#8221;{}&#8221; sticky_enabled=&#8221;0&#8243;]\n<div class=\"wpcf7 no-js\" id=\"wpcf7-f2228-o1\" lang=\"en-US\" dir=\"ltr\" data-wpcf7-id=\"2228\">\n<div class=\"screen-reader-response\"><p role=\"status\" aria-live=\"polite\" aria-atomic=\"true\"><\/p> <ul><\/ul><\/div>\n<form action=\"\/en\/wp-json\/wp\/v2\/pages\/1297#wpcf7-f2228-o1\" method=\"post\" class=\"wpcf7-form init cf7_2columnas\" aria-label=\"Contact form\" novalidate=\"novalidate\" data-status=\"init\">\n<fieldset class=\"hidden-fields-container\"><input type=\"hidden\" name=\"_wpcf7\" value=\"2228\" \/><input type=\"hidden\" name=\"_wpcf7_version\" value=\"6.1.5\" \/><input type=\"hidden\" name=\"_wpcf7_locale\" value=\"en_US\" \/><input type=\"hidden\" name=\"_wpcf7_unit_tag\" value=\"wpcf7-f2228-o1\" \/><input type=\"hidden\" name=\"_wpcf7_container_post\" value=\"0\" \/><input type=\"hidden\" name=\"_wpcf7_posted_data_hash\" value=\"\" \/>\n<\/fieldset>\n<p><span class=\"wpcf7-form-control-wrap\" data-name=\"your-name\"><input size=\"40\" maxlength=\"400\" class=\"wpcf7-form-control wpcf7-text wpcf7-validates-as-required\" autocomplete=\"name\" aria-required=\"true\" aria-invalid=\"false\" placeholder=\"First name and surname\" value=\"\" type=\"text\" name=\"your-name\" \/><\/span><br \/>\n<span class=\"wpcf7-form-control-wrap\" data-name=\"your-email\"><input size=\"40\" maxlength=\"400\" class=\"wpcf7-form-control wpcf7-email wpcf7-validates-as-required wpcf7-text wpcf7-validates-as-email\" autocomplete=\"email\" aria-required=\"true\" aria-invalid=\"false\" placeholder=\"Email address\" value=\"\" type=\"email\" name=\"your-email\" \/><\/span><br \/>\n<span class=\"wpcf7-form-control-wrap\" data-name=\"your-subject\"><input size=\"40\" maxlength=\"400\" class=\"wpcf7-form-control wpcf7-text wpcf7-validates-as-required\" autocomplete=\"name\" aria-required=\"true\" aria-invalid=\"false\" placeholder=\"Subject\" value=\"\" type=\"text\" name=\"your-subject\" \/><\/span><br \/>\n<span class=\"wpcf7-form-control-wrap\" data-name=\"your-message\"><textarea cols=\"40\" rows=\"10\" maxlength=\"2000\" class=\"wpcf7-form-control wpcf7-textarea\" aria-invalid=\"false\" placeholder=\"Message\" name=\"your-message\"><\/textarea><\/span><br \/>\n<span class=\"wpcf7-form-control-wrap\" data-name=\"grpd\"><span class=\"wpcf7-form-control wpcf7-acceptance\"><span class=\"wpcf7-list-item\"><label><input type=\"checkbox\" name=\"grpd\" value=\"1\" aria-invalid=\"false\" \/><span class=\"wpcf7-list-item-label\">I accept the <a href=\"https:\/\/biomarato.org\/en\/privacy-policy\/\" target=\"_blank\">privacy policy<\/a><\/span><\/label><\/span><\/span><\/span><br \/>\n<button class=\"wpcf7-form-control wpcf7-submit has-spinner et_pb_button et_pb_bg_layout_light\" type=\"submit\" value=\"Submit\">Submit<\/button>\n<\/p><div class=\"wpcf7-response-output\" aria-hidden=\"true\"><\/div>\n<\/form>\n<\/div>\n<!-- [et_pb_line_break_holder] --><!-- [et_pb_line_break_holder] -->[\/et_pb_code][\/et_pb_column][\/et_pb_row][et_pb_row _builder_version=&#8221;4.27.4&#8243; _module_preset=&#8221;default&#8221; global_colors_info=&#8221;{}&#8221;][et_pb_column type=&#8221;4_4&#8243; _builder_version=&#8221;4.27.4&#8243; _module_preset=&#8221;default&#8221; global_colors_info=&#8221;{}&#8221;][\/et_pb_column][\/et_pb_row][et_pb_row column_structure=&#8221;1_2,1_2&#8243; make_equal=&#8221;on&#8221; module_class=&#8221;align-center  row-to-col-tablet&#8221; _builder_version=&#8221;4.27.4&#8243; _module_preset=&#8221;default&#8221; locked=&#8221;off&#8221; global_colors_info=&#8221;{}&#8221; custom_css_main_element_last_edited=&#8221;on|tablet&#8221; custom_css_main_element_tablet=&#8221;img {||  width: revert-layer !important||}&#8221; custom_css_main_element_phone=&#8221;img {||  width: revert-layer !important||}&#8221;][et_pb_column type=&#8221;1_2&#8243; _builder_version=&#8221;4.27.2&#8243; _module_preset=&#8221;default&#8221; global_colors_info=&#8221;{}&#8221;][et_pb_text _builder_version=&#8221;4.27.4&#8243; _module_preset=&#8221;default&#8221; header_font=&#8221;|800|||||||&#8221; header_text_color=&#8221;#046A83&#8243; header_font_size=&#8221;50px&#8221; header_2_font=&#8221;||||||||&#8221; header_2_text_color=&#8221;#046A83&#8243; header_2_font_size=&#8221;50px&#8221; global_colors_info=&#8221;{}&#8221;]<\/p>\n<h1>Corporative image<\/h1>\n<p>[\/et_pb_text][et_pb_text _builder_version=&#8221;4.27.4&#8243; _module_preset=&#8221;default&#8221; custom_margin_tablet=&#8221;||32px||false|false&#8221; custom_margin_phone=&#8221;||32px||false|false&#8221; custom_margin_last_edited=&#8221;on|tablet&#8221; global_colors_info=&#8221;{}&#8221;]<\/p>\n<p><strong>Logos BioMARat\u00f3<\/strong><\/p>\n<p><img loading=\"lazy\" decoding=\"async\" class=\"wp-image-868 alignnone \" src=\"https:\/\/biomarato.org\/wp-content\/uploads\/2024\/11\/logo.svg\" alt=\"\" width=\"118\" height=\"24\"><br \/>PNG (<a href=\"https:\/\/biomarato.org\/wp-content\/uploads\/2025\/03\/Biomarato_logo-01.png\">color<\/a> \/ <a href=\"https:\/\/biomarato.org\/wp-content\/uploads\/2025\/03\/Biomarato_logo-05.png\">black<\/a> \/ <a href=\"https:\/\/biomarato.org\/wp-content\/uploads\/2025\/03\/Biomarato_logo-07.png\">white<\/a> \/ <a href=\"https:\/\/biomarato.org\/wp-content\/uploads\/2025\/03\/Biomarato_logo-03.png\">white and color<\/a>)<br \/>JPG (<a href=\"https:\/\/biomarato.org\/wp-content\/uploads\/2025\/03\/Biomarato_logo-01.jpg\">color<\/a>)<\/p>\n<p><img loading=\"lazy\" decoding=\"async\" class=\"wp-image-1664 alignnone \" src=\"https:\/\/biomarato.org\/wp-content\/uploads\/2025\/03\/Biomarato_logo-02-300x188.png\" alt=\"\" width=\"80\" height=\"50\"><br \/>PNG (<a href=\"https:\/\/biomarato.org\/wp-content\/uploads\/2025\/03\/Biomarato_logo-02.png\">color<\/a> \/ <a href=\"https:\/\/biomarato.org\/wp-content\/uploads\/2025\/03\/Biomarato_logo-06.png\">black<\/a> \/ <a href=\"https:\/\/biomarato.org\/wp-content\/uploads\/2025\/03\/Biomarato_logo-08.png\">white<\/a> \/ <a href=\"https:\/\/biomarato.org\/wp-content\/uploads\/2025\/03\/Biomarato_logo-04.png\">white and color<\/a>)<br \/>JPG (<a href=\"https:\/\/biomarato.org\/wp-content\/uploads\/2025\/03\/Biomarato_logo-02.jpg\">color<\/a>)<\/p>\n<p><a href=\"https:\/\/biomarato.org\/wp-content\/uploads\/2025\/03\/Biomarato_logotip.pdf\">PDF<\/a><br \/><a href=\"https:\/\/drive.google.com\/file\/d\/16tTFansh7BU97mknUyqGpcnv8ArrvaeW\/view?usp=drive_link\" target=\"_blank\" rel=\"noopener\">.SVG<\/a><br \/><a href=\"https:\/\/biomarato.org\/wp-content\/uploads\/2025\/03\/Visual-identity-BioMARato.pdf\">Visual identity guidelines<\/a><\/p>\n<p>[\/et_pb_text][\/et_pb_column][et_pb_column type=&#8221;1_2&#8243; _builder_version=&#8221;4.27.4&#8243; _module_preset=&#8221;default&#8221; custom_padding_tablet=&#8221;|16px||16px|false|true&#8221; custom_padding_phone=&#8221;|16px||16px|false|true&#8221; custom_padding_last_edited=&#8221;on|phone&#8221; global_colors_info=&#8221;{}&#8221;][et_pb_text _builder_version=&#8221;4.27.4&#8243; _module_preset=&#8221;default&#8221; custom_margin_tablet=&#8221;||32px||false|false&#8221; custom_margin_phone=&#8221;||32px||false|false&#8221; custom_margin_last_edited=&#8221;on|tablet&#8221; global_colors_info=&#8221;{}&#8221;]<\/p>\n<p><strong>Logos MINKA<\/strong><\/p>\n<p><img decoding=\"async\" class=\"wp-image-1078 alignnone size-full\" src=\"https:\/\/biomarato.org\/wp-content\/uploads\/2024\/12\/minka.svg\" alt=\"\" width=\"undefined\" height=\"undefined\"><br \/>PNG (<a href=\"https:\/\/biomarato.org\/wp-content\/uploads\/2025\/03\/MINKA-logo_PNG.png\" target=\"_blank\" rel=\"noopener\">color<\/a> \/ <a href=\"https:\/\/biomarato.org\/wp-content\/uploads\/2025\/03\/Copia-de-minka-logo_negro.png\" target=\"_blank\" rel=\"noopener\">black<\/a> \/ <a href=\"https:\/\/biomarato.org\/wp-content\/uploads\/2025\/03\/Copia-de-minka-logo_blanco.png\" target=\"_blank\" rel=\"noopener\">white<\/a>)<br \/><a href=\"https:\/\/biomarato.org\/wp-content\/uploads\/2025\/03\/MINKA_logo_PDF.pdf\" target=\"_blank\" rel=\"noopener\">PDF<\/a><br \/><a href=\"https:\/\/biomarato.org\/wp-content\/uploads\/2025\/03\/minka-logo_vectorial.svg\" target=\"_blank\" rel=\"noopener\">SVG<\/a><br \/><a href=\"https:\/\/biomarato.org\/wp-content\/uploads\/2025\/03\/MINKA-Branding-guide.pdf\" target=\"_blank\" rel=\"noopener\">Branding guide<\/a><\/p>\n<p>[\/et_pb_text][\/et_pb_column][\/et_pb_row][\/et_pb_section]<\/p>\n","protected":false},"excerpt":{"rendered":"<p>ContactTeam coordinator:Institut de Ci\u00e8ncies del Mar (ICM-CSIC)Pg. Mar\u00edtim de la Barceloneta, 37Ciutat Vella, 08003 Barcelona biomarato@minka-sdg.org@biomarathon.international\n<div class=\"wpcf7 no-js\" id=\"wpcf7-f2228-o2\" lang=\"en-US\" dir=\"ltr\" data-wpcf7-id=\"2228\">\n<div class=\"screen-reader-response\"><p role=\"status\" aria-live=\"polite\" aria-atomic=\"true\"><\/p> <ul><\/ul><\/div>\n<form action=\"\/en\/wp-json\/wp\/v2\/pages\/1297#wpcf7-f2228-o2\" method=\"post\" class=\"wpcf7-form init cf7_2columnas\" aria-label=\"Contact form\" novalidate=\"novalidate\" data-status=\"init\">\n<fieldset class=\"hidden-fields-container\"><input type=\"hidden\" name=\"_wpcf7\" value=\"2228\" \/><input type=\"hidden\" name=\"_wpcf7_version\" value=\"6.1.5\" \/><input type=\"hidden\" name=\"_wpcf7_locale\" value=\"en_US\" \/><input type=\"hidden\" name=\"_wpcf7_unit_tag\" value=\"wpcf7-f2228-o2\" \/><input type=\"hidden\" name=\"_wpcf7_container_post\" value=\"0\" \/><input type=\"hidden\" name=\"_wpcf7_posted_data_hash\" value=\"\" \/>\n<\/fieldset>\n<p><span class=\"wpcf7-form-control-wrap\" data-name=\"your-name\"><input size=\"40\" maxlength=\"400\" class=\"wpcf7-form-control wpcf7-text wpcf7-validates-as-required\" autocomplete=\"name\" aria-required=\"true\" aria-invalid=\"false\" placeholder=\"First name and surname\" value=\"\" type=\"text\" name=\"your-name\" \/><\/span><br \/>\n<span class=\"wpcf7-form-control-wrap\" data-name=\"your-email\"><input size=\"40\" maxlength=\"400\" class=\"wpcf7-form-control wpcf7-email wpcf7-validates-as-required wpcf7-text wpcf7-validates-as-email\" autocomplete=\"email\" aria-required=\"true\" aria-invalid=\"false\" placeholder=\"Email address\" value=\"\" type=\"email\" name=\"your-email\" \/><\/span><br \/>\n<span class=\"wpcf7-form-control-wrap\" data-name=\"your-subject\"><input size=\"40\" maxlength=\"400\" class=\"wpcf7-form-control wpcf7-text wpcf7-validates-as-required\" autocomplete=\"name\" aria-required=\"true\" aria-invalid=\"false\" placeholder=\"Subject\" value=\"\" type=\"text\" name=\"your-subject\" \/><\/span><br \/>\n<span class=\"wpcf7-form-control-wrap\" data-name=\"your-message\"><textarea cols=\"40\" rows=\"10\" maxlength=\"2000\" class=\"wpcf7-form-control wpcf7-textarea\" aria-invalid=\"false\" placeholder=\"Message\" name=\"your-message\"><\/textarea><\/span><br \/>\n<span class=\"wpcf7-form-control-wrap\" data-name=\"grpd\"><span class=\"wpcf7-form-control wpcf7-acceptance\"><span class=\"wpcf7-list-item\"><label><input type=\"checkbox\" name=\"grpd\" value=\"1\" aria-invalid=\"false\" \/><span class=\"wpcf7-list-item-label\">I accept the <a href=\"https:\/\/biomarato.org\/en\/privacy-policy\/\" target=\"_blank\">privacy policy<\/a><\/span><\/label><\/span><\/span><\/span><br \/>\n<button class=\"wpcf7-form-control wpcf7-submit has-spinner et_pb_button et_pb_bg_layout_light\" type=\"submit\" value=\"Submit\">Submit<\/button>\n<\/p><div class=\"wpcf7-response-output\" aria-hidden=\"true\"><\/div>\n<\/form>\n<\/div>\nCorporative imageLogos BioMARat\u00f3 PNG (color \/ black \/ white \/ white and color)JPG (color) PNG (color \/ black \/ white \/ white and color)JPG (color) PDF.SVGVisual identity guidelinesLogos MINKA PNG (color \/ black \/ white)PDFSVGBranding guide<\/p>\n","protected":false},"author":1,"featured_media":0,"parent":0,"menu_order":0,"comment_status":"closed","ping_status":"closed","template":"","meta":{"_acf_changed":false,"_et_pb_use_builder":"on","_et_pb_old_content":"","_et_gb_content_width":"","footnotes":""},"class_list":["post-1297","page","type-page","status-publish","hentry"],"acf":[],"yoast_head":"<!-- This site is optimized with the Yoast SEO plugin v27.4 - https:\/\/yoast.com\/product\/yoast-seo-wordpress\/ -->\n<title>Contact - BioMarat\u00f3<\/title>\n<meta name=\"robots\" content=\"index, follow, max-snippet:-1, max-image-preview:large, max-video-preview:-1\" \/>\n<link rel=\"canonical\" href=\"https:\/\/biomarato.org\/en\/contact\/\" \/>\n<meta property=\"og:locale\" content=\"en_US\" \/>\n<meta property=\"og:type\" content=\"article\" \/>\n<meta property=\"og:title\" content=\"Contact - BioMarat\u00f3\" \/>\n<meta property=\"og:description\" content=\"ContactTeam coordinator:Institut de Ci\u00e8ncies del Mar (ICM-CSIC)Pg. Mar\u00edtim de la Barceloneta, 37Ciutat Vella, 08003 Barcelona biomarato@minka-sdg.org@biomarathon.internationalCorporative imageLogos BioMARat\u00f3 PNG (color \/ black \/ white \/ white and color)JPG (color) PNG (color \/ black \/ white \/ white and color)JPG (color) PDF.SVGVisual identity guidelinesLogos MINKA PNG (color \/ black \/ white)PDFSVGBranding guide\" \/>\n<meta property=\"og:url\" content=\"https:\/\/biomarato.org\/en\/contact\/\" \/>\n<meta property=\"og:site_name\" content=\"BioMarat\u00f3\" \/>\n<meta property=\"article:modified_time\" content=\"2026-04-08T08:13:21+00:00\" \/>\n<meta property=\"og:image\" content=\"https:\/\/biomarato.org\/wp-content\/uploads\/2024\/11\/logo.svg\" \/>\n<meta name=\"twitter:card\" content=\"summary_large_image\" \/>\n<meta name=\"twitter:label1\" content=\"Est. reading time\" \/>\n\t<meta name=\"twitter:data1\" content=\"2 minutes\" \/>\n<script type=\"application\/ld+json\" class=\"yoast-schema-graph\">{\"@context\":\"https:\\\/\\\/schema.org\",\"@graph\":[{\"@type\":\"WebPage\",\"@id\":\"https:\\\/\\\/biomarato.org\\\/en\\\/contact\\\/\",\"url\":\"https:\\\/\\\/biomarato.org\\\/en\\\/contact\\\/\",\"name\":\"Contact - BioMarat\u00f3\",\"isPartOf\":{\"@id\":\"https:\\\/\\\/biomarato.org\\\/en\\\/#website\"},\"primaryImageOfPage\":{\"@id\":\"https:\\\/\\\/biomarato.org\\\/en\\\/contact\\\/#primaryimage\"},\"image\":{\"@id\":\"https:\\\/\\\/biomarato.org\\\/en\\\/contact\\\/#primaryimage\"},\"thumbnailUrl\":\"https:\\\/\\\/biomarato.org\\\/wp-content\\\/uploads\\\/2024\\\/11\\\/logo.svg\",\"datePublished\":\"2024-11-07T08:37:15+00:00\",\"dateModified\":\"2026-04-08T08:13:21+00:00\",\"breadcrumb\":{\"@id\":\"https:\\\/\\\/biomarato.org\\\/en\\\/contact\\\/#breadcrumb\"},\"inLanguage\":\"en-US\",\"potentialAction\":[{\"@type\":\"ReadAction\",\"target\":[\"https:\\\/\\\/biomarato.org\\\/en\\\/contact\\\/\"]}]},{\"@type\":\"ImageObject\",\"inLanguage\":\"en-US\",\"@id\":\"https:\\\/\\\/biomarato.org\\\/en\\\/contact\\\/#primaryimage\",\"url\":\"https:\\\/\\\/biomarato.org\\\/wp-content\\\/uploads\\\/2024\\\/11\\\/logo.svg\",\"contentUrl\":\"https:\\\/\\\/biomarato.org\\\/wp-content\\\/uploads\\\/2024\\\/11\\\/logo.svg\"},{\"@type\":\"BreadcrumbList\",\"@id\":\"https:\\\/\\\/biomarato.org\\\/en\\\/contact\\\/#breadcrumb\",\"itemListElement\":[{\"@type\":\"ListItem\",\"position\":1,\"name\":\"Inici\",\"item\":\"https:\\\/\\\/biomarato.org\\\/en\\\/\"},{\"@type\":\"ListItem\",\"position\":2,\"name\":\"Contact\"}]},{\"@type\":\"WebSite\",\"@id\":\"https:\\\/\\\/biomarato.org\\\/en\\\/#website\",\"url\":\"https:\\\/\\\/biomarato.org\\\/en\\\/\",\"name\":\"BioMarat\u00f3\",\"description\":\"Uneix-te a la gran aventura\",\"potentialAction\":[{\"@type\":\"SearchAction\",\"target\":{\"@type\":\"EntryPoint\",\"urlTemplate\":\"https:\\\/\\\/biomarato.org\\\/en\\\/?s={search_term_string}\"},\"query-input\":{\"@type\":\"PropertyValueSpecification\",\"valueRequired\":true,\"valueName\":\"search_term_string\"}}],\"inLanguage\":\"en-US\"}]}<\/script>\n<!-- \/ Yoast SEO plugin. -->","yoast_head_json":{"title":"Contact - BioMarat\u00f3","robots":{"index":"index","follow":"follow","max-snippet":"max-snippet:-1","max-image-preview":"max-image-preview:large","max-video-preview":"max-video-preview:-1"},"canonical":"https:\/\/biomarato.org\/en\/contact\/","og_locale":"en_US","og_type":"article","og_title":"Contact - BioMarat\u00f3","og_description":"ContactTeam coordinator:Institut de Ci\u00e8ncies del Mar (ICM-CSIC)Pg. Mar\u00edtim de la Barceloneta, 37Ciutat Vella, 08003 Barcelona biomarato@minka-sdg.org@biomarathon.internationalCorporative imageLogos BioMARat\u00f3 PNG (color \/ black \/ white \/ white and color)JPG (color) PNG (color \/ black \/ white \/ white and color)JPG (color) PDF.SVGVisual identity guidelinesLogos MINKA PNG (color \/ black \/ white)PDFSVGBranding guide","og_url":"https:\/\/biomarato.org\/en\/contact\/","og_site_name":"BioMarat\u00f3","article_modified_time":"2026-04-08T08:13:21+00:00","og_image":[{"url":"https:\/\/biomarato.org\/wp-content\/uploads\/2024\/11\/logo.svg","type":"","width":"","height":""}],"twitter_card":"summary_large_image","twitter_misc":{"Est. reading time":"2 minutes"},"schema":{"@context":"https:\/\/schema.org","@graph":[{"@type":"WebPage","@id":"https:\/\/biomarato.org\/en\/contact\/","url":"https:\/\/biomarato.org\/en\/contact\/","name":"Contact - BioMarat\u00f3","isPartOf":{"@id":"https:\/\/biomarato.org\/en\/#website"},"primaryImageOfPage":{"@id":"https:\/\/biomarato.org\/en\/contact\/#primaryimage"},"image":{"@id":"https:\/\/biomarato.org\/en\/contact\/#primaryimage"},"thumbnailUrl":"https:\/\/biomarato.org\/wp-content\/uploads\/2024\/11\/logo.svg","datePublished":"2024-11-07T08:37:15+00:00","dateModified":"2026-04-08T08:13:21+00:00","breadcrumb":{"@id":"https:\/\/biomarato.org\/en\/contact\/#breadcrumb"},"inLanguage":"en-US","potentialAction":[{"@type":"ReadAction","target":["https:\/\/biomarato.org\/en\/contact\/"]}]},{"@type":"ImageObject","inLanguage":"en-US","@id":"https:\/\/biomarato.org\/en\/contact\/#primaryimage","url":"https:\/\/biomarato.org\/wp-content\/uploads\/2024\/11\/logo.svg","contentUrl":"https:\/\/biomarato.org\/wp-content\/uploads\/2024\/11\/logo.svg"},{"@type":"BreadcrumbList","@id":"https:\/\/biomarato.org\/en\/contact\/#breadcrumb","itemListElement":[{"@type":"ListItem","position":1,"name":"Inici","item":"https:\/\/biomarato.org\/en\/"},{"@type":"ListItem","position":2,"name":"Contact"}]},{"@type":"WebSite","@id":"https:\/\/biomarato.org\/en\/#website","url":"https:\/\/biomarato.org\/en\/","name":"BioMarat\u00f3","description":"Uneix-te a la gran aventura","potentialAction":[{"@type":"SearchAction","target":{"@type":"EntryPoint","urlTemplate":"https:\/\/biomarato.org\/en\/?s={search_term_string}"},"query-input":{"@type":"PropertyValueSpecification","valueRequired":true,"valueName":"search_term_string"}}],"inLanguage":"en-US"}]}},"_links":{"self":[{"href":"https:\/\/biomarato.org\/en\/wp-json\/wp\/v2\/pages\/1297","targetHints":{"allow":["GET"]}}],"collection":[{"href":"https:\/\/biomarato.org\/en\/wp-json\/wp\/v2\/pages"}],"about":[{"href":"https:\/\/biomarato.org\/en\/wp-json\/wp\/v2\/types\/page"}],"author":[{"embeddable":true,"href":"https:\/\/biomarato.org\/en\/wp-json\/wp\/v2\/users\/1"}],"replies":[{"embeddable":true,"href":"https:\/\/biomarato.org\/en\/wp-json\/wp\/v2\/comments?post=1297"}],"version-history":[{"count":22,"href":"https:\/\/biomarato.org\/en\/wp-json\/wp\/v2\/pages\/1297\/revisions"}],"predecessor-version":[{"id":2243,"href":"https:\/\/biomarato.org\/en\/wp-json\/wp\/v2\/pages\/1297\/revisions\/2243"}],"wp:attachment":[{"href":"https:\/\/biomarato.org\/en\/wp-json\/wp\/v2\/media?parent=1297"}],"curies":[{"name":"wp","href":"https:\/\/api.w.org\/{rel}","templated":true}]}}