{"id":1351,"date":"2024-11-07T08:37:09","date_gmt":"2024-11-07T08:37:09","guid":{"rendered":"https:\/\/biomarato.org\/results\/"},"modified":"2025-05-09T08:36:51","modified_gmt":"2025-05-09T08:36:51","slug":"results","status":"publish","type":"page","link":"https:\/\/biomarato.org\/en\/results\/","title":{"rendered":"Results"},"content":{"rendered":"<p>[et_pb_section fb_built=&#8221;1&#8243; custom_padding_last_edited=&#8221;on|phone&#8221; _builder_version=&#8221;4.27.2&#8243; _module_preset=&#8221;default&#8221; custom_padding=&#8221;6em||6em||true|false&#8221; custom_padding_tablet=&#8221;6em||6em||true|false&#8221; custom_padding_phone=&#8221;0em||0em||true|false&#8221; locked=&#8221;off&#8221; global_colors_info=&#8221;{}&#8221;][et_pb_row column_structure=&#8221;2_3,1_3&#8243; make_equal=&#8221;on&#8221; module_class=&#8221;align-center fila_sangre &#8221; _builder_version=&#8221;4.27.2&#8243; _module_preset=&#8221;default&#8221; custom_css_main_element=&#8221;img{||  width: revert-layer !important;||}&#8221; global_colors_info=&#8221;{}&#8221;][et_pb_column type=&#8221;2_3&#8243; _builder_version=&#8221;4.27.2&#8243; _module_preset=&#8221;default&#8221; global_colors_info=&#8221;{}&#8221;][et_pb_text _builder_version=&#8221;4.27.2&#8243; _module_preset=&#8221;default&#8221; text_font=&#8221;|600||on|||||&#8221; text_line_height=&#8221;1.1em&#8221; width=&#8221;90%&#8221; global_colors_info=&#8221;{}&#8221;]<\/p>\n<p>LEARN ABOUT GLOBAL MARINE BIODIVERSITY<\/p>\n<p>[\/et_pb_text][et_pb_text _builder_version=&#8221;4.27.2&#8243; _module_preset=&#8221;default&#8221; header_font=&#8221;|800|||||||&#8221; header_text_color=&#8221;#046A83&#8243; header_font_size=&#8221;50px&#8221; header_2_font=&#8221;||||||||&#8221; header_2_text_color=&#8221;#046A83&#8243; header_2_font_size=&#8221;50px&#8221; header_font_size_tablet=&#8221;50px&#8221; header_font_size_phone=&#8221;40px&#8221; header_font_size_last_edited=&#8221;on|phone&#8221; global_colors_info=&#8221;{}&#8221;]<\/p>\n<h1>The Bio<span class=\"color_light_turquoise\">MAR<\/span>at\u00f3<br \/>results<\/h1>\n<p>[\/et_pb_text][et_pb_text _builder_version=&#8221;4.27.2&#8243; _module_preset=&#8221;default&#8221; custom_margin_tablet=&#8221;||32px||false|false&#8221; custom_margin_phone=&#8221;||0px||false|false&#8221; custom_margin_last_edited=&#8221;on|phone&#8221; global_colors_info=&#8221;{}&#8221;]<\/p>\n<p>BioMARat\u00f3 held around the world collect and share data on the species observed, how many people took part and other important metrics that reflect the success of the initiatives.<\/p>\n<p>Check the results of the BioMARat\u00f3 2024 in real time and see the data from previous editions.<\/p>\n<p>[\/et_pb_text][et_pb_code _builder_version=&#8221;4.27.4&#8243; _module_preset=&#8221;default&#8221; hover_enabled=&#8221;0&#8243; global_colors_info=&#8221;{}&#8221; custom_css_main_element_last_edited=&#8221;on|phone&#8221; custom_css_main_element_phone=&#8221;zoom: 0.4;&#8221; sticky_enabled=&#8221;0&#8243;]<iframe title=\"BioMARat\u00f3 2024 in numbers\" aria-label=\"Table\" id=\"datawrapper-chart-Ol692\" src=\"https:\/\/datawrapper.dwcdn.net\/Ol692\/\"scrolling=\"no\" frameborder=\"0\" style=\"width: 0; min-width: 100% !important; border: none;\" height=\"181\" data-external=\"1\"><\/iframe><script type=\"text\/javascript\">!function(){\"use strict\";window.addEventListener(\"message\",(function(a){if(void 0!==a.data[\"datawrapper-height\"]){var e=document.querySelectorAll(\"iframe\");for(var t in\u00a0a.data[\"datawrapper-height\"])for(var r=0;r<e.length;r++)if(e[r].contentWindow===a.source){var i=a.data[\"datawrapper-height\"][t]+\"px\";e[r].style.height=i}}}))}();<!-- [et_pb_line_break_holder] --><\/script>[\/et_pb_code][et_pb_code _builder_version=&#8221;4.27.4&#8243; _module_preset=&#8221;default&#8221; global_colors_info=&#8221;{}&#8221;]<div class=\"et_pb_row sites_holder_row et_pb_equal_columns et_pb_gutters2\"><a class=\"tag filter_location\" href=\"https:\/\/biomarato.org\/catalunya\/en\/results\/\"><i class=\"fi fi-rr-marker\"><\/i> Catalonia<\/a><\/div>[\/et_pb_code][\/et_pb_column][et_pb_column type=&#8221;1_3&#8243; module_class=&#8221;sangre_derecha flex align-center&#8221; _builder_version=&#8221;4.27.2&#8243; _module_preset=&#8221;default&#8221; global_colors_info=&#8221;{}&#8221;][\/et_pb_column][\/et_pb_row][\/et_pb_section]<\/p>\n","protected":false},"excerpt":{"rendered":"<p>LEARN ABOUT GLOBAL MARINE BIODIVERSITYThe BioMARat\u00f3resultsBioMARat\u00f3 held around the world collect and share data on the species observed, how many people took part and other important metrics that reflect the success of the initiatives. Check the results of the BioMARat\u00f3 2024 in real time and see the data from previous editions.<div class=\"et_pb_row sites_holder_row et_pb_equal_columns et_pb_gutters2\"><a class=\"tag filter_location\" href=\"https:\/\/biomarato.org\/catalunya\/en\/results\/\"><i class=\"fi fi-rr-marker\"><\/i> Catalonia<\/a><\/div><\/p>\n","protected":false},"author":1,"featured_media":0,"parent":0,"menu_order":0,"comment_status":"closed","ping_status":"closed","template":"","meta":{"_acf_changed":false,"_et_pb_use_builder":"on","_et_pb_old_content":"","_et_gb_content_width":"","footnotes":""},"class_list":["post-1351","page","type-page","status-publish","hentry"],"acf":[],"yoast_head":"<!-- This site is optimized with the Yoast SEO plugin v27.4 - https:\/\/yoast.com\/product\/yoast-seo-wordpress\/ -->\n<title>Results - BioMarat\u00f3<\/title>\n<meta name=\"robots\" content=\"index, follow, max-snippet:-1, max-image-preview:large, max-video-preview:-1\" \/>\n<link rel=\"canonical\" href=\"https:\/\/biomarato.org\/en\/results\/\" \/>\n<meta property=\"og:locale\" content=\"en_US\" \/>\n<meta property=\"og:type\" content=\"article\" \/>\n<meta property=\"og:title\" content=\"Results - BioMarat\u00f3\" \/>\n<meta property=\"og:description\" content=\"LEARN ABOUT GLOBAL MARINE BIODIVERSITYThe BioMARat\u00f3resultsBioMARat\u00f3 held around the world collect and share data on the species observed, how many people took part and other important metrics that reflect the success of the initiatives. Check the results of the BioMARat\u00f3 2024 in real time and see the data from previous editions.\" \/>\n<meta property=\"og:url\" content=\"https:\/\/biomarato.org\/en\/results\/\" \/>\n<meta property=\"og:site_name\" content=\"BioMarat\u00f3\" \/>\n<meta property=\"article:modified_time\" content=\"2025-05-09T08:36:51+00:00\" \/>\n<meta name=\"twitter:card\" content=\"summary_large_image\" \/>\n<meta name=\"twitter:label1\" content=\"Est. reading time\" \/>\n\t<meta name=\"twitter:data1\" content=\"1 minute\" \/>\n<script type=\"application\/ld+json\" class=\"yoast-schema-graph\">{\"@context\":\"https:\\\/\\\/schema.org\",\"@graph\":[{\"@type\":\"WebPage\",\"@id\":\"https:\\\/\\\/biomarato.org\\\/en\\\/results\\\/\",\"url\":\"https:\\\/\\\/biomarato.org\\\/en\\\/results\\\/\",\"name\":\"Results - BioMarat\u00f3\",\"isPartOf\":{\"@id\":\"https:\\\/\\\/biomarato.org\\\/en\\\/#website\"},\"datePublished\":\"2024-11-07T08:37:09+00:00\",\"dateModified\":\"2025-05-09T08:36:51+00:00\",\"breadcrumb\":{\"@id\":\"https:\\\/\\\/biomarato.org\\\/en\\\/results\\\/#breadcrumb\"},\"inLanguage\":\"en-US\",\"potentialAction\":[{\"@type\":\"ReadAction\",\"target\":[\"https:\\\/\\\/biomarato.org\\\/en\\\/results\\\/\"]}]},{\"@type\":\"BreadcrumbList\",\"@id\":\"https:\\\/\\\/biomarato.org\\\/en\\\/results\\\/#breadcrumb\",\"itemListElement\":[{\"@type\":\"ListItem\",\"position\":1,\"name\":\"Inici\",\"item\":\"https:\\\/\\\/biomarato.org\\\/en\\\/\"},{\"@type\":\"ListItem\",\"position\":2,\"name\":\"Results\"}]},{\"@type\":\"WebSite\",\"@id\":\"https:\\\/\\\/biomarato.org\\\/en\\\/#website\",\"url\":\"https:\\\/\\\/biomarato.org\\\/en\\\/\",\"name\":\"BioMarat\u00f3\",\"description\":\"Uneix-te a la gran aventura\",\"potentialAction\":[{\"@type\":\"SearchAction\",\"target\":{\"@type\":\"EntryPoint\",\"urlTemplate\":\"https:\\\/\\\/biomarato.org\\\/en\\\/?s={search_term_string}\"},\"query-input\":{\"@type\":\"PropertyValueSpecification\",\"valueRequired\":true,\"valueName\":\"search_term_string\"}}],\"inLanguage\":\"en-US\"}]}<\/script>\n<!-- \/ Yoast SEO plugin. -->","yoast_head_json":{"title":"Results - BioMarat\u00f3","robots":{"index":"index","follow":"follow","max-snippet":"max-snippet:-1","max-image-preview":"max-image-preview:large","max-video-preview":"max-video-preview:-1"},"canonical":"https:\/\/biomarato.org\/en\/results\/","og_locale":"en_US","og_type":"article","og_title":"Results - BioMarat\u00f3","og_description":"LEARN ABOUT GLOBAL MARINE BIODIVERSITYThe BioMARat\u00f3resultsBioMARat\u00f3 held around the world collect and share data on the species observed, how many people took part and other important metrics that reflect the success of the initiatives. Check the results of the BioMARat\u00f3 2024 in real time and see the data from previous editions.","og_url":"https:\/\/biomarato.org\/en\/results\/","og_site_name":"BioMarat\u00f3","article_modified_time":"2025-05-09T08:36:51+00:00","twitter_card":"summary_large_image","twitter_misc":{"Est. reading time":"1 minute"},"schema":{"@context":"https:\/\/schema.org","@graph":[{"@type":"WebPage","@id":"https:\/\/biomarato.org\/en\/results\/","url":"https:\/\/biomarato.org\/en\/results\/","name":"Results - BioMarat\u00f3","isPartOf":{"@id":"https:\/\/biomarato.org\/en\/#website"},"datePublished":"2024-11-07T08:37:09+00:00","dateModified":"2025-05-09T08:36:51+00:00","breadcrumb":{"@id":"https:\/\/biomarato.org\/en\/results\/#breadcrumb"},"inLanguage":"en-US","potentialAction":[{"@type":"ReadAction","target":["https:\/\/biomarato.org\/en\/results\/"]}]},{"@type":"BreadcrumbList","@id":"https:\/\/biomarato.org\/en\/results\/#breadcrumb","itemListElement":[{"@type":"ListItem","position":1,"name":"Inici","item":"https:\/\/biomarato.org\/en\/"},{"@type":"ListItem","position":2,"name":"Results"}]},{"@type":"WebSite","@id":"https:\/\/biomarato.org\/en\/#website","url":"https:\/\/biomarato.org\/en\/","name":"BioMarat\u00f3","description":"Uneix-te a la gran aventura","potentialAction":[{"@type":"SearchAction","target":{"@type":"EntryPoint","urlTemplate":"https:\/\/biomarato.org\/en\/?s={search_term_string}"},"query-input":{"@type":"PropertyValueSpecification","valueRequired":true,"valueName":"search_term_string"}}],"inLanguage":"en-US"}]}},"_links":{"self":[{"href":"https:\/\/biomarato.org\/en\/wp-json\/wp\/v2\/pages\/1351","targetHints":{"allow":["GET"]}}],"collection":[{"href":"https:\/\/biomarato.org\/en\/wp-json\/wp\/v2\/pages"}],"about":[{"href":"https:\/\/biomarato.org\/en\/wp-json\/wp\/v2\/types\/page"}],"author":[{"embeddable":true,"href":"https:\/\/biomarato.org\/en\/wp-json\/wp\/v2\/users\/1"}],"replies":[{"embeddable":true,"href":"https:\/\/biomarato.org\/en\/wp-json\/wp\/v2\/comments?post=1351"}],"version-history":[{"count":3,"href":"https:\/\/biomarato.org\/en\/wp-json\/wp\/v2\/pages\/1351\/revisions"}],"predecessor-version":[{"id":1873,"href":"https:\/\/biomarato.org\/en\/wp-json\/wp\/v2\/pages\/1351\/revisions\/1873"}],"wp:attachment":[{"href":"https:\/\/biomarato.org\/en\/wp-json\/wp\/v2\/media?parent=1351"}],"curies":[{"name":"wp","href":"https:\/\/api.w.org\/{rel}","templated":true}]}}