{"id":1408,"date":"2024-11-27T09:18:51","date_gmt":"2024-11-27T09:18:51","guid":{"rendered":"https:\/\/biomarato.org\/legal-notice\/"},"modified":"2025-01-24T12:37:10","modified_gmt":"2025-01-24T12:37:10","slug":"legal-notice","status":"publish","type":"page","link":"https:\/\/biomarato.org\/en\/legal-notice\/","title":{"rendered":"Legal Notice"},"content":{"rendered":"<p>[et_pb_section fb_built=&#8221;1&#8243; theme_builder_area=&#8221;post_content&#8221; _builder_version=&#8221;4.27.4&#8243; _module_preset=&#8221;default&#8221;][et_pb_row _builder_version=&#8221;4.27.4&#8243; _module_preset=&#8221;default&#8221; theme_builder_area=&#8221;post_content&#8221; column_structure=&#8221;2_3,1_3&#8243;][et_pb_column _builder_version=&#8221;4.27.4&#8243; _module_preset=&#8221;default&#8221; type=&#8221;2_3&#8243; theme_builder_area=&#8221;post_content&#8221;][et_pb_text _builder_version=&#8221;4.27.4&#8243; _module_preset=&#8221;default&#8221; theme_builder_area=&#8221;post_content&#8221; header_text_color=&#8221;#046A83&#8243; header_font_size=&#8221;50px&#8221; hover_enabled=&#8221;0&#8243; sticky_enabled=&#8221;0&#8243;]<\/p>\n<h1>Legal Notice<\/h1>\n<p>[\/et_pb_text][et_pb_text _builder_version=&#8221;4.27.4&#8243; _module_preset=&#8221;default&#8221; theme_builder_area=&#8221;post_content&#8221; hover_enabled=&#8221;0&#8243; sticky_enabled=&#8221;0&#8243; text_font_size=&#8221;16px&#8221; link_text_color=&#8221;#5FBFBB&#8221;]<\/p>\n<div class=\"elementor-element elementor-element-6208334 elementor-widget elementor-widget-text-editor\" data-id=\"6208334\" data-element_type=\"widget\" data-widget_type=\"text-editor.default\">\n<div class=\"elementor-widget-container\">\n<ul>\n<li>Official name: Institute of Marine Sciences (ICM), of the Spanish National Research Council (CSIC)<\/li>\n<li>Official address: Passeig Mar\u00edtim de la Barceloneta, 37-49 08003-Barcelona<\/li>\n<li>The data protection officer (DPO) for the BioMARat\u00f3 project can be found at:<\/li>\n<li>CSIC, Spanish National Research Council<\/li>\n<li>Department of Law, Jos\u00e9 L\u00f3pez Calvo<\/li>\n<li>Email: <a href=\"mailto:delegadoprotecciondatos@csic.es\">delegadoprotecciondatos@csic.es<\/a><\/li>\n<li>More information: http:\/\/digital.csic.es\/dc\/politicas\/politicaDatos.jsp<\/li>\n<\/ul>\n<\/div>\n<\/div>\n<div class=\"elementor-element elementor-element-b58ae78 elementor-widget elementor-widget-heading\" data-id=\"b58ae78\" data-element_type=\"widget\" data-widget_type=\"heading.default\">\n<div class=\"elementor-widget-container\"><\/div>\n<\/div>\n<div class=\"elementor-element elementor-element-8355982 elementor-widget elementor-widget-text-editor\" data-id=\"8355982\" data-element_type=\"widget\" data-widget_type=\"text-editor.default\">\n<div class=\"elementor-widget-container\"><\/div>\n<\/div>\n<p>[\/et_pb_text][et_pb_text _builder_version=&#8221;4.27.4&#8243; _module_preset=&#8221;default&#8221; theme_builder_area=&#8221;post_content&#8221; hover_enabled=&#8221;0&#8243; sticky_enabled=&#8221;0&#8243; text_font_size=&#8221;16px&#8221; link_text_color=&#8221;#5FBFBB&#8221; header_2_text_color=&#8221;#046A83&#8243; header_2_font_size=&#8221;28px&#8221;]<\/p>\n<div class=\"elementor-element elementor-element-6208334 elementor-widget elementor-widget-text-editor\" data-id=\"6208334\" data-element_type=\"widget\" data-widget_type=\"text-editor.default\">\n<div class=\"elementor-widget-container\">\n<div class=\"elementor-element elementor-element-b58ae78 elementor-widget elementor-widget-heading\" data-id=\"b58ae78\" data-element_type=\"widget\" data-widget_type=\"heading.default\">\n<h2>1. Consent to the Processing of Personal Data<\/h2>\n<p>This domain contains all organizational and executive information related to Cos4Cloud, a project funded by H2020 and coordinated by the Institute of Marine Sciences. The Institute of Marine Sciences, as the entity responsible for the website, hereinafter ICM-CSIC, provides this document to users to comply with the obligations established in Law 34\/2002, of July 11, on Information Society Services and E-Commerce (LSSICE), BOE No. 166, and to inform website users of the terms of use. Anyone visiting this website assumes the role of user and agrees to observe and comply with the rules outlined here, as well as any other applicable legal regulations. ICM-CSIC reserves the right to modify any information that may appear on the website without the obligation to notify users of these changes, as it will be sufficient to publish them on the Cos4Cloud website.   <\/p>\n<\/div>\n<\/div>\n<\/div>\n<p>[\/et_pb_text][et_pb_text _builder_version=&#8221;4.27.4&#8243; _module_preset=&#8221;default&#8221; theme_builder_area=&#8221;post_content&#8221; hover_enabled=&#8221;0&#8243; sticky_enabled=&#8221;0&#8243; text_font_size=&#8221;16px&#8221; link_text_color=&#8221;#5FBFBB&#8221; header_2_text_color=&#8221;#046A83&#8243; header_2_font_size=&#8221;28px&#8221;]<\/p>\n<div class=\"elementor-element elementor-element-6208334 elementor-widget elementor-widget-text-editor\" data-id=\"6208334\" data-element_type=\"widget\" data-widget_type=\"text-editor.default\">\n<div class=\"elementor-widget-container\">\n<div class=\"elementor-element elementor-element-b58ae78 elementor-widget elementor-widget-heading\" data-id=\"b58ae78\" data-element_type=\"widget\" data-widget_type=\"heading.default\">\n<h2>2. Purposes<\/h2>\n<p>In accordance with the aforementioned regulations, ICM-CSIC informs users that personal data collected through the forms on this website will be used to provide services derived from its activity, manage requests, conduct statistical studies, and send communications and information about activities, publications, or programs that may be of interest to the user through any electronic means.<\/p>\n<\/div>\n<\/div>\n<\/div>\n<p>[\/et_pb_text][et_pb_text _builder_version=&#8221;4.27.4&#8243; _module_preset=&#8221;default&#8221; theme_builder_area=&#8221;post_content&#8221; hover_enabled=&#8221;0&#8243; sticky_enabled=&#8221;0&#8243; text_font_size=&#8221;16px&#8221; link_text_color=&#8221;#5FBFBB&#8221; header_2_text_color=&#8221;#046A83&#8243; header_2_font_size=&#8221;28px&#8221;]<\/p>\n<div class=\"elementor-element elementor-element-6208334 elementor-widget elementor-widget-text-editor\" data-id=\"6208334\" data-element_type=\"widget\" data-widget_type=\"text-editor.default\">\n<div class=\"elementor-widget-container\">\n<div class=\"elementor-element elementor-element-b58ae78 elementor-widget elementor-widget-heading\" data-id=\"b58ae78\" data-element_type=\"widget\" data-widget_type=\"heading.default\">\n<h2>3. Responsibility for Content<\/h2>\n<p>ICM-CSIC is not responsible for the legality of third-party websites that users may access through this website. ICM-CSIC will also not be responsible for the legality of third-party websites that may link to or from this website. <\/p>\n<p>ICM-CSIC reserves the right to modify, suspend, cancel, or restrict the content of this website and the links or information obtained from it without prior notice. ICM-CSIC will not be liable for any issues arising from misuse of this website or the information and services it contains. <\/p>\n<p>ICM-CSIC is not responsible for third-party websites that users may access via links from this site or for content provided by third parties.<\/p>\n<\/div>\n<\/div>\n<\/div>\n<p>[\/et_pb_text][et_pb_text _builder_version=&#8221;4.27.4&#8243; _module_preset=&#8221;default&#8221; theme_builder_area=&#8221;post_content&#8221; hover_enabled=&#8221;0&#8243; sticky_enabled=&#8221;0&#8243; text_font_size=&#8221;16px&#8221; link_text_color=&#8221;#5FBFBB&#8221; header_2_text_color=&#8221;#046A83&#8243; header_2_font_size=&#8221;28px&#8221;]<\/p>\n<div class=\"elementor-element elementor-element-6208334 elementor-widget elementor-widget-text-editor\" data-id=\"6208334\" data-element_type=\"widget\" data-widget_type=\"text-editor.default\">\n<div class=\"elementor-widget-container\">\n<div class=\"elementor-element elementor-element-b58ae78 elementor-widget elementor-widget-heading\" data-id=\"b58ae78\" data-element_type=\"widget\" data-widget_type=\"heading.default\">\n<h2>4. Disclaimer<\/h2>\n<p>ICM-CSIC is not responsible for any information published on the website if this information has been manipulated or posted by a third party.<\/p>\n<p><strong>Link Policy<\/strong><\/p>\n<p>This website may contain links to third-party website content. As ICM-CSIC cannot always control the content posted by third parties on their own websites, it is not responsible for such content. In any case, ICM-CSIC will immediately remove any content that may infringe national or international laws, moral codes, or public order, notifying the relevant authorities of the content in question.  <\/p>\n<p>ICM-CSIC is not responsible for the information and content stored, including but not limited to forums, chats, blog generators, comments, social networks, or any other means that allow third parties to post content beyond ICM-CSIC&#8217;s control. <\/p>\n<p>However, in accordance with Articles 11 and 16 of the LSSICE, ICM-CSIC will be available to all users, authorities, and law enforcement, actively cooperating to remove or, if necessary, block any content that may affect or violate national or international legislation, the rights of third parties, or moral codes and public order. If users believe that any content on the website belongs to this category, they are asked to notify the website administrator immediately.  <\/p>\n<p>This website has been reviewed and tested to ensure it functions correctly. In theory, it should operate correctly 24 hours a day, 365 days a year. However, ICM-CSIC cannot rule out the possibility of programming errors or that circumstances beyond its control, such as force majeure, natural disasters, strikes, or similar events, may prevent access to the website.  <\/p>\n<\/div>\n<\/div>\n<\/div>\n<p>[\/et_pb_text][et_pb_text _builder_version=&#8221;4.27.4&#8243; _module_preset=&#8221;default&#8221; theme_builder_area=&#8221;post_content&#8221; hover_enabled=&#8221;0&#8243; sticky_enabled=&#8221;0&#8243; text_font_size=&#8221;16px&#8221; link_text_color=&#8221;#5FBFBB&#8221; header_2_text_color=&#8221;#046A83&#8243; header_2_font_size=&#8221;28px&#8221;]<\/p>\n<div class=\"elementor-element elementor-element-6208334 elementor-widget elementor-widget-text-editor\" data-id=\"6208334\" data-element_type=\"widget\" data-widget_type=\"text-editor.default\">\n<div class=\"elementor-widget-container\">\n<div class=\"elementor-element elementor-element-b58ae78 elementor-widget elementor-widget-heading\" data-id=\"b58ae78\" data-element_type=\"widget\" data-widget_type=\"heading.default\">\n<h2>5. Applicable Law and Jurisdiction<\/h2>\n<p>Any conflict or controversy arising from the interpretation of the terms and conditions of this legal disclaimer, or any issue related to the services provided by this website, will be subject to the jurisdiction of Spanish legislation.<\/p>\n<\/div>\n<\/div>\n<\/div>\n<p>[\/et_pb_text][\/et_pb_column][et_pb_column _builder_version=&#8221;4.27.4&#8243; _module_preset=&#8221;default&#8221; type=&#8221;1_3&#8243; theme_builder_area=&#8221;post_content&#8221;][\/et_pb_column][\/et_pb_row][\/et_pb_section]<\/p>\n","protected":false},"excerpt":{"rendered":"<p>Legal Notice Official name: Institute of Marine Sciences (ICM), of the Spanish National Research Council (CSIC) Official address: Passeig Mar\u00edtim de la Barceloneta, 37-49 08003-Barcelona The data protection officer (DPO) for the BioMARat\u00f3 project can be found at: CSIC, Spanish National Research Council Department of Law, Jos\u00e9 L\u00f3pez Calvo Email: delegadoprotecciondatos@csic.es More information: http:\/\/digital.csic.es\/dc\/politicas\/politicaDatos.jsp 1. Consent to the Processing of Personal Data This domain contains all organizational and executive information related to Cos4Cloud, a project funded by H2020 and coordinated by the Institute of Marine Sciences. The Institute of Marine Sciences, as the entity responsible for the website, hereinafter ICM-CSIC, provides this document to users to comply with the obligations established in Law 34\/2002, of July 11, on Information Society Services and E-Commerce (LSSICE), BOE No. 166, and to inform website users of the terms of use. Anyone visiting this website assumes the role of user and agrees to observe and comply with the rules outlined here, as well as any other applicable legal regulations. ICM-CSIC reserves the right to modify any information that may appear on the website without the obligation to notify users of these changes, as it will be sufficient to publish them on the Cos4Cloud website. [&hellip;]<\/p>\n","protected":false},"author":1,"featured_media":0,"parent":0,"menu_order":0,"comment_status":"closed","ping_status":"closed","template":"","meta":{"_acf_changed":false,"_et_pb_use_builder":"on","_et_pb_old_content":"","_et_gb_content_width":"","footnotes":""},"class_list":["post-1408","page","type-page","status-publish","hentry"],"acf":[],"yoast_head":"<!-- This site is optimized with the Yoast SEO plugin v27.4 - https:\/\/yoast.com\/product\/yoast-seo-wordpress\/ -->\n<title>Legal Notice - BioMarat\u00f3<\/title>\n<meta name=\"robots\" content=\"index, follow, max-snippet:-1, max-image-preview:large, max-video-preview:-1\" \/>\n<link rel=\"canonical\" href=\"https:\/\/biomarato.org\/en\/legal-notice\/\" \/>\n<meta property=\"og:locale\" content=\"en_US\" \/>\n<meta property=\"og:type\" content=\"article\" \/>\n<meta property=\"og:title\" content=\"Legal Notice - BioMarat\u00f3\" \/>\n<meta property=\"og:description\" content=\"Legal Notice Official name: Institute of Marine Sciences (ICM), of the Spanish National Research Council (CSIC) Official address: Passeig Mar\u00edtim de la Barceloneta, 37-49 08003-Barcelona The data protection officer (DPO) for the BioMARat\u00f3 project can be found at: CSIC, Spanish National Research Council Department of Law, Jos\u00e9 L\u00f3pez Calvo Email: delegadoprotecciondatos@csic.es More information: http:\/\/digital.csic.es\/dc\/politicas\/politicaDatos.jsp 1. Consent to the Processing of Personal Data This domain contains all organizational and executive information related to Cos4Cloud, a project funded by H2020 and coordinated by the Institute of Marine Sciences. The Institute of Marine Sciences, as the entity responsible for the website, hereinafter ICM-CSIC, provides this document to users to comply with the obligations established in Law 34\/2002, of July 11, on Information Society Services and E-Commerce (LSSICE), BOE No. 166, and to inform website users of the terms of use. Anyone visiting this website assumes the role of user and agrees to observe and comply with the rules outlined here, as well as any other applicable legal regulations. ICM-CSIC reserves the right to modify any information that may appear on the website without the obligation to notify users of these changes, as it will be sufficient to publish them on the Cos4Cloud website. [&hellip;]\" \/>\n<meta property=\"og:url\" content=\"https:\/\/biomarato.org\/en\/legal-notice\/\" \/>\n<meta property=\"og:site_name\" content=\"BioMarat\u00f3\" \/>\n<meta property=\"article:modified_time\" content=\"2025-01-24T12:37:10+00:00\" \/>\n<meta name=\"twitter:card\" content=\"summary_large_image\" \/>\n<meta name=\"twitter:label1\" content=\"Est. reading time\" \/>\n\t<meta name=\"twitter:data1\" content=\"5 minutes\" \/>\n<script type=\"application\/ld+json\" class=\"yoast-schema-graph\">{\"@context\":\"https:\\\/\\\/schema.org\",\"@graph\":[{\"@type\":\"WebPage\",\"@id\":\"https:\\\/\\\/biomarato.org\\\/en\\\/legal-notice\\\/\",\"url\":\"https:\\\/\\\/biomarato.org\\\/en\\\/legal-notice\\\/\",\"name\":\"Legal Notice - BioMarat\u00f3\",\"isPartOf\":{\"@id\":\"https:\\\/\\\/biomarato.org\\\/en\\\/#website\"},\"datePublished\":\"2024-11-27T09:18:51+00:00\",\"dateModified\":\"2025-01-24T12:37:10+00:00\",\"breadcrumb\":{\"@id\":\"https:\\\/\\\/biomarato.org\\\/en\\\/legal-notice\\\/#breadcrumb\"},\"inLanguage\":\"en-US\",\"potentialAction\":[{\"@type\":\"ReadAction\",\"target\":[\"https:\\\/\\\/biomarato.org\\\/en\\\/legal-notice\\\/\"]}]},{\"@type\":\"BreadcrumbList\",\"@id\":\"https:\\\/\\\/biomarato.org\\\/en\\\/legal-notice\\\/#breadcrumb\",\"itemListElement\":[{\"@type\":\"ListItem\",\"position\":1,\"name\":\"Inici\",\"item\":\"https:\\\/\\\/biomarato.org\\\/en\\\/\"},{\"@type\":\"ListItem\",\"position\":2,\"name\":\"Legal Notice\"}]},{\"@type\":\"WebSite\",\"@id\":\"https:\\\/\\\/biomarato.org\\\/en\\\/#website\",\"url\":\"https:\\\/\\\/biomarato.org\\\/en\\\/\",\"name\":\"BioMarat\u00f3\",\"description\":\"Uneix-te a la gran aventura\",\"potentialAction\":[{\"@type\":\"SearchAction\",\"target\":{\"@type\":\"EntryPoint\",\"urlTemplate\":\"https:\\\/\\\/biomarato.org\\\/en\\\/?s={search_term_string}\"},\"query-input\":{\"@type\":\"PropertyValueSpecification\",\"valueRequired\":true,\"valueName\":\"search_term_string\"}}],\"inLanguage\":\"en-US\"}]}<\/script>\n<!-- \/ Yoast SEO plugin. -->","yoast_head_json":{"title":"Legal Notice - BioMarat\u00f3","robots":{"index":"index","follow":"follow","max-snippet":"max-snippet:-1","max-image-preview":"max-image-preview:large","max-video-preview":"max-video-preview:-1"},"canonical":"https:\/\/biomarato.org\/en\/legal-notice\/","og_locale":"en_US","og_type":"article","og_title":"Legal Notice - BioMarat\u00f3","og_description":"Legal Notice Official name: Institute of Marine Sciences (ICM), of the Spanish National Research Council (CSIC) Official address: Passeig Mar\u00edtim de la Barceloneta, 37-49 08003-Barcelona The data protection officer (DPO) for the BioMARat\u00f3 project can be found at: CSIC, Spanish National Research Council Department of Law, Jos\u00e9 L\u00f3pez Calvo Email: delegadoprotecciondatos@csic.es More information: http:\/\/digital.csic.es\/dc\/politicas\/politicaDatos.jsp 1. Consent to the Processing of Personal Data This domain contains all organizational and executive information related to Cos4Cloud, a project funded by H2020 and coordinated by the Institute of Marine Sciences. The Institute of Marine Sciences, as the entity responsible for the website, hereinafter ICM-CSIC, provides this document to users to comply with the obligations established in Law 34\/2002, of July 11, on Information Society Services and E-Commerce (LSSICE), BOE No. 166, and to inform website users of the terms of use. Anyone visiting this website assumes the role of user and agrees to observe and comply with the rules outlined here, as well as any other applicable legal regulations. ICM-CSIC reserves the right to modify any information that may appear on the website without the obligation to notify users of these changes, as it will be sufficient to publish them on the Cos4Cloud website. [&hellip;]","og_url":"https:\/\/biomarato.org\/en\/legal-notice\/","og_site_name":"BioMarat\u00f3","article_modified_time":"2025-01-24T12:37:10+00:00","twitter_card":"summary_large_image","twitter_misc":{"Est. reading time":"5 minutes"},"schema":{"@context":"https:\/\/schema.org","@graph":[{"@type":"WebPage","@id":"https:\/\/biomarato.org\/en\/legal-notice\/","url":"https:\/\/biomarato.org\/en\/legal-notice\/","name":"Legal Notice - BioMarat\u00f3","isPartOf":{"@id":"https:\/\/biomarato.org\/en\/#website"},"datePublished":"2024-11-27T09:18:51+00:00","dateModified":"2025-01-24T12:37:10+00:00","breadcrumb":{"@id":"https:\/\/biomarato.org\/en\/legal-notice\/#breadcrumb"},"inLanguage":"en-US","potentialAction":[{"@type":"ReadAction","target":["https:\/\/biomarato.org\/en\/legal-notice\/"]}]},{"@type":"BreadcrumbList","@id":"https:\/\/biomarato.org\/en\/legal-notice\/#breadcrumb","itemListElement":[{"@type":"ListItem","position":1,"name":"Inici","item":"https:\/\/biomarato.org\/en\/"},{"@type":"ListItem","position":2,"name":"Legal Notice"}]},{"@type":"WebSite","@id":"https:\/\/biomarato.org\/en\/#website","url":"https:\/\/biomarato.org\/en\/","name":"BioMarat\u00f3","description":"Uneix-te a la gran aventura","potentialAction":[{"@type":"SearchAction","target":{"@type":"EntryPoint","urlTemplate":"https:\/\/biomarato.org\/en\/?s={search_term_string}"},"query-input":{"@type":"PropertyValueSpecification","valueRequired":true,"valueName":"search_term_string"}}],"inLanguage":"en-US"}]}},"_links":{"self":[{"href":"https:\/\/biomarato.org\/en\/wp-json\/wp\/v2\/pages\/1408","targetHints":{"allow":["GET"]}}],"collection":[{"href":"https:\/\/biomarato.org\/en\/wp-json\/wp\/v2\/pages"}],"about":[{"href":"https:\/\/biomarato.org\/en\/wp-json\/wp\/v2\/types\/page"}],"author":[{"embeddable":true,"href":"https:\/\/biomarato.org\/en\/wp-json\/wp\/v2\/users\/1"}],"replies":[{"embeddable":true,"href":"https:\/\/biomarato.org\/en\/wp-json\/wp\/v2\/comments?post=1408"}],"version-history":[{"count":2,"href":"https:\/\/biomarato.org\/en\/wp-json\/wp\/v2\/pages\/1408\/revisions"}],"predecessor-version":[{"id":1410,"href":"https:\/\/biomarato.org\/en\/wp-json\/wp\/v2\/pages\/1408\/revisions\/1410"}],"wp:attachment":[{"href":"https:\/\/biomarato.org\/en\/wp-json\/wp\/v2\/media?parent=1408"}],"curies":[{"name":"wp","href":"https:\/\/api.w.org\/{rel}","templated":true}]}}