{"id":1421,"date":"2024-11-27T09:23:36","date_gmt":"2024-11-27T09:23:36","guid":{"rendered":"https:\/\/biomarato.org\/privacy-policy\/"},"modified":"2025-01-24T15:35:16","modified_gmt":"2025-01-24T15:35:16","slug":"privacy-policy","status":"publish","type":"page","link":"https:\/\/biomarato.org\/en\/privacy-policy\/","title":{"rendered":"Privacy Policy"},"content":{"rendered":"<p>[et_pb_section fb_built=&#8221;1&#8243; _builder_version=&#8221;4.27.4&#8243; _module_preset=&#8221;default&#8221; global_colors_info=&#8221;{}&#8221; theme_builder_area=&#8221;post_content&#8221;][et_pb_row column_structure=&#8221;2_3,1_3&#8243; _builder_version=&#8221;4.27.4&#8243; _module_preset=&#8221;default&#8221; global_colors_info=&#8221;{}&#8221; theme_builder_area=&#8221;post_content&#8221;][et_pb_column type=&#8221;2_3&#8243; _builder_version=&#8221;4.27.4&#8243; _module_preset=&#8221;default&#8221; global_colors_info=&#8221;{}&#8221; theme_builder_area=&#8221;post_content&#8221;][et_pb_text _builder_version=&#8221;4.27.4&#8243; _module_preset=&#8221;default&#8221; header_text_color=&#8221;#046A83&#8243; header_font_size=&#8221;50px&#8221; hover_enabled=&#8221;0&#8243; global_colors_info=&#8221;{}&#8221; theme_builder_area=&#8221;post_content&#8221; sticky_enabled=&#8221;0&#8243;]<\/p>\n<h1>Privacy Policy<\/h1>\n<p>[\/et_pb_text][et_pb_text _builder_version=&#8221;4.27.4&#8243; _module_preset=&#8221;default&#8221; text_font_size=&#8221;16px&#8221; link_text_color=&#8221;#5FBFBB&#8221; header_2_text_color=&#8221;#046A83&#8243; header_2_font_size=&#8221;28px&#8221; hover_enabled=&#8221;0&#8243; global_colors_info=&#8221;{}&#8221; theme_builder_area=&#8221;post_content&#8221; sticky_enabled=&#8221;0&#8243;]<\/p>\n<div class=\"elementor-element elementor-element-6208334 elementor-widget elementor-widget-text-editor\" data-id=\"6208334\" data-element_type=\"widget\" data-widget_type=\"text-editor.default\">\n<div class=\"elementor-widget-container\">\n<div class=\"elementor-element elementor-element-b58ae78 elementor-widget elementor-widget-heading\" data-id=\"b58ae78\" data-element_type=\"widget\" data-widget_type=\"heading.default\">\n<h2>1. User Consent<\/h2>\n<p>By completing and submitting the forms on this website, the user expressly agrees that their personal data will be automatically processed by ICM-CSIC.<\/p>\n<p>ICM-CSIC notifies that the personal data provided will be shared with the organizers: Federaci\u00f3 Catalana d\u2019Activitats Subaqu\u00e0tiques (FECDAS), An\u00e8l\u00b7lides-Serveis Ambientals, Pl\u00e0ncton Diving and Associaci\u00f3 Oce\u00e1nicos. The legitimate reason for these transfers will be the activities organized within the framework of the BioMARat\u00f3 or the performance of academic research. <\/p>\n<p>The data will be retained as long as there is mutual interest for which it was collected, and when this purpose no longer exists, it will be deleted with appropriate security measures to ensure the pseudonymization of the data or its complete destruction.<\/p>\n<p>The user declares that all the information provided is accurate and correct and agrees to notify ICM-CSIC of any changes that may occur in this information.<\/p>\n<p>Some of the information requested by ICM-CSIC is mandatory, as these data are necessary to provide an optimal service to the user. If the user does not provide all this data, ICM-CSIC cannot guarantee that the information and services provided will fully meet their needs. ICM-CSIC notifies users when data is mandatory and\/or necessary for the proper functioning of the service.  <\/p>\n<p>Furthermore, if users submit personal data about a third party through the forms on this website, they must first obtain the consent of that party and inform them of the content of the previous paragraphs.<\/p>\n<p>ICM-CSIC reserves the right to take photographs and record videos of the events and activities it organizes. By accepting this legal disclaimer when registering for these events, participants expressly provide prior authorization and consent to ICM-CSIC to use any image of the user participating in an event organized by ICM-CSIC to broadcast it on a live information channel, record it on video, or disseminate it openly, in accordance with the right to one&#8217;s own image, as established in Article 18 of the Spanish Constitution, and the right to honor, personal and family privacy, and one&#8217;s own image, as established in Organic Law 1\/1982, of May 5. <\/p>\n<p>However, the user can refuse to be recorded or photographed at any time by notifying ICM-CSIC as outlined in the following legal disclaimer.<\/p>\n<\/div>\n<\/div>\n<\/div>\n<p>[\/et_pb_text][et_pb_text _builder_version=&#8221;4.27.4&#8243; _module_preset=&#8221;default&#8221; text_font_size=&#8221;16px&#8221; link_text_color=&#8221;#5FBFBB&#8221; header_2_text_color=&#8221;#046A83&#8243; header_2_font_size=&#8221;28px&#8221; hover_enabled=&#8221;0&#8243; global_colors_info=&#8221;{}&#8221; theme_builder_area=&#8221;post_content&#8221; sticky_enabled=&#8221;0&#8243;]<\/p>\n<div class=\"elementor-element elementor-element-6208334 elementor-widget elementor-widget-text-editor\" data-id=\"6208334\" data-element_type=\"widget\" data-widget_type=\"text-editor.default\">\n<div class=\"elementor-widget-container\">\n<div class=\"elementor-element elementor-element-b58ae78 elementor-widget elementor-widget-heading\" data-id=\"b58ae78\" data-element_type=\"widget\" data-widget_type=\"heading.default\">\n<h2>2. Security<\/h2>\n<p>In accordance with current data protection regulations, ICM-CSIC complies with all provisions of the GDPR regarding the processing of data under its custody, and specifically with the principles described in Article 5 of the GDPR, which ensure that data is processed lawfully, fairly, and in a transparent manner, and that the data processing is limited to what is necessary for the purposes for which it was provided.<\/p>\n<p>ICM-CSIC ensures that it has implemented adequate technical and organizational policies to apply the security measures established by the GDPR to protect the rights and freedoms of users, and has duly notified them of the necessary information to exercise these rights.<\/p>\n<\/div>\n<\/div>\n<\/div>\n<p>[\/et_pb_text][et_pb_text _builder_version=&#8221;4.27.4&#8243; _module_preset=&#8221;default&#8221; text_font_size=&#8221;16px&#8221; link_text_color=&#8221;#5FBFBB&#8221; header_2_text_color=&#8221;#046A83&#8243; header_2_font_size=&#8221;28px&#8221; hover_enabled=&#8221;0&#8243; global_colors_info=&#8221;{}&#8221; theme_builder_area=&#8221;post_content&#8221; sticky_enabled=&#8221;0&#8243;]<\/p>\n<div class=\"elementor-element elementor-element-6208334 elementor-widget elementor-widget-text-editor\" data-id=\"6208334\" data-element_type=\"widget\" data-widget_type=\"text-editor.default\">\n<div class=\"elementor-widget-container\">\n<div class=\"elementor-element elementor-element-b58ae78 elementor-widget elementor-widget-heading\" data-id=\"b58ae78\" data-element_type=\"widget\" data-widget_type=\"heading.default\">\n<h2>3. Detailed Information on Personal Data Processing<\/h2>\n<p>Some of the data collected on the platform is obtained through the use of third-party services. Below are the details of the data collected and how it is used: <\/p>\n<p><strong>User Contact Information<\/strong><br \/>User contact form. Personal data collected: name, surname, email, affiliation <\/p>\n<p>FUser event registration form. Personal data collected: name, surname, email, affiliation, and various other types of data. <\/p>\n<p><strong>Statistics<\/strong><\/p>\n<ul>\n<li>Google Analytics. Personal data collected: anonymous IP address. Cookies and usage data.  <\/li>\n<li>WordPress Statistics (Automattic Inc.)<\/li>\n<li>WordPress Stats (Automattic Inc.). Personal Data processed: Cookies; Usage Data. <\/li>\n<\/ul>\n<p><strong>Tag Management<\/strong><br \/>Google Tag Manager. Personal data collected: cookies and usage data.<\/p>\n<p><strong>Platform and Hosting Service<\/strong><br \/>WordPress.com (Automattic Inc.). Personal data processed: various types of data as specified in the service&#8217;s privacy policy.<\/p>\n<p><strong>Contact and Communication Management.<\/strong><br \/>Mailchimp. Personal data collected: email, name and surname, affiliation, language <\/p>\n<p><strong>Social Media Interaction<\/strong><br \/>Social buttons and widgets from Facebook, Twitter, YouTube, Instagram, social media buttons and widgets from AddThis. Personal data collected: cookies and usage data.<\/p>\n<\/div>\n<\/div>\n<\/div>\n<p>[\/et_pb_text][et_pb_text _builder_version=&#8221;4.27.4&#8243; _module_preset=&#8221;default&#8221; text_font_size=&#8221;16px&#8221; link_text_color=&#8221;#5FBFBB&#8221; header_2_text_color=&#8221;#046A83&#8243; header_2_font_size=&#8221;28px&#8221; hover_enabled=&#8221;0&#8243; global_colors_info=&#8221;{}&#8221; theme_builder_area=&#8221;post_content&#8221; sticky_enabled=&#8221;0&#8243;]<\/p>\n<div class=\"elementor-element elementor-element-6208334 elementor-widget elementor-widget-text-editor\" data-id=\"6208334\" data-element_type=\"widget\" data-widget_type=\"text-editor.default\">\n<div class=\"elementor-widget-container\">\n<div class=\"elementor-element elementor-element-b58ae78 elementor-widget elementor-widget-heading\" data-id=\"b58ae78\" data-element_type=\"widget\" data-widget_type=\"heading.default\">\n<h2>4. Applicable Law and Jurisdiction<\/h2>\n<p>Right to revoke consent at any time. Right of access, rectification, deletion, request for portability or limitation, or opposition to the processing of your data. Right to file a complaint with the competent supervisory authority (agpd.es) if you believe that the processing of personal data does not comply with current regulations.  <\/p>\n<p>Contact details to exercise your rights: through the form <a href=\"https:\/\/www.csic.es\/en\/information-request\">https:\/\/www.csic.es\/en\/information-request<\/a> or by email to <a href=\"mailto:delegadoprotecciondatos@csic.es\">delegadoprotecciondatos@csic.es<\/a>.<\/p>\n<\/div>\n<\/div>\n<\/div>\n<p>[\/et_pb_text][\/et_pb_column][et_pb_column type=&#8221;1_3&#8243; _builder_version=&#8221;4.27.4&#8243; _module_preset=&#8221;default&#8221; global_colors_info=&#8221;{}&#8221; theme_builder_area=&#8221;post_content&#8221;][\/et_pb_column][\/et_pb_row][\/et_pb_section]<\/p>\n","protected":false},"excerpt":{"rendered":"<p>Privacy Policy 1. User Consent By completing and submitting the forms on this website, the user expressly agrees that their personal data will be automatically processed by ICM-CSIC. ICM-CSIC notifies that the personal data provided will be shared with the organizers: Federaci\u00f3 Catalana d\u2019Activitats Subaqu\u00e0tiques (FECDAS), An\u00e8l\u00b7lides-Serveis Ambientals, Pl\u00e0ncton Diving and Associaci\u00f3 Oce\u00e1nicos. The legitimate reason for these transfers will be the activities organized within the framework of the BioMARat\u00f3 or the performance of academic research. The data will be retained as long as there is mutual interest for which it was collected, and when this purpose no longer exists, it will be deleted with appropriate security measures to ensure the pseudonymization of the data or its complete destruction. The user declares that all the information provided is accurate and correct and agrees to notify ICM-CSIC of any changes that may occur in this information. Some of the information requested by ICM-CSIC is mandatory, as these data are necessary to provide an optimal service to the user. If the user does not provide all this data, ICM-CSIC cannot guarantee that the information and services provided will fully meet their needs. ICM-CSIC notifies users when data is mandatory and\/or necessary for [&hellip;]<\/p>\n","protected":false},"author":1,"featured_media":0,"parent":0,"menu_order":0,"comment_status":"closed","ping_status":"closed","template":"","meta":{"_acf_changed":false,"_et_pb_use_builder":"on","_et_pb_old_content":"","_et_gb_content_width":"","footnotes":""},"class_list":["post-1421","page","type-page","status-publish","hentry"],"acf":[],"yoast_head":"<!-- This site is optimized with the Yoast SEO plugin v27.4 - https:\/\/yoast.com\/product\/yoast-seo-wordpress\/ -->\n<title>Privacy Policy - BioMarat\u00f3<\/title>\n<meta name=\"robots\" content=\"index, follow, max-snippet:-1, max-image-preview:large, max-video-preview:-1\" \/>\n<link rel=\"canonical\" href=\"https:\/\/biomarato.org\/en\/privacy-policy\/\" \/>\n<meta property=\"og:locale\" content=\"en_US\" \/>\n<meta property=\"og:type\" content=\"article\" \/>\n<meta property=\"og:title\" content=\"Privacy Policy - BioMarat\u00f3\" \/>\n<meta property=\"og:description\" content=\"Privacy Policy 1. User Consent By completing and submitting the forms on this website, the user expressly agrees that their personal data will be automatically processed by ICM-CSIC. ICM-CSIC notifies that the personal data provided will be shared with the organizers: Federaci\u00f3 Catalana d\u2019Activitats Subaqu\u00e0tiques (FECDAS), An\u00e8l\u00b7lides-Serveis Ambientals, Pl\u00e0ncton Diving and Associaci\u00f3 Oce\u00e1nicos. The legitimate reason for these transfers will be the activities organized within the framework of the BioMARat\u00f3 or the performance of academic research. The data will be retained as long as there is mutual interest for which it was collected, and when this purpose no longer exists, it will be deleted with appropriate security measures to ensure the pseudonymization of the data or its complete destruction. The user declares that all the information provided is accurate and correct and agrees to notify ICM-CSIC of any changes that may occur in this information. Some of the information requested by ICM-CSIC is mandatory, as these data are necessary to provide an optimal service to the user. If the user does not provide all this data, ICM-CSIC cannot guarantee that the information and services provided will fully meet their needs. ICM-CSIC notifies users when data is mandatory and\/or necessary for [&hellip;]\" \/>\n<meta property=\"og:url\" content=\"https:\/\/biomarato.org\/en\/privacy-policy\/\" \/>\n<meta property=\"og:site_name\" content=\"BioMarat\u00f3\" \/>\n<meta property=\"article:modified_time\" content=\"2025-01-24T15:35:16+00:00\" \/>\n<meta name=\"twitter:card\" content=\"summary_large_image\" \/>\n<meta name=\"twitter:label1\" content=\"Est. reading time\" \/>\n\t<meta name=\"twitter:data1\" content=\"5 minutes\" \/>\n<script type=\"application\/ld+json\" class=\"yoast-schema-graph\">{\"@context\":\"https:\\\/\\\/schema.org\",\"@graph\":[{\"@type\":\"WebPage\",\"@id\":\"https:\\\/\\\/biomarato.org\\\/en\\\/privacy-policy\\\/\",\"url\":\"https:\\\/\\\/biomarato.org\\\/en\\\/privacy-policy\\\/\",\"name\":\"Privacy Policy - BioMarat\u00f3\",\"isPartOf\":{\"@id\":\"https:\\\/\\\/biomarato.org\\\/en\\\/#website\"},\"datePublished\":\"2024-11-27T09:23:36+00:00\",\"dateModified\":\"2025-01-24T15:35:16+00:00\",\"breadcrumb\":{\"@id\":\"https:\\\/\\\/biomarato.org\\\/en\\\/privacy-policy\\\/#breadcrumb\"},\"inLanguage\":\"en-US\",\"potentialAction\":[{\"@type\":\"ReadAction\",\"target\":[\"https:\\\/\\\/biomarato.org\\\/en\\\/privacy-policy\\\/\"]}]},{\"@type\":\"BreadcrumbList\",\"@id\":\"https:\\\/\\\/biomarato.org\\\/en\\\/privacy-policy\\\/#breadcrumb\",\"itemListElement\":[{\"@type\":\"ListItem\",\"position\":1,\"name\":\"Inici\",\"item\":\"https:\\\/\\\/biomarato.org\\\/en\\\/\"},{\"@type\":\"ListItem\",\"position\":2,\"name\":\"Privacy Policy\"}]},{\"@type\":\"WebSite\",\"@id\":\"https:\\\/\\\/biomarato.org\\\/en\\\/#website\",\"url\":\"https:\\\/\\\/biomarato.org\\\/en\\\/\",\"name\":\"BioMarat\u00f3\",\"description\":\"Uneix-te a la gran aventura\",\"potentialAction\":[{\"@type\":\"SearchAction\",\"target\":{\"@type\":\"EntryPoint\",\"urlTemplate\":\"https:\\\/\\\/biomarato.org\\\/en\\\/?s={search_term_string}\"},\"query-input\":{\"@type\":\"PropertyValueSpecification\",\"valueRequired\":true,\"valueName\":\"search_term_string\"}}],\"inLanguage\":\"en-US\"}]}<\/script>\n<!-- \/ Yoast SEO plugin. -->","yoast_head_json":{"title":"Privacy Policy - BioMarat\u00f3","robots":{"index":"index","follow":"follow","max-snippet":"max-snippet:-1","max-image-preview":"max-image-preview:large","max-video-preview":"max-video-preview:-1"},"canonical":"https:\/\/biomarato.org\/en\/privacy-policy\/","og_locale":"en_US","og_type":"article","og_title":"Privacy Policy - BioMarat\u00f3","og_description":"Privacy Policy 1. User Consent By completing and submitting the forms on this website, the user expressly agrees that their personal data will be automatically processed by ICM-CSIC. ICM-CSIC notifies that the personal data provided will be shared with the organizers: Federaci\u00f3 Catalana d\u2019Activitats Subaqu\u00e0tiques (FECDAS), An\u00e8l\u00b7lides-Serveis Ambientals, Pl\u00e0ncton Diving and Associaci\u00f3 Oce\u00e1nicos. The legitimate reason for these transfers will be the activities organized within the framework of the BioMARat\u00f3 or the performance of academic research. The data will be retained as long as there is mutual interest for which it was collected, and when this purpose no longer exists, it will be deleted with appropriate security measures to ensure the pseudonymization of the data or its complete destruction. The user declares that all the information provided is accurate and correct and agrees to notify ICM-CSIC of any changes that may occur in this information. Some of the information requested by ICM-CSIC is mandatory, as these data are necessary to provide an optimal service to the user. If the user does not provide all this data, ICM-CSIC cannot guarantee that the information and services provided will fully meet their needs. ICM-CSIC notifies users when data is mandatory and\/or necessary for [&hellip;]","og_url":"https:\/\/biomarato.org\/en\/privacy-policy\/","og_site_name":"BioMarat\u00f3","article_modified_time":"2025-01-24T15:35:16+00:00","twitter_card":"summary_large_image","twitter_misc":{"Est. reading time":"5 minutes"},"schema":{"@context":"https:\/\/schema.org","@graph":[{"@type":"WebPage","@id":"https:\/\/biomarato.org\/en\/privacy-policy\/","url":"https:\/\/biomarato.org\/en\/privacy-policy\/","name":"Privacy Policy - BioMarat\u00f3","isPartOf":{"@id":"https:\/\/biomarato.org\/en\/#website"},"datePublished":"2024-11-27T09:23:36+00:00","dateModified":"2025-01-24T15:35:16+00:00","breadcrumb":{"@id":"https:\/\/biomarato.org\/en\/privacy-policy\/#breadcrumb"},"inLanguage":"en-US","potentialAction":[{"@type":"ReadAction","target":["https:\/\/biomarato.org\/en\/privacy-policy\/"]}]},{"@type":"BreadcrumbList","@id":"https:\/\/biomarato.org\/en\/privacy-policy\/#breadcrumb","itemListElement":[{"@type":"ListItem","position":1,"name":"Inici","item":"https:\/\/biomarato.org\/en\/"},{"@type":"ListItem","position":2,"name":"Privacy Policy"}]},{"@type":"WebSite","@id":"https:\/\/biomarato.org\/en\/#website","url":"https:\/\/biomarato.org\/en\/","name":"BioMarat\u00f3","description":"Uneix-te a la gran aventura","potentialAction":[{"@type":"SearchAction","target":{"@type":"EntryPoint","urlTemplate":"https:\/\/biomarato.org\/en\/?s={search_term_string}"},"query-input":{"@type":"PropertyValueSpecification","valueRequired":true,"valueName":"search_term_string"}}],"inLanguage":"en-US"}]}},"_links":{"self":[{"href":"https:\/\/biomarato.org\/en\/wp-json\/wp\/v2\/pages\/1421","targetHints":{"allow":["GET"]}}],"collection":[{"href":"https:\/\/biomarato.org\/en\/wp-json\/wp\/v2\/pages"}],"about":[{"href":"https:\/\/biomarato.org\/en\/wp-json\/wp\/v2\/types\/page"}],"author":[{"embeddable":true,"href":"https:\/\/biomarato.org\/en\/wp-json\/wp\/v2\/users\/1"}],"replies":[{"embeddable":true,"href":"https:\/\/biomarato.org\/en\/wp-json\/wp\/v2\/comments?post=1421"}],"version-history":[{"count":2,"href":"https:\/\/biomarato.org\/en\/wp-json\/wp\/v2\/pages\/1421\/revisions"}],"predecessor-version":[{"id":1423,"href":"https:\/\/biomarato.org\/en\/wp-json\/wp\/v2\/pages\/1421\/revisions\/1423"}],"wp:attachment":[{"href":"https:\/\/biomarato.org\/en\/wp-json\/wp\/v2\/media?parent=1421"}],"curies":[{"name":"wp","href":"https:\/\/api.w.org\/{rel}","templated":true}]}}