{"id":1348,"date":"2024-11-07T08:37:09","date_gmt":"2024-11-07T08:37:09","guid":{"rendered":"https:\/\/biomarato.org\/resultados\/"},"modified":"2025-05-09T08:38:46","modified_gmt":"2025-05-09T08:38:46","slug":"resultados","status":"publish","type":"page","link":"https:\/\/biomarato.org\/es\/resultados\/","title":{"rendered":"Resultados"},"content":{"rendered":"<p>[et_pb_section fb_built=\u00bb1&#8243; custom_padding_last_edited=\u00bbon|phone\u00bb _builder_version=\u00bb4.27.2&#8243; _module_preset=\u00bbdefault\u00bb custom_padding=\u00bb6em||6em||true|false\u00bb custom_padding_tablet=\u00bb6em||6em||true|false\u00bb custom_padding_phone=\u00bb0em||0em||true|false\u00bb locked=\u00bboff\u00bb global_colors_info=\u00bb{}\u00bb][et_pb_row column_structure=\u00bb2_3,1_3&#8243; make_equal=\u00bbon\u00bb module_class=\u00bbalign-center fila_sangre \u00bb _builder_version=\u00bb4.27.2&#8243; _module_preset=\u00bbdefault\u00bb custom_css_main_element=\u00bbimg{||  width: revert-layer !important;||}\u00bb global_colors_info=\u00bb{}\u00bb][et_pb_column type=\u00bb2_3&#8243; _builder_version=\u00bb4.27.2&#8243; _module_preset=\u00bbdefault\u00bb global_colors_info=\u00bb{}\u00bb][et_pb_text _builder_version=\u00bb4.27.2&#8243; _module_preset=\u00bbdefault\u00bb text_font=\u00bb|600||on|||||\u00bb text_line_height=\u00bb1.1em\u00bb width=\u00bb90%\u00bb global_colors_info=\u00bb{}\u00bb]<\/p>\n<p>CONOCE LA BIODIVERSIDAD MARINA GLOBAL<\/p>\n<p>[\/et_pb_text][et_pb_text _builder_version=\u00bb4.27.2&#8243; _module_preset=\u00bbdefault\u00bb header_font=\u00bb|800|||||||\u00bb header_text_color=\u00bb#046A83&#8243; header_font_size=\u00bb50px\u00bb header_2_font=\u00bb||||||||\u00bb header_2_text_color=\u00bb#046A83&#8243; header_2_font_size=\u00bb50px\u00bb header_font_size_tablet=\u00bb50px\u00bb header_font_size_phone=\u00bb40px\u00bb header_font_size_last_edited=\u00bbon|phone\u00bb global_colors_info=\u00bb{}\u00bb]<\/p>\n<h1>Los resultados de la <br \/>Bio<span class=\"color_light_turquoise\">MAR<\/span>at\u00f3<\/h1>\n<p>[\/et_pb_text][et_pb_text _builder_version=\u00bb4.27.2&#8243; _module_preset=\u00bbdefault\u00bb custom_margin_tablet=\u00bb||32px||false|false\u00bb custom_margin_phone=\u00bb||0px||false|false\u00bb custom_margin_last_edited=\u00bbon|phone\u00bb global_colors_info=\u00bb{}\u00bb]<\/p>\n<p>Las BioMARat\u00f3 celebradas en todo el mundo recogen y comparten los datos sobre las especies observadas, la participaci\u00f3n y otras m\u00e9tricas destacadas que reflejan el \u00e9xito de las iniciativas.<\/p>\n<p>Consulta los resultados de la BioMARat\u00f3 2024 en tiempo real y recupera los datos de las ediciones anteriores.<\/p>\n<p>[\/et_pb_text][et_pb_code _builder_version=\u00bb4.27.4&#8243; _module_preset=\u00bbdefault\u00bb hover_enabled=\u00bb0&#8243; global_colors_info=\u00bb{}\u00bb custom_css_main_element_last_edited=\u00bbon|phone\u00bb custom_css_main_element_phone=\u00bbzoom: 0.4;\u00bb sticky_enabled=\u00bb0&#8243;]<iframe title=\"BioMARat\u00f3 2024 en cifras\" aria-label=\"Table\" id=\"datawrapper-chart-Ol692\" src=\"https:\/\/datawrapper.dwcdn.net\/Ol692\/\"scrolling=\"no\" frameborder=\"0\" style=\"width: 0; min-width: 100% !important; border: none;\" height=\"181\" data-external=\"1\"><\/iframe><script type=\"text\/javascript\">!function(){\"use strict\";window.addEventListener(\"message\",(function(a){if(void 0!==a.data[\"datawrapper-height\"]){var e=document.querySelectorAll(\"iframe\");for(var t in\u00a0a.data[\"datawrapper-height\"])for(var r=0;r<e.length;r++)if(e[r].contentWindow===a.source){var i=a.data[\"datawrapper-height\"][t]+\"px\";e[r].style.height=i}}}))}();<!-- [et_pb_line_break_holder] --><\/script>[\/et_pb_code][et_pb_code _builder_version=\u00bb4.27.4&#8243; _module_preset=\u00bbdefault\u00bb global_colors_info=\u00bb{}\u00bb]<div class=\"et_pb_row sites_holder_row et_pb_equal_columns et_pb_gutters2\"><a class=\"tag filter_location\" href=\"https:\/\/biomarato.org\/catalunya\/es\/resultados\/\"><i class=\"fi fi-rr-marker\"><\/i> Catalu\u00f1a<\/a><\/div>[\/et_pb_code][\/et_pb_column][et_pb_column type=\u00bb1_3&#8243; module_class=\u00bbsangre_derecha flex align-center\u00bb _builder_version=\u00bb4.27.2&#8243; _module_preset=\u00bbdefault\u00bb global_colors_info=\u00bb{}\u00bb][\/et_pb_column][\/et_pb_row][\/et_pb_section]<\/p>\n","protected":false},"excerpt":{"rendered":"<p>CONOCE LA BIODIVERSIDAD MARINA GLOBALLos resultados de la BioMARat\u00f3Las BioMARat\u00f3 celebradas en todo el mundo recogen y comparten los datos sobre las especies observadas, la participaci\u00f3n y otras m\u00e9tricas destacadas que reflejan el \u00e9xito de las iniciativas. Consulta los resultados de la BioMARat\u00f3 2024 en tiempo real y recupera los datos de las ediciones anteriores.<div class=\"et_pb_row sites_holder_row et_pb_equal_columns et_pb_gutters2\"><a class=\"tag filter_location\" href=\"https:\/\/biomarato.org\/catalunya\/es\/resultados\/\"><i class=\"fi fi-rr-marker\"><\/i> Catalu\u00f1a<\/a><\/div><\/p>\n","protected":false},"author":1,"featured_media":0,"parent":0,"menu_order":0,"comment_status":"closed","ping_status":"closed","template":"","meta":{"_acf_changed":false,"_et_pb_use_builder":"on","_et_pb_old_content":"","_et_gb_content_width":"","footnotes":""},"class_list":["post-1348","page","type-page","status-publish","hentry"],"acf":[],"yoast_head":"<!-- This site is optimized with the Yoast SEO plugin v27.4 - https:\/\/yoast.com\/product\/yoast-seo-wordpress\/ -->\n<title>Resultados - BioMarat\u00f3<\/title>\n<meta name=\"robots\" content=\"index, follow, max-snippet:-1, max-image-preview:large, max-video-preview:-1\" \/>\n<link rel=\"canonical\" href=\"https:\/\/biomarato.org\/es\/resultados\/\" \/>\n<meta property=\"og:locale\" content=\"es_ES\" \/>\n<meta property=\"og:type\" content=\"article\" \/>\n<meta property=\"og:title\" content=\"Resultados - BioMarat\u00f3\" \/>\n<meta property=\"og:description\" content=\"CONOCE LA BIODIVERSIDAD MARINA GLOBALLos resultados de la BioMARat\u00f3Las BioMARat\u00f3 celebradas en todo el mundo recogen y comparten los datos sobre las especies observadas, la participaci\u00f3n y otras m\u00e9tricas destacadas que reflejan el \u00e9xito de las iniciativas. Consulta los resultados de la BioMARat\u00f3 2024 en tiempo real y recupera los datos de las ediciones anteriores.\" \/>\n<meta property=\"og:url\" content=\"https:\/\/biomarato.org\/es\/resultados\/\" \/>\n<meta property=\"og:site_name\" content=\"BioMarat\u00f3\" \/>\n<meta property=\"article:modified_time\" content=\"2025-05-09T08:38:46+00:00\" \/>\n<meta name=\"twitter:card\" content=\"summary_large_image\" \/>\n<meta name=\"twitter:label1\" content=\"Tiempo de lectura\" \/>\n\t<meta name=\"twitter:data1\" content=\"2 minutos\" \/>\n<script type=\"application\/ld+json\" class=\"yoast-schema-graph\">{\"@context\":\"https:\\\/\\\/schema.org\",\"@graph\":[{\"@type\":\"WebPage\",\"@id\":\"https:\\\/\\\/biomarato.org\\\/es\\\/resultados\\\/\",\"url\":\"https:\\\/\\\/biomarato.org\\\/es\\\/resultados\\\/\",\"name\":\"Resultados - BioMarat\u00f3\",\"isPartOf\":{\"@id\":\"https:\\\/\\\/biomarato.org\\\/es\\\/#website\"},\"datePublished\":\"2024-11-07T08:37:09+00:00\",\"dateModified\":\"2025-05-09T08:38:46+00:00\",\"breadcrumb\":{\"@id\":\"https:\\\/\\\/biomarato.org\\\/es\\\/resultados\\\/#breadcrumb\"},\"inLanguage\":\"es\",\"potentialAction\":[{\"@type\":\"ReadAction\",\"target\":[\"https:\\\/\\\/biomarato.org\\\/es\\\/resultados\\\/\"]}]},{\"@type\":\"BreadcrumbList\",\"@id\":\"https:\\\/\\\/biomarato.org\\\/es\\\/resultados\\\/#breadcrumb\",\"itemListElement\":[{\"@type\":\"ListItem\",\"position\":1,\"name\":\"Inici\",\"item\":\"https:\\\/\\\/biomarato.org\\\/es\\\/\"},{\"@type\":\"ListItem\",\"position\":2,\"name\":\"Resultados\"}]},{\"@type\":\"WebSite\",\"@id\":\"https:\\\/\\\/biomarato.org\\\/es\\\/#website\",\"url\":\"https:\\\/\\\/biomarato.org\\\/es\\\/\",\"name\":\"BioMarat\u00f3\",\"description\":\"Uneix-te a la gran aventura\",\"potentialAction\":[{\"@type\":\"SearchAction\",\"target\":{\"@type\":\"EntryPoint\",\"urlTemplate\":\"https:\\\/\\\/biomarato.org\\\/es\\\/?s={search_term_string}\"},\"query-input\":{\"@type\":\"PropertyValueSpecification\",\"valueRequired\":true,\"valueName\":\"search_term_string\"}}],\"inLanguage\":\"es\"}]}<\/script>\n<!-- \/ Yoast SEO plugin. -->","yoast_head_json":{"title":"Resultados - BioMarat\u00f3","robots":{"index":"index","follow":"follow","max-snippet":"max-snippet:-1","max-image-preview":"max-image-preview:large","max-video-preview":"max-video-preview:-1"},"canonical":"https:\/\/biomarato.org\/es\/resultados\/","og_locale":"es_ES","og_type":"article","og_title":"Resultados - BioMarat\u00f3","og_description":"CONOCE LA BIODIVERSIDAD MARINA GLOBALLos resultados de la BioMARat\u00f3Las BioMARat\u00f3 celebradas en todo el mundo recogen y comparten los datos sobre las especies observadas, la participaci\u00f3n y otras m\u00e9tricas destacadas que reflejan el \u00e9xito de las iniciativas. Consulta los resultados de la BioMARat\u00f3 2024 en tiempo real y recupera los datos de las ediciones anteriores.","og_url":"https:\/\/biomarato.org\/es\/resultados\/","og_site_name":"BioMarat\u00f3","article_modified_time":"2025-05-09T08:38:46+00:00","twitter_card":"summary_large_image","twitter_misc":{"Tiempo de lectura":"2 minutos"},"schema":{"@context":"https:\/\/schema.org","@graph":[{"@type":"WebPage","@id":"https:\/\/biomarato.org\/es\/resultados\/","url":"https:\/\/biomarato.org\/es\/resultados\/","name":"Resultados - BioMarat\u00f3","isPartOf":{"@id":"https:\/\/biomarato.org\/es\/#website"},"datePublished":"2024-11-07T08:37:09+00:00","dateModified":"2025-05-09T08:38:46+00:00","breadcrumb":{"@id":"https:\/\/biomarato.org\/es\/resultados\/#breadcrumb"},"inLanguage":"es","potentialAction":[{"@type":"ReadAction","target":["https:\/\/biomarato.org\/es\/resultados\/"]}]},{"@type":"BreadcrumbList","@id":"https:\/\/biomarato.org\/es\/resultados\/#breadcrumb","itemListElement":[{"@type":"ListItem","position":1,"name":"Inici","item":"https:\/\/biomarato.org\/es\/"},{"@type":"ListItem","position":2,"name":"Resultados"}]},{"@type":"WebSite","@id":"https:\/\/biomarato.org\/es\/#website","url":"https:\/\/biomarato.org\/es\/","name":"BioMarat\u00f3","description":"Uneix-te a la gran aventura","potentialAction":[{"@type":"SearchAction","target":{"@type":"EntryPoint","urlTemplate":"https:\/\/biomarato.org\/es\/?s={search_term_string}"},"query-input":{"@type":"PropertyValueSpecification","valueRequired":true,"valueName":"search_term_string"}}],"inLanguage":"es"}]}},"_links":{"self":[{"href":"https:\/\/biomarato.org\/es\/wp-json\/wp\/v2\/pages\/1348","targetHints":{"allow":["GET"]}}],"collection":[{"href":"https:\/\/biomarato.org\/es\/wp-json\/wp\/v2\/pages"}],"about":[{"href":"https:\/\/biomarato.org\/es\/wp-json\/wp\/v2\/types\/page"}],"author":[{"embeddable":true,"href":"https:\/\/biomarato.org\/es\/wp-json\/wp\/v2\/users\/1"}],"replies":[{"embeddable":true,"href":"https:\/\/biomarato.org\/es\/wp-json\/wp\/v2\/comments?post=1348"}],"version-history":[{"count":3,"href":"https:\/\/biomarato.org\/es\/wp-json\/wp\/v2\/pages\/1348\/revisions"}],"predecessor-version":[{"id":1874,"href":"https:\/\/biomarato.org\/es\/wp-json\/wp\/v2\/pages\/1348\/revisions\/1874"}],"wp:attachment":[{"href":"https:\/\/biomarato.org\/es\/wp-json\/wp\/v2\/media?parent=1348"}],"curies":[{"name":"wp","href":"https:\/\/api.w.org\/{rel}","templated":true}]}}