{"id":1405,"date":"2024-11-27T09:18:51","date_gmt":"2024-11-27T09:18:51","guid":{"rendered":"https:\/\/biomarato.org\/aviso-legal\/"},"modified":"2025-01-24T11:49:27","modified_gmt":"2025-01-24T11:49:27","slug":"aviso-legal","status":"publish","type":"page","link":"https:\/\/biomarato.org\/es\/aviso-legal\/","title":{"rendered":"Aviso Legal"},"content":{"rendered":"<p>[et_pb_section fb_built=\u00bb1&#8243; theme_builder_area=\u00bbpost_content\u00bb _builder_version=\u00bb4.27.4&#8243; _module_preset=\u00bbdefault\u00bb][et_pb_row _builder_version=\u00bb4.27.4&#8243; _module_preset=\u00bbdefault\u00bb theme_builder_area=\u00bbpost_content\u00bb column_structure=\u00bb2_3,1_3&#8243;][et_pb_column _builder_version=\u00bb4.27.4&#8243; _module_preset=\u00bbdefault\u00bb type=\u00bb2_3&#8243; theme_builder_area=\u00bbpost_content\u00bb][et_pb_text _builder_version=\u00bb4.27.4&#8243; _module_preset=\u00bbdefault\u00bb theme_builder_area=\u00bbpost_content\u00bb header_text_color=\u00bb#046A83&#8243; header_font_size=\u00bb50px\u00bb hover_enabled=\u00bb0&#8243; sticky_enabled=\u00bb0&#8243;]<\/p>\n<h1>Aviso Legal<\/h1>\n<p>[\/et_pb_text][et_pb_text _builder_version=\u00bb4.27.4&#8243; _module_preset=\u00bbdefault\u00bb theme_builder_area=\u00bbpost_content\u00bb hover_enabled=\u00bb0&#8243; sticky_enabled=\u00bb0&#8243; text_font_size=\u00bb16px\u00bb link_text_color=\u00bb#5FBFBB\u00bb]<\/p>\n<div class=\"elementor-element elementor-element-6208334 elementor-widget elementor-widget-text-editor\" data-id=\"6208334\" data-element_type=\"widget\" data-widget_type=\"text-editor.default\">\n<div class=\"elementor-widget-container\">\n<ul>\n<li>Nombre oficial: Instituto de Ciencias del Mar (ICM), del Consejo Superior de Investigaciones Cient\u00edficas (CSIC)<\/li>\n<li>Direcci\u00f3n oficial: Passeig Mar\u00edtim de la Barceloneta, 37-49 08003-Barcelona<\/li>\n<li>El responsable de protecci\u00f3n de datos (DPO) del proyecto BioMARat\u00f3 se encuentra en:<\/li>\n<li>CSIC, Consejo Superior de Investigaciones Cient\u00edficas<\/li>\n<li>Departamento de Derecho, Jos\u00e9 L\u00f3pez Calvo<\/li>\n<li>Correo electr\u00f3nico: <a href=\"mailto:delegadoprotecciondatos@csic.es\">delegadoprotecciondatos@csic.es<\/a><\/li>\n<li>M\u00e1s informaci\u00f3n: http:\/\/digital.csic.es\/dc\/politicas\/politicaDatos.jsp<\/li>\n<\/ul>\n<\/div>\n<\/div>\n<div class=\"elementor-element elementor-element-b58ae78 elementor-widget elementor-widget-heading\" data-id=\"b58ae78\" data-element_type=\"widget\" data-widget_type=\"heading.default\">\n<div class=\"elementor-widget-container\"><\/div>\n<\/div>\n<div class=\"elementor-element elementor-element-8355982 elementor-widget elementor-widget-text-editor\" data-id=\"8355982\" data-element_type=\"widget\" data-widget_type=\"text-editor.default\">\n<div class=\"elementor-widget-container\"><\/div>\n<\/div>\n<p>[\/et_pb_text][et_pb_text _builder_version=\u00bb4.27.4&#8243; _module_preset=\u00bbdefault\u00bb theme_builder_area=\u00bbpost_content\u00bb hover_enabled=\u00bb0&#8243; sticky_enabled=\u00bb0&#8243; text_font_size=\u00bb16px\u00bb link_text_color=\u00bb#5FBFBB\u00bb header_2_text_color=\u00bb#046A83&#8243; header_2_font_size=\u00bb28px\u00bb]<\/p>\n<div class=\"elementor-element elementor-element-6208334 elementor-widget elementor-widget-text-editor\" data-id=\"6208334\" data-element_type=\"widget\" data-widget_type=\"text-editor.default\">\n<div class=\"elementor-widget-container\">\n<div class=\"elementor-element elementor-element-b58ae78 elementor-widget elementor-widget-heading\" data-id=\"b58ae78\" data-element_type=\"widget\" data-widget_type=\"heading.default\">\n<h2>1. Consentimiento al Tratamiento de Datos Personales<\/h2>\n<p>Este dominio contiene toda la informaci\u00f3n organizativa y ejecutiva relacionada con Cos4Cloud, un proyecto financiado por H2020 y coordinado por el Instituto de Ciencias del Mar. El Instituto de Ciencias del Mar, como entidad responsable del sitio web, en adelante ICM-CSIC, proporciona este documento a los usuarios para cumplir con las obligaciones establecidas en la Ley 34\/2002, de 11 de julio, de Servicios de la Sociedad de la Informaci\u00f3n y Comercio Electr\u00f3nico (LSSICE), BOE n\u00ba 166, e informar a los usuarios del sitio web sobre las condiciones de uso. Cualquier persona que visite este sitio web asume el rol de usuario y se compromete a observar y cumplir rigurosamente las normas aqu\u00ed expuestas, as\u00ed como cualquier otra normativa legal que pueda aplicarse. ICM-CSIC se reserva el derecho de modificar cualquier tipo de informaci\u00f3n que pueda aparecer en el sitio web, sin la obligaci\u00f3n de advertir ni hacer saber a los usuarios estos cambios, ya que ser\u00e1 suficiente publicarlos en el sitio web de Cos4Cloud.   <\/p>\n<\/div>\n<\/div>\n<\/div>\n<p>[\/et_pb_text][et_pb_text _builder_version=\u00bb4.27.4&#8243; _module_preset=\u00bbdefault\u00bb theme_builder_area=\u00bbpost_content\u00bb hover_enabled=\u00bb0&#8243; sticky_enabled=\u00bb0&#8243; text_font_size=\u00bb16px\u00bb link_text_color=\u00bb#5FBFBB\u00bb header_2_text_color=\u00bb#046A83&#8243; header_2_font_size=\u00bb28px\u00bb]<\/p>\n<div class=\"elementor-element elementor-element-6208334 elementor-widget elementor-widget-text-editor\" data-id=\"6208334\" data-element_type=\"widget\" data-widget_type=\"text-editor.default\">\n<div class=\"elementor-widget-container\">\n<div class=\"elementor-element elementor-element-b58ae78 elementor-widget elementor-widget-heading\" data-id=\"b58ae78\" data-element_type=\"widget\" data-widget_type=\"heading.default\">\n<h2>2. Finalidades<\/h2>\n<p>De acuerdo con la normativa mencionada, ICM-CSIC informa a los usuarios que se recopilan los datos personales presentados a trav\u00e9s de los formularios de este sitio web para proporcionar servicios derivados de su actividad, gestionar las solicitudes y realizar estudios estad\u00edsticos, as\u00ed como para el env\u00edo de comunicaciones e informaci\u00f3n sobre actividades, publicaciones o programas que puedan ser de inter\u00e9s para el usuario por cualquier medio electr\u00f3nico.<\/p>\n<\/div>\n<\/div>\n<\/div>\n<p>[\/et_pb_text][et_pb_text _builder_version=\u00bb4.27.4&#8243; _module_preset=\u00bbdefault\u00bb theme_builder_area=\u00bbpost_content\u00bb hover_enabled=\u00bb0&#8243; sticky_enabled=\u00bb0&#8243; text_font_size=\u00bb16px\u00bb link_text_color=\u00bb#5FBFBB\u00bb header_2_text_color=\u00bb#046A83&#8243; header_2_font_size=\u00bb28px\u00bb]<\/p>\n<div class=\"elementor-element elementor-element-6208334 elementor-widget elementor-widget-text-editor\" data-id=\"6208334\" data-element_type=\"widget\" data-widget_type=\"text-editor.default\">\n<div class=\"elementor-widget-container\">\n<div class=\"elementor-element elementor-element-b58ae78 elementor-widget elementor-widget-heading\" data-id=\"b58ae78\" data-element_type=\"widget\" data-widget_type=\"heading.default\">\n<h2>3. Responsabilidad del Contenido<\/h2>\n<p>ICM-CSIC no se hace responsable de la legalidad de los sitios web de terceros a los que los usuarios puedan acceder a trav\u00e9s de este sitio web. Tampoco ICM-CSIC ser\u00e1 responsable de la legalidad de los sitios de terceros que puedan enlazar con este sitio web o desde este sitio. <\/p>\n<p>ICM-CSIC se reserva el derecho de modificar, suspender, cancelar o restringir el contenido de este sitio web y los enlaces o la informaci\u00f3n que se obtenga aqu\u00ed, sin previo aviso. ICM-CSIC en ning\u00fan caso ser\u00e1 responsable de cualquier problema que pudiera derivarse de un uso indebido de este sitio web o de la informaci\u00f3n y servicios que contiene. <\/p>\n<p>ICM-CSIC no se hace responsable de los sitios web de terceros a los que los usuarios puedan acceder mediante enlaces de este sitio ni de los contenidos proporcionados por terceros.<\/p>\n<\/div>\n<\/div>\n<\/div>\n<p>[\/et_pb_text][et_pb_text _builder_version=\u00bb4.27.4&#8243; _module_preset=\u00bbdefault\u00bb theme_builder_area=\u00bbpost_content\u00bb hover_enabled=\u00bb0&#8243; sticky_enabled=\u00bb0&#8243; text_font_size=\u00bb16px\u00bb link_text_color=\u00bb#5FBFBB\u00bb header_2_text_color=\u00bb#046A83&#8243; header_2_font_size=\u00bb28px\u00bb]<\/p>\n<div class=\"elementor-element elementor-element-6208334 elementor-widget elementor-widget-text-editor\" data-id=\"6208334\" data-element_type=\"widget\" data-widget_type=\"text-editor.default\">\n<div class=\"elementor-widget-container\">\n<div class=\"elementor-element elementor-element-b58ae78 elementor-widget elementor-widget-heading\" data-id=\"b58ae78\" data-element_type=\"widget\" data-widget_type=\"heading.default\">\n<h2>4. Exenci\u00f3n de Responsabilidad<\/h2>\n<p>ICM-CSIC no se hace responsable de ninguna manera de la informaci\u00f3n publicada en el sitio web si dicha informaci\u00f3n ha sido manipulada o colocada all\u00ed por un tercero ajeno.<\/p>\n<p><strong>Pol\u00edtica de Enlaces<\/strong><\/p>\n<p>Es posible que este sitio web contenga enlaces a contenidos de sitios web de terceros. Dado que ICM-CSIC no siempre puede controlar los contenidos que los terceros publican en sus propios sitios web, no se hace responsable de tales contenidos. En cualquier caso, ICM-CSIC eliminar\u00e1 inmediatamente cualquier contenido que pueda infringir las leyes nacionales o internacionales, los c\u00f3digos morales o el orden p\u00fablico, notificando a las autoridades competentes los contenidos en cuesti\u00f3n.  <\/p>\n<p>ICM-CSIC no se hace responsable de la informaci\u00f3n y contenidos almacenados, incluidos, entre otros, en foros, chats, generadores de blogs, comentarios, redes sociales o cualquier otro medio que permita a terceros publicar contenidos fuera del control del ICM. Web del CSIC. <\/p>\n<p>No obstante, de conformidad con los art\u00edculos 11 y 16 de la LSSICE, ICM-CSIC estar\u00e1 disponible para todos los usuarios, autoridades y fuerzas policiales, colaborando activamente para eliminar o, si fuera necesario, bloquear cualquier contenido que pueda afectar o infringir la legislaci\u00f3n nacional o internacional, los derechos de terceros o los c\u00f3digos morales y el orden p\u00fablico. Si los usuarios consideran que alguno de los contenidos del sitio web pertenece a esta categor\u00eda, se les pide que lo hagan saber inmediatamente al administrador del sitio web.  <\/p>\n<p>Este sitio web ha sido revisado y probado para asegurarse de que funciona correctamente. En teor\u00eda, deber\u00eda funcionar correctamente las 24 horas del d\u00eda, los 365 d\u00edas del a\u00f1o. Sin embargo, ICM-CSIC no puede descartar la posibilidad de errores de programaci\u00f3n o que circunstancias de fuerza mayor, cat\u00e1strofes naturales, huelgas o similares puedan imposibilitar el acceso al sitio web.  <\/p>\n<\/div>\n<\/div>\n<\/div>\n<p>[\/et_pb_text][et_pb_text _builder_version=\u00bb4.27.4&#8243; _module_preset=\u00bbdefault\u00bb theme_builder_area=\u00bbpost_content\u00bb hover_enabled=\u00bb0&#8243; sticky_enabled=\u00bb0&#8243; text_font_size=\u00bb16px\u00bb link_text_color=\u00bb#5FBFBB\u00bb header_2_text_color=\u00bb#046A83&#8243; header_2_font_size=\u00bb28px\u00bb]<\/p>\n<div class=\"elementor-element elementor-element-6208334 elementor-widget elementor-widget-text-editor\" data-id=\"6208334\" data-element_type=\"widget\" data-widget_type=\"text-editor.default\">\n<div class=\"elementor-widget-container\">\n<div class=\"elementor-element elementor-element-b58ae78 elementor-widget elementor-widget-heading\" data-id=\"b58ae78\" data-element_type=\"widget\" data-widget_type=\"heading.default\">\n<h2>5. Ley y Jurisdicci\u00f3n Aplicables<\/h2>\n<p>Cualquier conflicto o controversia que pueda surgir en la interpretaci\u00f3n de los t\u00e9rminos y condiciones de esta exenci\u00f3n de responsabilidad legal, o cualquier cuesti\u00f3n relacionada con los servicios proporcionados por este sitio web, quedar\u00e1 sometida a la jurisdicci\u00f3n de la legislaci\u00f3n espa\u00f1ola.<\/p>\n<\/div>\n<\/div>\n<\/div>\n<p>[\/et_pb_text][\/et_pb_column][et_pb_column _builder_version=\u00bb4.27.4&#8243; _module_preset=\u00bbdefault\u00bb type=\u00bb1_3&#8243; theme_builder_area=\u00bbpost_content\u00bb][\/et_pb_column][\/et_pb_row][\/et_pb_section]<\/p>\n","protected":false},"excerpt":{"rendered":"<p>Aviso Legal Nombre oficial: Instituto de Ciencias del Mar (ICM), del Consejo Superior de Investigaciones Cient\u00edficas (CSIC) Direcci\u00f3n oficial: Passeig Mar\u00edtim de la Barceloneta, 37-49 08003-Barcelona El responsable de protecci\u00f3n de datos (DPO) del proyecto BioMARat\u00f3 se encuentra en: CSIC, Consejo Superior de Investigaciones Cient\u00edficas Departamento de Derecho, Jos\u00e9 L\u00f3pez Calvo Correo electr\u00f3nico: delegadoprotecciondatos@csic.es M\u00e1s informaci\u00f3n: http:\/\/digital.csic.es\/dc\/politicas\/politicaDatos.jsp 1. Consentimiento al Tratamiento de Datos Personales Este dominio contiene toda la informaci\u00f3n organizativa y ejecutiva relacionada con Cos4Cloud, un proyecto financiado por H2020 y coordinado por el Instituto de Ciencias del Mar. El Instituto de Ciencias del Mar, como entidad responsable del sitio web, en adelante ICM-CSIC, proporciona este documento a los usuarios para cumplir con las obligaciones establecidas en la Ley 34\/2002, de 11 de julio, de Servicios de la Sociedad de la Informaci\u00f3n y Comercio Electr\u00f3nico (LSSICE), BOE n\u00ba 166, e informar a los usuarios del sitio web sobre las condiciones de uso. Cualquier persona que visite este sitio web asume el rol de usuario y se compromete a observar y cumplir rigurosamente las normas aqu\u00ed expuestas, as\u00ed como cualquier otra normativa legal que pueda aplicarse. ICM-CSIC se reserva el derecho de modificar cualquier tipo de informaci\u00f3n que pueda aparecer [&hellip;]<\/p>\n","protected":false},"author":1,"featured_media":0,"parent":0,"menu_order":0,"comment_status":"closed","ping_status":"closed","template":"","meta":{"_acf_changed":false,"_et_pb_use_builder":"on","_et_pb_old_content":"","_et_gb_content_width":"","footnotes":""},"class_list":["post-1405","page","type-page","status-publish","hentry"],"acf":[],"yoast_head":"<!-- This site is optimized with the Yoast SEO plugin v27.4 - https:\/\/yoast.com\/product\/yoast-seo-wordpress\/ -->\n<title>Aviso Legal - BioMarat\u00f3<\/title>\n<meta name=\"robots\" content=\"index, follow, max-snippet:-1, max-image-preview:large, max-video-preview:-1\" \/>\n<link rel=\"canonical\" href=\"https:\/\/biomarato.org\/es\/aviso-legal\/\" \/>\n<meta property=\"og:locale\" content=\"es_ES\" \/>\n<meta property=\"og:type\" content=\"article\" \/>\n<meta property=\"og:title\" content=\"Aviso Legal - BioMarat\u00f3\" \/>\n<meta property=\"og:description\" content=\"Aviso Legal Nombre oficial: Instituto de Ciencias del Mar (ICM), del Consejo Superior de Investigaciones Cient\u00edficas (CSIC) Direcci\u00f3n oficial: Passeig Mar\u00edtim de la Barceloneta, 37-49 08003-Barcelona El responsable de protecci\u00f3n de datos (DPO) del proyecto BioMARat\u00f3 se encuentra en: CSIC, Consejo Superior de Investigaciones Cient\u00edficas Departamento de Derecho, Jos\u00e9 L\u00f3pez Calvo Correo electr\u00f3nico: delegadoprotecciondatos@csic.es M\u00e1s informaci\u00f3n: http:\/\/digital.csic.es\/dc\/politicas\/politicaDatos.jsp 1. Consentimiento al Tratamiento de Datos Personales Este dominio contiene toda la informaci\u00f3n organizativa y ejecutiva relacionada con Cos4Cloud, un proyecto financiado por H2020 y coordinado por el Instituto de Ciencias del Mar. El Instituto de Ciencias del Mar, como entidad responsable del sitio web, en adelante ICM-CSIC, proporciona este documento a los usuarios para cumplir con las obligaciones establecidas en la Ley 34\/2002, de 11 de julio, de Servicios de la Sociedad de la Informaci\u00f3n y Comercio Electr\u00f3nico (LSSICE), BOE n\u00ba 166, e informar a los usuarios del sitio web sobre las condiciones de uso. Cualquier persona que visite este sitio web asume el rol de usuario y se compromete a observar y cumplir rigurosamente las normas aqu\u00ed expuestas, as\u00ed como cualquier otra normativa legal que pueda aplicarse. ICM-CSIC se reserva el derecho de modificar cualquier tipo de informaci\u00f3n que pueda aparecer [&hellip;]\" \/>\n<meta property=\"og:url\" content=\"https:\/\/biomarato.org\/es\/aviso-legal\/\" \/>\n<meta property=\"og:site_name\" content=\"BioMarat\u00f3\" \/>\n<meta property=\"article:modified_time\" content=\"2025-01-24T11:49:27+00:00\" \/>\n<meta name=\"twitter:card\" content=\"summary_large_image\" \/>\n<meta name=\"twitter:label1\" content=\"Tiempo de lectura\" \/>\n\t<meta name=\"twitter:data1\" content=\"6 minutos\" \/>\n<script type=\"application\/ld+json\" class=\"yoast-schema-graph\">{\"@context\":\"https:\\\/\\\/schema.org\",\"@graph\":[{\"@type\":\"WebPage\",\"@id\":\"https:\\\/\\\/biomarato.org\\\/es\\\/aviso-legal\\\/\",\"url\":\"https:\\\/\\\/biomarato.org\\\/es\\\/aviso-legal\\\/\",\"name\":\"Aviso Legal - BioMarat\u00f3\",\"isPartOf\":{\"@id\":\"https:\\\/\\\/biomarato.org\\\/es\\\/#website\"},\"datePublished\":\"2024-11-27T09:18:51+00:00\",\"dateModified\":\"2025-01-24T11:49:27+00:00\",\"breadcrumb\":{\"@id\":\"https:\\\/\\\/biomarato.org\\\/es\\\/aviso-legal\\\/#breadcrumb\"},\"inLanguage\":\"es\",\"potentialAction\":[{\"@type\":\"ReadAction\",\"target\":[\"https:\\\/\\\/biomarato.org\\\/es\\\/aviso-legal\\\/\"]}]},{\"@type\":\"BreadcrumbList\",\"@id\":\"https:\\\/\\\/biomarato.org\\\/es\\\/aviso-legal\\\/#breadcrumb\",\"itemListElement\":[{\"@type\":\"ListItem\",\"position\":1,\"name\":\"Inici\",\"item\":\"https:\\\/\\\/biomarato.org\\\/es\\\/\"},{\"@type\":\"ListItem\",\"position\":2,\"name\":\"Aviso Legal\"}]},{\"@type\":\"WebSite\",\"@id\":\"https:\\\/\\\/biomarato.org\\\/es\\\/#website\",\"url\":\"https:\\\/\\\/biomarato.org\\\/es\\\/\",\"name\":\"BioMarat\u00f3\",\"description\":\"Uneix-te a la gran aventura\",\"potentialAction\":[{\"@type\":\"SearchAction\",\"target\":{\"@type\":\"EntryPoint\",\"urlTemplate\":\"https:\\\/\\\/biomarato.org\\\/es\\\/?s={search_term_string}\"},\"query-input\":{\"@type\":\"PropertyValueSpecification\",\"valueRequired\":true,\"valueName\":\"search_term_string\"}}],\"inLanguage\":\"es\"}]}<\/script>\n<!-- \/ Yoast SEO plugin. -->","yoast_head_json":{"title":"Aviso Legal - BioMarat\u00f3","robots":{"index":"index","follow":"follow","max-snippet":"max-snippet:-1","max-image-preview":"max-image-preview:large","max-video-preview":"max-video-preview:-1"},"canonical":"https:\/\/biomarato.org\/es\/aviso-legal\/","og_locale":"es_ES","og_type":"article","og_title":"Aviso Legal - BioMarat\u00f3","og_description":"Aviso Legal Nombre oficial: Instituto de Ciencias del Mar (ICM), del Consejo Superior de Investigaciones Cient\u00edficas (CSIC) Direcci\u00f3n oficial: Passeig Mar\u00edtim de la Barceloneta, 37-49 08003-Barcelona El responsable de protecci\u00f3n de datos (DPO) del proyecto BioMARat\u00f3 se encuentra en: CSIC, Consejo Superior de Investigaciones Cient\u00edficas Departamento de Derecho, Jos\u00e9 L\u00f3pez Calvo Correo electr\u00f3nico: delegadoprotecciondatos@csic.es M\u00e1s informaci\u00f3n: http:\/\/digital.csic.es\/dc\/politicas\/politicaDatos.jsp 1. Consentimiento al Tratamiento de Datos Personales Este dominio contiene toda la informaci\u00f3n organizativa y ejecutiva relacionada con Cos4Cloud, un proyecto financiado por H2020 y coordinado por el Instituto de Ciencias del Mar. El Instituto de Ciencias del Mar, como entidad responsable del sitio web, en adelante ICM-CSIC, proporciona este documento a los usuarios para cumplir con las obligaciones establecidas en la Ley 34\/2002, de 11 de julio, de Servicios de la Sociedad de la Informaci\u00f3n y Comercio Electr\u00f3nico (LSSICE), BOE n\u00ba 166, e informar a los usuarios del sitio web sobre las condiciones de uso. Cualquier persona que visite este sitio web asume el rol de usuario y se compromete a observar y cumplir rigurosamente las normas aqu\u00ed expuestas, as\u00ed como cualquier otra normativa legal que pueda aplicarse. ICM-CSIC se reserva el derecho de modificar cualquier tipo de informaci\u00f3n que pueda aparecer [&hellip;]","og_url":"https:\/\/biomarato.org\/es\/aviso-legal\/","og_site_name":"BioMarat\u00f3","article_modified_time":"2025-01-24T11:49:27+00:00","twitter_card":"summary_large_image","twitter_misc":{"Tiempo de lectura":"6 minutos"},"schema":{"@context":"https:\/\/schema.org","@graph":[{"@type":"WebPage","@id":"https:\/\/biomarato.org\/es\/aviso-legal\/","url":"https:\/\/biomarato.org\/es\/aviso-legal\/","name":"Aviso Legal - BioMarat\u00f3","isPartOf":{"@id":"https:\/\/biomarato.org\/es\/#website"},"datePublished":"2024-11-27T09:18:51+00:00","dateModified":"2025-01-24T11:49:27+00:00","breadcrumb":{"@id":"https:\/\/biomarato.org\/es\/aviso-legal\/#breadcrumb"},"inLanguage":"es","potentialAction":[{"@type":"ReadAction","target":["https:\/\/biomarato.org\/es\/aviso-legal\/"]}]},{"@type":"BreadcrumbList","@id":"https:\/\/biomarato.org\/es\/aviso-legal\/#breadcrumb","itemListElement":[{"@type":"ListItem","position":1,"name":"Inici","item":"https:\/\/biomarato.org\/es\/"},{"@type":"ListItem","position":2,"name":"Aviso Legal"}]},{"@type":"WebSite","@id":"https:\/\/biomarato.org\/es\/#website","url":"https:\/\/biomarato.org\/es\/","name":"BioMarat\u00f3","description":"Uneix-te a la gran aventura","potentialAction":[{"@type":"SearchAction","target":{"@type":"EntryPoint","urlTemplate":"https:\/\/biomarato.org\/es\/?s={search_term_string}"},"query-input":{"@type":"PropertyValueSpecification","valueRequired":true,"valueName":"search_term_string"}}],"inLanguage":"es"}]}},"_links":{"self":[{"href":"https:\/\/biomarato.org\/es\/wp-json\/wp\/v2\/pages\/1405","targetHints":{"allow":["GET"]}}],"collection":[{"href":"https:\/\/biomarato.org\/es\/wp-json\/wp\/v2\/pages"}],"about":[{"href":"https:\/\/biomarato.org\/es\/wp-json\/wp\/v2\/types\/page"}],"author":[{"embeddable":true,"href":"https:\/\/biomarato.org\/es\/wp-json\/wp\/v2\/users\/1"}],"replies":[{"embeddable":true,"href":"https:\/\/biomarato.org\/es\/wp-json\/wp\/v2\/comments?post=1405"}],"version-history":[{"count":2,"href":"https:\/\/biomarato.org\/es\/wp-json\/wp\/v2\/pages\/1405\/revisions"}],"predecessor-version":[{"id":1407,"href":"https:\/\/biomarato.org\/es\/wp-json\/wp\/v2\/pages\/1405\/revisions\/1407"}],"wp:attachment":[{"href":"https:\/\/biomarato.org\/es\/wp-json\/wp\/v2\/media?parent=1405"}],"curies":[{"name":"wp","href":"https:\/\/api.w.org\/{rel}","templated":true}]}}