{"id":1411,"date":"2024-11-27T09:34:34","date_gmt":"2024-11-27T09:34:34","guid":{"rendered":"https:\/\/biomarato.org\/politica-de-cookies\/"},"modified":"2025-01-24T12:37:45","modified_gmt":"2025-01-24T12:37:45","slug":"politica-de-cookies","status":"publish","type":"page","link":"https:\/\/biomarato.org\/es\/politica-de-cookies\/","title":{"rendered":"Pol\u00edtica de cookies"},"content":{"rendered":"<p>[et_pb_section fb_built=\u00bb1&#8243; _builder_version=\u00bb4.27.4&#8243; _module_preset=\u00bbdefault\u00bb global_colors_info=\u00bb{}\u00bb][et_pb_row column_structure=\u00bb2_3,1_3&#8243; _builder_version=\u00bb4.27.4&#8243; _module_preset=\u00bbdefault\u00bb global_colors_info=\u00bb{}\u00bb][et_pb_column type=\u00bb2_3&#8243; _builder_version=\u00bb4.27.4&#8243; _module_preset=\u00bbdefault\u00bb global_colors_info=\u00bb{}\u00bb][et_pb_text _builder_version=\u00bb4.27.4&#8243; _module_preset=\u00bbdefault\u00bb header_text_color=\u00bb#046A83&#8243; header_font_size=\u00bb50px\u00bb global_colors_info=\u00bb{}\u00bb]<\/p>\n<h1>Pol\u00edtica de cookies<\/h1>\n<p>[\/et_pb_text][et_pb_text _builder_version=\u00bb4.27.4&#8243; _module_preset=\u00bbdefault\u00bb text_font_size=\u00bb16px\u00bb link_text_color=\u00bb#5FBFBB\u00bb header_2_text_color=\u00bb#046A83&#8243; header_2_font_size=\u00bb28px\u00bb hover_enabled=\u00bb0&#8243; global_colors_info=\u00bb{}\u00bb sticky_enabled=\u00bb0&#8243;]<\/p>\n<p>Este documento informa a los usuarios sobre las tecnolog\u00edas que ayudan a este sitio web a alcanzar los objetivos que se describen a continuaci\u00f3n. Estas tecnolog\u00edas permiten al propietario acceder y almacenar informaci\u00f3n (por ejemplo, mediante el uso de cookies) o utilizar recursos (por ejemplo, mediante la ejecuci\u00f3n de un script) en el dispositivo de un usuario mientras interact\u00faa con este sitio web. <\/p>\n<p>Para simplificar, todas estas tecnolog\u00edas se definen como \u00abSeguidores\u00bb dentro de este documento, a menos que haya una raz\u00f3n para diferenciarlas. Por ejemplo, aunque las cookies se pueden utilizar tanto en navegadores web como en m\u00f3viles, no ser\u00eda preciso hablar de cookies en el contexto de las aplicaciones m\u00f3viles, ya que son un rastreador basado en navegadores. Por esta raz\u00f3n, dentro de este documento, el t\u00e9rmino Cookies solo se utiliza cuando se especifica espec\u00edficamente para indicar este tipo concreto de rastreador.  <\/p>\n<p>Algunos de los prop\u00f3sitos para los cuales se utilizan los rastreadores tambi\u00e9n pueden requerir el consentimiento del Usuario. Siempre que se d\u00e9 el consentimiento, puede ser retirado libremente en cualquier momento siguiendo las instrucciones proporcionadas en este documento. <\/p>\n<p>Este sitio web utiliza rastreadores gestionados directamente por el propietario (los llamados rastreadores \u00abpropios\u00bb) y rastreadores que permiten los servicios prestados por un tercero (los llamados rastreadores \u00abterceros\u00bb). A menos que se indique lo contrario en este documento, los proveedores externos pueden acceder a los rastreadores gestionados por ellos. <\/p>\n<p>Los per\u00edodos de validez y caducidad de las cookies y otros rastreadores similares pueden variar seg\u00fan la vida \u00fatil establecida por el propietario o el proveedor correspondiente. Algunos de ellos caducan al finalizar la sesi\u00f3n de navegaci\u00f3n del usuario. Adem\u00e1s de lo que se especifica en las descripciones de cada una de las categor\u00edas siguientes, los usuarios pueden encontrar informaci\u00f3n m\u00e1s precisa y actualizada sobre las especificaciones de toda la vida \u00fatil, as\u00ed como cualquier otra informaci\u00f3n relevante (como la presencia de otros rastreadores) en las pol\u00edticas de privacidad enlazadas de los respectivos proveedores externos o contactando con el propietario.  <\/p>\n<p>[\/et_pb_text][et_pb_text _builder_version=\u00bb4.27.4&#8243; _module_preset=\u00bbdefault\u00bb text_font_size=\u00bb16px\u00bb link_text_color=\u00bb#5FBFBB\u00bb header_2_text_color=\u00bb#046A83&#8243; header_2_font_size=\u00bb28px\u00bb hover_enabled=\u00bb0&#8243; global_colors_info=\u00bb{}\u00bb sticky_enabled=\u00bb0&#8243;]<\/p>\n<h2>1. Actividades estrictamente necesarias para el funcionamiento de este sitio web y la entrega del servicio<\/h2>\n<p>Este sitio web utiliza cookies denominadas \u00abt\u00e9cnicas\u00bb y otros rastreadores similares para llevar a cabo actividades que son estrictamente necesarias para la operaci\u00f3n o la entrega del Servicio.<\/p>\n<p>[\/et_pb_text][et_pb_text _builder_version=\u00bb4.27.4&#8243; _module_preset=\u00bbdefault\u00bb text_font_size=\u00bb16px\u00bb link_text_color=\u00bb#5FBFBB\u00bb header_2_text_color=\u00bb#046A83&#8243; header_2_font_size=\u00bb28px\u00bb hover_enabled=\u00bb0&#8243; global_colors_info=\u00bb{}\u00bb sticky_enabled=\u00bb0&#8243;]<\/p>\n<h2>2. Otras actividades relacionadas con el uso de rastreadores<\/h2>\n<p><strong>Medici\u00f3n<\/strong><br \/>Este sitio web utiliza rastreadores para medir el tr\u00e1fico y analizar el comportamiento de los usuarios con el fin de mejorar el servicio.<\/p>\n<p><strong>Analytics<\/strong><br \/>Estad\u00edsticas de WordPress (Automattic Inc.). Datos personales procesados: cookies y datos de uso.<br \/>Google Analytics (Google Ireland Limited). Datos personales procesados: cookies y datos de uso.   <\/p>\n<p>[\/et_pb_text][et_pb_text _builder_version=\u00bb4.27.4&#8243; _module_preset=\u00bbdefault\u00bb text_font_size=\u00bb16px\u00bb link_text_color=\u00bb#5FBFBB\u00bb header_2_text_color=\u00bb#046A83&#8243; header_2_font_size=\u00bb28px\u00bb hover_enabled=\u00bb0&#8243; global_colors_info=\u00bb{}\u00bb sticky_enabled=\u00bb0&#8243;]<\/p>\n<h2>3. C\u00f3mo gestionar las preferencias y proporcionar o retirar el consentimiento <\/h2>\n<p> Existen varias maneras de gestionar las preferencias relacionadas con los Rastreadores y de proporcionar y retirar el consentimiento, si procede: Los usuarios pueden gestionar las preferencias relacionadas con los rastreadores directamente desde la configuraci\u00f3n de su propio dispositivo, por ejemplo, impidiendo el uso o almacenamiento de los rastreadores. Adem\u00e1s, siempre que el uso de Rastreadores se base en el consentimiento, los usuarios pueden proporcionar o retirar este consentimiento estableciendo sus preferencias dentro del aviso de cookies o actualizando estas preferencias en consecuencia mediante el widget de consentimiento-preferencias correspondiente, si est\u00e1 disponible. Tambi\u00e9n es posible, mediante las funciones relevantes del navegador o del dispositivo, eliminar los rastreadores almacenados anteriormente, incluidos los que se utilizan para recordar el consentimiento inicial del usuario. Pueden borrarse otros historiales de la memoria local del navegador eliminando el historial de navegaci\u00f3n. En cuanto a cualquier rastreador de terceros, los usuarios pueden gestionar sus preferencias y retirar su consentimiento mediante el enlace de desactivaci\u00f3n relacionado (si se proporciona), mediante los medios indicados en la pol\u00edtica de privacidad del tercero o contactando con el tercero.[\/et_pb_text][et_pb_text _builder_version=\u00bb4.27.4&#8243; _module_preset=\u00bbdefault\u00bb text_font_size=\u00bb16px\u00bb link_text_color=\u00bb#5FBFBB\u00bb header_2_text_color=\u00bb#046A83&#8243; header_2_font_size=\u00bb28px\u00bb hover_enabled=\u00bb0&#8243; global_colors_info=\u00bb{}\u00bb sticky_enabled=\u00bb0&#8243;]<\/p>\n<h2>Localizaci\u00f3n de la configuraci\u00f3n del rastreador<\/h2>\n<p> Los usuarios pueden, por ejemplo, encontrar informaci\u00f3n sobre c\u00f3mo gestionar las cookies en los navegadores m\u00e1s utilizados en las direcciones siguientes: <\/p>\n<ul>\n<li><a href=\"https:\/\/support.google.com\/chrome\/answer\/95647?hl=en&amp;p=cpn_cookies\" target=\"_blank\" rel=\"noopener nofollow\">Google Chrome<\/a><\/li>\n<li><a href=\"https:\/\/support.mozilla.org\/en-US\/kb\/enable-and-disable-cookies-website-preferences\" target=\"_blank\" rel=\"noopener nofollow\">Mozilla Firefox<\/a><\/li>\n<li><a href=\"https:\/\/support.apple.com\/guide\/safari\/manage-cookies-and-website-data-sfri11471\/\" target=\"_blank\" rel=\"noopener nofollow\">Apple Safari<\/a><\/li>\n<li><a href=\"http:\/\/windows.microsoft.com\/en-us\/windows-vista\/block-or-allow-cookies\" target=\"_blank\" rel=\"noopener nofollow\">Microsoft Internet Explorer<\/a><\/li>\n<li><a href=\"https:\/\/support.microsoft.com\/en-us\/help\/4027947\" target=\"_blank\" rel=\"noopener nofollow\">Microsoft Edge<\/a><\/li>\n<li><a href=\"https:\/\/support.brave.com\/hc\/en-us\/articles\/360022806212-How-do-I-use-Shields-while-browsing\" target=\"_blank\" rel=\"noopener nofollow\">Brave<\/a><\/li>\n<li><a href=\"https:\/\/help.opera.com\/en\/latest\/web-preferences\/#cookies\" target=\"_blank\" rel=\"noopener nofollow\">Opera<\/a><\/li>\n<\/ul>\n<p> Los usuarios tambi\u00e9n pueden gestionar determinadas categor\u00edas de rastreadores que se utilizan en las aplicaciones m\u00f3viles si desactivan la configuraci\u00f3n del dispositivo relevante, como la configuraci\u00f3n de publicidad de dispositivos para dispositivos m\u00f3viles o la configuraci\u00f3n de seguimiento en general (los usuarios pueden abrir la configuraci\u00f3n del dispositivo, ver y buscar la configuraci\u00f3n pertinente).<\/p>\n<p>[\/et_pb_text][et_pb_text _builder_version=\u00bb4.27.4&#8243; _module_preset=\u00bbdefault\u00bb text_font_size=\u00bb16px\u00bb link_text_color=\u00bb#5FBFBB\u00bb header_2_text_color=\u00bb#046A83&#8243; header_2_font_size=\u00bb28px\u00bb hover_enabled=\u00bb0&#8243; global_colors_info=\u00bb{}\u00bb sticky_enabled=\u00bb0&#8243;]<\/p>\n<h2>Desactivaci\u00f3n espec\u00edfica de la industria publicitaria<\/h2>\n<p> A pesar de lo anterior, los usuarios pueden seguir las instrucciones proporcionadas por <a href=\"http:\/\/www.youronlinechoices.eu\/\" target=\"_blank\" rel=\"noopener nofollow\">YourOnlineChoices<\/a> (UE), the <a href=\"https:\/\/www.networkadvertising.org\/understanding-digital-advertising\" target=\"_blank\" rel=\"noopener nofollow\">Network Advertising Initiative<\/a> (US) y la <a href=\"https:\/\/www.aboutads.info\/consumers\/\" target=\"_blank\" rel=\"noopener nofollow\">Digital Advertising Alliance<\/a> (US), <a href=\"https:\/\/youradchoices.ca\/understanding-online-advertising\/\" target=\"_blank\" rel=\"noopener nofollow\">DAAC<\/a> (Canad\u00e1), <a href=\"http:\/\/www.ddai.info\/optout\" target=\"_blank\" rel=\"noopener nofollow\">DDAI<\/a> (Jap\u00f3n) o otros servicios similares. Estas iniciativas permiten a los usuarios seleccionar sus preferencias de seguimiento para la mayor\u00eda de las herramientas publicitarias. Por lo tanto, el propietario recomienda a los usuarios que hagan uso de estos recursos adem\u00e1s de la informaci\u00f3n proporcionada en este documento. Digital Advertising Alliance ofrece una aplicaci\u00f3n llamada <a href=\"https:\/\/youradchoices.com\/appchoices\" target=\"_blank\" rel=\"noopener nofollow\">AppChoices<\/a> que ayuda a los usuarios a controlar la publicidad basada en los intereses en aplicaciones m\u00f3viles.[\/et_pb_text][et_pb_text _builder_version=\u00bb4.27.4&#8243; _module_preset=\u00bbdefault\u00bb text_font_size=\u00bb16px\u00bb link_text_color=\u00bb#5FBFBB\u00bb header_2_text_color=\u00bb#046A83&#8243; header_2_font_size=\u00bb28px\u00bb hover_enabled=\u00bb0&#8243; global_colors_info=\u00bb{}\u00bb sticky_enabled=\u00bb0&#8243;]<\/p>\n<h2>4. Propietario y responsable del tratamiento de los datos<\/h2>\n<p>CSIC Agencia Estatal Consejo Superior de Investigaciones Cient\u00edficas<\/p>\n<p><strong>Departamento de Derecho<\/strong><br \/>Jos\u00e9 L\u00f3pez Calvo<br \/>Correo electr\u00f3nico: <a href=\"mailto:delegadoprotecciondatos@csic.es\">delegadoprotecciondatos@csic.es<\/a><br \/>M\u00e1s informaci\u00f3n: <a href=\"http:\/\/digital.csic.es\/dc\/politicas\/politicaDatos.jsp\">http:\/\/digital.csic.es\/dc\/politicas\/politicaDatos.jsp<\/a><\/p>\n<p>Dado que el uso de rastreadores de terceros a trav\u00e9s de este sitio web no puede ser controlado totalmente por el propietario, cualquier referencia espec\u00edfica a rastreadores de terceros debe considerarse indicativa. Para obtener informaci\u00f3n completa, se pide a los usuarios que consulten las pol\u00edticas de privacidad de los servicios de terceros respectivos que figuran en este documento. <\/p>\n<p>Dada la complejidad objetiva que rodea las tecnolog\u00edas de seguimiento, se recomienda a los usuarios que se pongan en contacto con el propietario si desean recibir m\u00e1s informaci\u00f3n sobre el uso de estas tecnolog\u00edas por parte de este sitio web.<\/p>\n<p>[\/et_pb_text][\/et_pb_column][et_pb_column type=\u00bb1_3&#8243; _builder_version=\u00bb4.27.4&#8243; _module_preset=\u00bbdefault\u00bb global_colors_info=\u00bb{}\u00bb][\/et_pb_column][\/et_pb_row][\/et_pb_section]<\/p>\n","protected":false},"excerpt":{"rendered":"<p>Pol\u00edtica de cookiesEste documento informa a los usuarios sobre las tecnolog\u00edas que ayudan a este sitio web a alcanzar los objetivos que se describen a continuaci\u00f3n. Estas tecnolog\u00edas permiten al propietario acceder y almacenar informaci\u00f3n (por ejemplo, mediante el uso de cookies) o utilizar recursos (por ejemplo, mediante la ejecuci\u00f3n de un script) en el dispositivo de un usuario mientras interact\u00faa con este sitio web. Para simplificar, todas estas tecnolog\u00edas se definen como \u00abSeguidores\u00bb dentro de este documento, a menos que haya una raz\u00f3n para diferenciarlas. Por ejemplo, aunque las cookies se pueden utilizar tanto en navegadores web como en m\u00f3viles, no ser\u00eda preciso hablar de cookies en el contexto de las aplicaciones m\u00f3viles, ya que son un rastreador basado en navegadores. Por esta raz\u00f3n, dentro de este documento, el t\u00e9rmino Cookies solo se utiliza cuando se especifica espec\u00edficamente para indicar este tipo concreto de rastreador. Algunos de los prop\u00f3sitos para los cuales se utilizan los rastreadores tambi\u00e9n pueden requerir el consentimiento del Usuario. Siempre que se d\u00e9 el consentimiento, puede ser retirado libremente en cualquier momento siguiendo las instrucciones proporcionadas en este documento. Este sitio web utiliza rastreadores gestionados directamente por el propietario (los llamados rastreadores \u00abpropios\u00bb) y rastreadores [&hellip;]<\/p>\n","protected":false},"author":1,"featured_media":0,"parent":0,"menu_order":0,"comment_status":"closed","ping_status":"closed","template":"","meta":{"_acf_changed":false,"_et_pb_use_builder":"on","_et_pb_old_content":"","_et_gb_content_width":"","footnotes":""},"class_list":["post-1411","page","type-page","status-publish","hentry"],"acf":[],"yoast_head":"<!-- This site is optimized with the Yoast SEO plugin v27.4 - https:\/\/yoast.com\/product\/yoast-seo-wordpress\/ -->\n<title>Pol\u00edtica de cookies - BioMarat\u00f3<\/title>\n<meta name=\"robots\" content=\"index, follow, max-snippet:-1, max-image-preview:large, max-video-preview:-1\" \/>\n<link rel=\"canonical\" href=\"https:\/\/biomarato.org\/es\/politica-de-cookies\/\" \/>\n<meta property=\"og:locale\" content=\"es_ES\" \/>\n<meta property=\"og:type\" content=\"article\" \/>\n<meta property=\"og:title\" content=\"Pol\u00edtica de cookies - BioMarat\u00f3\" \/>\n<meta property=\"og:description\" content=\"Pol\u00edtica de cookiesEste documento informa a los usuarios sobre las tecnolog\u00edas que ayudan a este sitio web a alcanzar los objetivos que se describen a continuaci\u00f3n. Estas tecnolog\u00edas permiten al propietario acceder y almacenar informaci\u00f3n (por ejemplo, mediante el uso de cookies) o utilizar recursos (por ejemplo, mediante la ejecuci\u00f3n de un script) en el dispositivo de un usuario mientras interact\u00faa con este sitio web. Para simplificar, todas estas tecnolog\u00edas se definen como &quot;Seguidores&quot; dentro de este documento, a menos que haya una raz\u00f3n para diferenciarlas. Por ejemplo, aunque las cookies se pueden utilizar tanto en navegadores web como en m\u00f3viles, no ser\u00eda preciso hablar de cookies en el contexto de las aplicaciones m\u00f3viles, ya que son un rastreador basado en navegadores. Por esta raz\u00f3n, dentro de este documento, el t\u00e9rmino Cookies solo se utiliza cuando se especifica espec\u00edficamente para indicar este tipo concreto de rastreador. Algunos de los prop\u00f3sitos para los cuales se utilizan los rastreadores tambi\u00e9n pueden requerir el consentimiento del Usuario. Siempre que se d\u00e9 el consentimiento, puede ser retirado libremente en cualquier momento siguiendo las instrucciones proporcionadas en este documento. Este sitio web utiliza rastreadores gestionados directamente por el propietario (los llamados rastreadores &quot;propios&quot;) y rastreadores [&hellip;]\" \/>\n<meta property=\"og:url\" content=\"https:\/\/biomarato.org\/es\/politica-de-cookies\/\" \/>\n<meta property=\"og:site_name\" content=\"BioMarat\u00f3\" \/>\n<meta property=\"article:modified_time\" content=\"2025-01-24T12:37:45+00:00\" \/>\n<meta name=\"twitter:card\" content=\"summary_large_image\" \/>\n<meta name=\"twitter:label1\" content=\"Tiempo de lectura\" \/>\n\t<meta name=\"twitter:data1\" content=\"7 minutos\" \/>\n<script type=\"application\/ld+json\" class=\"yoast-schema-graph\">{\"@context\":\"https:\\\/\\\/schema.org\",\"@graph\":[{\"@type\":\"WebPage\",\"@id\":\"https:\\\/\\\/biomarato.org\\\/es\\\/politica-de-cookies\\\/\",\"url\":\"https:\\\/\\\/biomarato.org\\\/es\\\/politica-de-cookies\\\/\",\"name\":\"Pol\u00edtica de cookies - BioMarat\u00f3\",\"isPartOf\":{\"@id\":\"https:\\\/\\\/biomarato.org\\\/es\\\/#website\"},\"datePublished\":\"2024-11-27T09:34:34+00:00\",\"dateModified\":\"2025-01-24T12:37:45+00:00\",\"breadcrumb\":{\"@id\":\"https:\\\/\\\/biomarato.org\\\/es\\\/politica-de-cookies\\\/#breadcrumb\"},\"inLanguage\":\"es\",\"potentialAction\":[{\"@type\":\"ReadAction\",\"target\":[\"https:\\\/\\\/biomarato.org\\\/es\\\/politica-de-cookies\\\/\"]}]},{\"@type\":\"BreadcrumbList\",\"@id\":\"https:\\\/\\\/biomarato.org\\\/es\\\/politica-de-cookies\\\/#breadcrumb\",\"itemListElement\":[{\"@type\":\"ListItem\",\"position\":1,\"name\":\"Inici\",\"item\":\"https:\\\/\\\/biomarato.org\\\/es\\\/\"},{\"@type\":\"ListItem\",\"position\":2,\"name\":\"Pol\u00edtica de cookies\"}]},{\"@type\":\"WebSite\",\"@id\":\"https:\\\/\\\/biomarato.org\\\/es\\\/#website\",\"url\":\"https:\\\/\\\/biomarato.org\\\/es\\\/\",\"name\":\"BioMarat\u00f3\",\"description\":\"Uneix-te a la gran aventura\",\"potentialAction\":[{\"@type\":\"SearchAction\",\"target\":{\"@type\":\"EntryPoint\",\"urlTemplate\":\"https:\\\/\\\/biomarato.org\\\/es\\\/?s={search_term_string}\"},\"query-input\":{\"@type\":\"PropertyValueSpecification\",\"valueRequired\":true,\"valueName\":\"search_term_string\"}}],\"inLanguage\":\"es\"}]}<\/script>\n<!-- \/ Yoast SEO plugin. -->","yoast_head_json":{"title":"Pol\u00edtica de cookies - BioMarat\u00f3","robots":{"index":"index","follow":"follow","max-snippet":"max-snippet:-1","max-image-preview":"max-image-preview:large","max-video-preview":"max-video-preview:-1"},"canonical":"https:\/\/biomarato.org\/es\/politica-de-cookies\/","og_locale":"es_ES","og_type":"article","og_title":"Pol\u00edtica de cookies - BioMarat\u00f3","og_description":"Pol\u00edtica de cookiesEste documento informa a los usuarios sobre las tecnolog\u00edas que ayudan a este sitio web a alcanzar los objetivos que se describen a continuaci\u00f3n. Estas tecnolog\u00edas permiten al propietario acceder y almacenar informaci\u00f3n (por ejemplo, mediante el uso de cookies) o utilizar recursos (por ejemplo, mediante la ejecuci\u00f3n de un script) en el dispositivo de un usuario mientras interact\u00faa con este sitio web. Para simplificar, todas estas tecnolog\u00edas se definen como \"Seguidores\" dentro de este documento, a menos que haya una raz\u00f3n para diferenciarlas. Por ejemplo, aunque las cookies se pueden utilizar tanto en navegadores web como en m\u00f3viles, no ser\u00eda preciso hablar de cookies en el contexto de las aplicaciones m\u00f3viles, ya que son un rastreador basado en navegadores. Por esta raz\u00f3n, dentro de este documento, el t\u00e9rmino Cookies solo se utiliza cuando se especifica espec\u00edficamente para indicar este tipo concreto de rastreador. Algunos de los prop\u00f3sitos para los cuales se utilizan los rastreadores tambi\u00e9n pueden requerir el consentimiento del Usuario. Siempre que se d\u00e9 el consentimiento, puede ser retirado libremente en cualquier momento siguiendo las instrucciones proporcionadas en este documento. Este sitio web utiliza rastreadores gestionados directamente por el propietario (los llamados rastreadores \"propios\") y rastreadores [&hellip;]","og_url":"https:\/\/biomarato.org\/es\/politica-de-cookies\/","og_site_name":"BioMarat\u00f3","article_modified_time":"2025-01-24T12:37:45+00:00","twitter_card":"summary_large_image","twitter_misc":{"Tiempo de lectura":"7 minutos"},"schema":{"@context":"https:\/\/schema.org","@graph":[{"@type":"WebPage","@id":"https:\/\/biomarato.org\/es\/politica-de-cookies\/","url":"https:\/\/biomarato.org\/es\/politica-de-cookies\/","name":"Pol\u00edtica de cookies - BioMarat\u00f3","isPartOf":{"@id":"https:\/\/biomarato.org\/es\/#website"},"datePublished":"2024-11-27T09:34:34+00:00","dateModified":"2025-01-24T12:37:45+00:00","breadcrumb":{"@id":"https:\/\/biomarato.org\/es\/politica-de-cookies\/#breadcrumb"},"inLanguage":"es","potentialAction":[{"@type":"ReadAction","target":["https:\/\/biomarato.org\/es\/politica-de-cookies\/"]}]},{"@type":"BreadcrumbList","@id":"https:\/\/biomarato.org\/es\/politica-de-cookies\/#breadcrumb","itemListElement":[{"@type":"ListItem","position":1,"name":"Inici","item":"https:\/\/biomarato.org\/es\/"},{"@type":"ListItem","position":2,"name":"Pol\u00edtica de cookies"}]},{"@type":"WebSite","@id":"https:\/\/biomarato.org\/es\/#website","url":"https:\/\/biomarato.org\/es\/","name":"BioMarat\u00f3","description":"Uneix-te a la gran aventura","potentialAction":[{"@type":"SearchAction","target":{"@type":"EntryPoint","urlTemplate":"https:\/\/biomarato.org\/es\/?s={search_term_string}"},"query-input":{"@type":"PropertyValueSpecification","valueRequired":true,"valueName":"search_term_string"}}],"inLanguage":"es"}]}},"_links":{"self":[{"href":"https:\/\/biomarato.org\/es\/wp-json\/wp\/v2\/pages\/1411","targetHints":{"allow":["GET"]}}],"collection":[{"href":"https:\/\/biomarato.org\/es\/wp-json\/wp\/v2\/pages"}],"about":[{"href":"https:\/\/biomarato.org\/es\/wp-json\/wp\/v2\/types\/page"}],"author":[{"embeddable":true,"href":"https:\/\/biomarato.org\/es\/wp-json\/wp\/v2\/users\/1"}],"replies":[{"embeddable":true,"href":"https:\/\/biomarato.org\/es\/wp-json\/wp\/v2\/comments?post=1411"}],"version-history":[{"count":2,"href":"https:\/\/biomarato.org\/es\/wp-json\/wp\/v2\/pages\/1411\/revisions"}],"predecessor-version":[{"id":1413,"href":"https:\/\/biomarato.org\/es\/wp-json\/wp\/v2\/pages\/1411\/revisions\/1413"}],"wp:attachment":[{"href":"https:\/\/biomarato.org\/es\/wp-json\/wp\/v2\/media?parent=1411"}],"curies":[{"name":"wp","href":"https:\/\/api.w.org\/{rel}","templated":true}]}}