{"id":1418,"date":"2024-11-27T09:23:36","date_gmt":"2024-11-27T09:23:36","guid":{"rendered":"https:\/\/biomarato.org\/politica-de-privacidad\/"},"modified":"2025-01-24T15:18:42","modified_gmt":"2025-01-24T15:18:42","slug":"politica-de-privacidad","status":"publish","type":"page","link":"https:\/\/biomarato.org\/es\/politica-de-privacidad\/","title":{"rendered":"Pol\u00edtica de privacidad"},"content":{"rendered":"<p>[et_pb_section fb_built=\u00bb1&#8243; _builder_version=\u00bb4.27.4&#8243; _module_preset=\u00bbdefault\u00bb global_colors_info=\u00bb{}\u00bb theme_builder_area=\u00bbpost_content\u00bb][et_pb_row column_structure=\u00bb2_3,1_3&#8243; _builder_version=\u00bb4.27.4&#8243; _module_preset=\u00bbdefault\u00bb global_colors_info=\u00bb{}\u00bb theme_builder_area=\u00bbpost_content\u00bb][et_pb_column type=\u00bb2_3&#8243; _builder_version=\u00bb4.27.4&#8243; _module_preset=\u00bbdefault\u00bb global_colors_info=\u00bb{}\u00bb theme_builder_area=\u00bbpost_content\u00bb][et_pb_text _builder_version=\u00bb4.27.4&#8243; _module_preset=\u00bbdefault\u00bb header_text_color=\u00bb#046A83&#8243; header_font_size=\u00bb50px\u00bb hover_enabled=\u00bb0&#8243; global_colors_info=\u00bb{}\u00bb theme_builder_area=\u00bbpost_content\u00bb sticky_enabled=\u00bb0&#8243;]<\/p>\n<h1>Pol\u00edtica de privacidad<\/h1>\n<p>[\/et_pb_text][et_pb_text _builder_version=\u00bb4.27.4&#8243; _module_preset=\u00bbdefault\u00bb text_font_size=\u00bb16px\u00bb link_text_color=\u00bb#5FBFBB\u00bb header_2_text_color=\u00bb#046A83&#8243; header_2_font_size=\u00bb28px\u00bb hover_enabled=\u00bb0&#8243; global_colors_info=\u00bb{}\u00bb theme_builder_area=\u00bbpost_content\u00bb sticky_enabled=\u00bb0&#8243;]<\/p>\n<div class=\"elementor-element elementor-element-6208334 elementor-widget elementor-widget-text-editor\" data-id=\"6208334\" data-element_type=\"widget\" data-widget_type=\"text-editor.default\">\n<div class=\"elementor-widget-container\">\n<div class=\"elementor-element elementor-element-b58ae78 elementor-widget elementor-widget-heading\" data-id=\"b58ae78\" data-element_type=\"widget\" data-widget_type=\"heading.default\">\n<h2>1. Consentimiento del usuario<\/h2>\n<p>Al completar y enviar los formularios de este sitio web, el usuario acepta expresamente que sus datos personales sean tratados autom\u00e1ticamente por ICM-CSIC.<\/p>\n<p>ICM-CSIC informa que los datos personales proporcionados ser\u00e1n compartidos con los organizadores: Federaci\u00f3 Catalana d\u2019Activitats Subaqu\u00e0tiques (FECDAS), An\u00e8l\u00b7lides-Serveis Ambientals, Pl\u00e0ncton Diving y Associaci\u00f3 Oce\u00e1nicos. La raz\u00f3n leg\u00edtima de estas transferencias ser\u00e1 las actividades organizadas en el marco de la BioMARat\u00f3 o la realizaci\u00f3n de investigaciones acad\u00e9micas. <\/p>\n<p>Los datos se guardar\u00e1n mientras se mantenga el inter\u00e9s mutuo para el cual fueron recogidos y, cuando esta finalidad ya no exista, se eliminar\u00e1n con las medidas de seguridad adecuadas para garantizar la seudonimizaci\u00f3n de los datos o su total destrucci\u00f3n.<\/p>\n<p>El usuario declara que toda la informaci\u00f3n suministrada es veraz y correcta y se compromete a notificar a ICM-CSIC cualquier cambio que se pueda producir en estos datos.<\/p>\n<p>Parte de la informaci\u00f3n solicitada por ICM-CSIC es obligatoria, ya que estos datos son necesarios para proporcionar un servicio \u00f3ptimo al usuario. Si el usuario no proporciona todos estos datos, ICM-CSIC no puede garantizar que la informaci\u00f3n y los servicios proporcionados satisfagan plenamente sus necesidades. ICM-CSIC informa a los usuarios cuando los datos son obligatorios y\/o necesarios para el buen funcionamiento del servicio.  <\/p>\n<p>Adem\u00e1s, si los usuarios env\u00edan datos personales sobre un tercero a trav\u00e9s de los formularios de este sitio web, primero deben obtener el consentimiento de esa parte e informarle del contenido de los p\u00e1rrafos anteriores.<\/p>\n<p>ICM-CSIC se reserva el derecho de hacer fotograf\u00edas y grabaciones de video de los eventos y actividades que organiza. Al aceptar esta exenci\u00f3n de responsabilidad legal al registrarse en estos eventos, los participantes otorgan expresamente un consentimiento previo y autorizan a ICM-CSIC a utilizar cualquier imagen del usuario que participe en un evento organizado por ICM-CSIC para emitirla en un canal de informaci\u00f3n en vivo, grabarla en video o difundirla abiertamente, de acuerdo con el derecho a la propia imagen, tal como establece el art\u00edculo 18 de la Constituci\u00f3n espa\u00f1ola, y el derecho al honor, a la intimidad personal y familiar y a la propia imagen, tal como establece la Ley org\u00e1nica 1\/1982, de 5 de mayo. <\/p>\n<p>Sin embargo, el usuario puede negarse a ser grabado y fotografiado en cualquier momento mediante la notificaci\u00f3n a ICM-CSIC de la forma establecida en la exenci\u00f3n de responsabilidad legal siguiente.<\/p>\n<\/div>\n<\/div>\n<\/div>\n<p>[\/et_pb_text][et_pb_text _builder_version=\u00bb4.27.4&#8243; _module_preset=\u00bbdefault\u00bb text_font_size=\u00bb16px\u00bb link_text_color=\u00bb#5FBFBB\u00bb header_2_text_color=\u00bb#046A83&#8243; header_2_font_size=\u00bb28px\u00bb hover_enabled=\u00bb0&#8243; global_colors_info=\u00bb{}\u00bb theme_builder_area=\u00bbpost_content\u00bb sticky_enabled=\u00bb0&#8243;]<\/p>\n<div class=\"elementor-element elementor-element-6208334 elementor-widget elementor-widget-text-editor\" data-id=\"6208334\" data-element_type=\"widget\" data-widget_type=\"text-editor.default\">\n<div class=\"elementor-widget-container\">\n<div class=\"elementor-element elementor-element-b58ae78 elementor-widget elementor-widget-heading\" data-id=\"b58ae78\" data-element_type=\"widget\" data-widget_type=\"heading.default\">\n<h2>2. Seguridad<\/h2>\n<p>De acuerdo con la normativa vigente en materia de protecci\u00f3n de datos, ICM-CSIC cumple todas las disposiciones del GDPR en cuanto al tratamiento de los datos bajo su custodia y expresamente con los principios descritos en el art\u00edculo 5 del GDPR, que son tratados de forma legal, leal y en relaci\u00f3n con la parte a la que pertenecen, limit\u00e1ndose al tratamiento adecuado, pertinente y estrictamente necesario para los fines para los que fueron proporcionados.<\/p>\n<p>ICM-CSIC asegura que ha implementado pol\u00edticas t\u00e9cnicas y organizativas adecuadas para aplicar las medidas de seguridad establecidas en el GDPR para proteger los derechos y libertades de los usuarios y ha notificado debidamente la informaci\u00f3n necesaria para ejercerlos.<\/p>\n<\/div>\n<\/div>\n<\/div>\n<p>[\/et_pb_text][et_pb_text _builder_version=\u00bb4.27.4&#8243; _module_preset=\u00bbdefault\u00bb text_font_size=\u00bb16px\u00bb link_text_color=\u00bb#5FBFBB\u00bb header_2_text_color=\u00bb#046A83&#8243; header_2_font_size=\u00bb28px\u00bb hover_enabled=\u00bb0&#8243; global_colors_info=\u00bb{}\u00bb theme_builder_area=\u00bbpost_content\u00bb sticky_enabled=\u00bb0&#8243;]<\/p>\n<div class=\"elementor-element elementor-element-6208334 elementor-widget elementor-widget-text-editor\" data-id=\"6208334\" data-element_type=\"widget\" data-widget_type=\"text-editor.default\">\n<div class=\"elementor-widget-container\">\n<div class=\"elementor-element elementor-element-b58ae78 elementor-widget elementor-widget-heading\" data-id=\"b58ae78\" data-element_type=\"widget\" data-widget_type=\"heading.default\">\n<h2>3. Informaci\u00f3n detallada sobre el tratamiento de datos personales<\/h2>\n<p>Algunos de los datos recogidos de la plataforma se obtienen mediante el uso de servicios de terceros. A continuaci\u00f3n, se detallan los datos recopilados y c\u00f3mo se utiliza: <\/p>\n<p><strong>Datos de contacto del usuario<\/strong><br \/>Formulario de contacto del usuario. Datos personales adquiridos: nombre, apellidos, correo electr\u00f3nico, afiliaci\u00f3n <\/p>\n<p>Formulario de registro de eventos del usuario. Datos personales adquiridos: nombre, apellidos, correo electr\u00f3nico, afiliaci\u00f3n y diversas tipolog\u00edas de datos. <\/p>\n<p><strong>Estad\u00edsticas<\/strong><\/p>\n<ul>\n<li>An\u00e1lisis de Google. Datos personales recogidos: direcci\u00f3n IP an\u00f3nima. Cookies y datos de uso  <\/li>\n<li>Estad\u00edsticas de WordPress (Automattic Inc.).<\/li>\n<li>Datos personales procesados: cookies; datos de uso <\/li>\n<\/ul>\n<p><strong>Gesti\u00f3n de etiquetas<\/strong><br \/>Gestor de etiquetas de Google. Datos personales adquiridos: cookies y datos de uso. <\/p>\n<p><strong>Servicios de plataforma y alojamiento<\/strong><br \/>WordPress.com (Automattic Inc.). Datos personales procesados: diversos tipos de datos seg\u00fan se especifica en la pol\u00edtica de privacidad del servicio.<\/p>\n<p><strong>Gesti\u00f3n de contactos y comunicaciones<\/strong><br \/>Mailchimp. Datos personales recogidos: correo electr\u00f3nico, nombre y apellidos, afiliaci\u00f3n, idioma.<\/p>\n<p><strong>Interacci\u00f3n con redes sociales<\/strong><br \/>Como botones y widgets sociales de Facebook, Twitter, Youtube, Instagram, botones de redes sociales y widgets de redes sociales AddThis. Datos personales recogidos: cookies y datos de uso. <\/p>\n<\/div>\n<\/div>\n<\/div>\n<p>[\/et_pb_text][et_pb_text _builder_version=\u00bb4.27.4&#8243; _module_preset=\u00bbdefault\u00bb text_font_size=\u00bb16px\u00bb link_text_color=\u00bb#5FBFBB\u00bb header_2_text_color=\u00bb#046A83&#8243; header_2_font_size=\u00bb28px\u00bb hover_enabled=\u00bb0&#8243; global_colors_info=\u00bb{}\u00bb theme_builder_area=\u00bbpost_content\u00bb sticky_enabled=\u00bb0&#8243;]<\/p>\n<div class=\"elementor-element elementor-element-6208334 elementor-widget elementor-widget-text-editor\" data-id=\"6208334\" data-element_type=\"widget\" data-widget_type=\"text-editor.default\">\n<div class=\"elementor-widget-container\">\n<div class=\"elementor-element elementor-element-b58ae78 elementor-widget elementor-widget-heading\" data-id=\"b58ae78\" data-element_type=\"widget\" data-widget_type=\"heading.default\">\n<h2>4. Ley aplicable y jurisdicci\u00f3n<\/h2>\n<p>Derecho a revocar el consentimiento en cualquier momento. Derecho de acceso, rectificaci\u00f3n, supresi\u00f3n, solicitud de portabilidad o limitaci\u00f3n, u oposici\u00f3n al tratamiento de sus datos. Derecho a presentar una reclamaci\u00f3n ante la autoridad de control competente (agpd.es) si considera que el tratamiento de datos personales no se ajusta a la normativa vigente.  <\/p>\n<p>Datos de contacto para ejercer los derechos: mediante el formulario <a href=\"https:\/\/www.csic.es\/en\/information-request\">https:\/\/www.csic.es\/en\/information-request<\/a> o al correo electr\u00f3nico <a href=\"mailto:delegadoprotecciondatos@csic.es\">delegadoprotecciondatos@csic.es<\/a>.<\/p>\n<\/div>\n<\/div>\n<\/div>\n<p>[\/et_pb_text][\/et_pb_column][et_pb_column type=\u00bb1_3&#8243; _builder_version=\u00bb4.27.4&#8243; _module_preset=\u00bbdefault\u00bb global_colors_info=\u00bb{}\u00bb theme_builder_area=\u00bbpost_content\u00bb][\/et_pb_column][\/et_pb_row][\/et_pb_section]<\/p>\n","protected":false},"excerpt":{"rendered":"<p>Pol\u00edtica de privacidad 1. Consentimiento del usuario Al completar y enviar los formularios de este sitio web, el usuario acepta expresamente que sus datos personales sean tratados autom\u00e1ticamente por ICM-CSIC. ICM-CSIC informa que los datos personales proporcionados ser\u00e1n compartidos con los organizadores: Federaci\u00f3 Catalana d\u2019Activitats Subaqu\u00e0tiques (FECDAS), An\u00e8l\u00b7lides-Serveis Ambientals, Pl\u00e0ncton Diving y Associaci\u00f3 Oce\u00e1nicos. La raz\u00f3n leg\u00edtima de estas transferencias ser\u00e1 las actividades organizadas en el marco de la BioMARat\u00f3 o la realizaci\u00f3n de investigaciones acad\u00e9micas. Los datos se guardar\u00e1n mientras se mantenga el inter\u00e9s mutuo para el cual fueron recogidos y, cuando esta finalidad ya no exista, se eliminar\u00e1n con las medidas de seguridad adecuadas para garantizar la seudonimizaci\u00f3n de los datos o su total destrucci\u00f3n. El usuario declara que toda la informaci\u00f3n suministrada es veraz y correcta y se compromete a notificar a ICM-CSIC cualquier cambio que se pueda producir en estos datos. Parte de la informaci\u00f3n solicitada por ICM-CSIC es obligatoria, ya que estos datos son necesarios para proporcionar un servicio \u00f3ptimo al usuario. Si el usuario no proporciona todos estos datos, ICM-CSIC no puede garantizar que la informaci\u00f3n y los servicios proporcionados satisfagan plenamente sus necesidades. ICM-CSIC informa a los usuarios cuando los datos son obligatorios [&hellip;]<\/p>\n","protected":false},"author":1,"featured_media":0,"parent":0,"menu_order":0,"comment_status":"closed","ping_status":"closed","template":"","meta":{"_acf_changed":false,"_et_pb_use_builder":"on","_et_pb_old_content":"","_et_gb_content_width":"","footnotes":""},"class_list":["post-1418","page","type-page","status-publish","hentry"],"acf":[],"yoast_head":"<!-- This site is optimized with the Yoast SEO plugin v27.4 - https:\/\/yoast.com\/product\/yoast-seo-wordpress\/ -->\n<title>Pol\u00edtica de privacidad - BioMarat\u00f3<\/title>\n<meta name=\"robots\" content=\"index, follow, max-snippet:-1, max-image-preview:large, max-video-preview:-1\" \/>\n<link rel=\"canonical\" href=\"https:\/\/biomarato.org\/es\/politica-de-privacidad\/\" \/>\n<meta property=\"og:locale\" content=\"es_ES\" \/>\n<meta property=\"og:type\" content=\"article\" \/>\n<meta property=\"og:title\" content=\"Pol\u00edtica de privacidad - BioMarat\u00f3\" \/>\n<meta property=\"og:description\" content=\"Pol\u00edtica de privacidad 1. Consentimiento del usuario Al completar y enviar los formularios de este sitio web, el usuario acepta expresamente que sus datos personales sean tratados autom\u00e1ticamente por ICM-CSIC. ICM-CSIC informa que los datos personales proporcionados ser\u00e1n compartidos con los organizadores: Federaci\u00f3 Catalana d\u2019Activitats Subaqu\u00e0tiques (FECDAS), An\u00e8l\u00b7lides-Serveis Ambientals, Pl\u00e0ncton Diving y Associaci\u00f3 Oce\u00e1nicos. La raz\u00f3n leg\u00edtima de estas transferencias ser\u00e1 las actividades organizadas en el marco de la BioMARat\u00f3 o la realizaci\u00f3n de investigaciones acad\u00e9micas. Los datos se guardar\u00e1n mientras se mantenga el inter\u00e9s mutuo para el cual fueron recogidos y, cuando esta finalidad ya no exista, se eliminar\u00e1n con las medidas de seguridad adecuadas para garantizar la seudonimizaci\u00f3n de los datos o su total destrucci\u00f3n. El usuario declara que toda la informaci\u00f3n suministrada es veraz y correcta y se compromete a notificar a ICM-CSIC cualquier cambio que se pueda producir en estos datos. Parte de la informaci\u00f3n solicitada por ICM-CSIC es obligatoria, ya que estos datos son necesarios para proporcionar un servicio \u00f3ptimo al usuario. Si el usuario no proporciona todos estos datos, ICM-CSIC no puede garantizar que la informaci\u00f3n y los servicios proporcionados satisfagan plenamente sus necesidades. ICM-CSIC informa a los usuarios cuando los datos son obligatorios [&hellip;]\" \/>\n<meta property=\"og:url\" content=\"https:\/\/biomarato.org\/es\/politica-de-privacidad\/\" \/>\n<meta property=\"og:site_name\" content=\"BioMarat\u00f3\" \/>\n<meta property=\"article:modified_time\" content=\"2025-01-24T15:18:42+00:00\" \/>\n<meta name=\"twitter:card\" content=\"summary_large_image\" \/>\n<meta name=\"twitter:label1\" content=\"Tiempo de lectura\" \/>\n\t<meta name=\"twitter:data1\" content=\"6 minutos\" \/>\n<script type=\"application\/ld+json\" class=\"yoast-schema-graph\">{\"@context\":\"https:\\\/\\\/schema.org\",\"@graph\":[{\"@type\":\"WebPage\",\"@id\":\"https:\\\/\\\/biomarato.org\\\/es\\\/politica-de-privacidad\\\/\",\"url\":\"https:\\\/\\\/biomarato.org\\\/es\\\/politica-de-privacidad\\\/\",\"name\":\"Pol\u00edtica de privacidad - BioMarat\u00f3\",\"isPartOf\":{\"@id\":\"https:\\\/\\\/biomarato.org\\\/es\\\/#website\"},\"datePublished\":\"2024-11-27T09:23:36+00:00\",\"dateModified\":\"2025-01-24T15:18:42+00:00\",\"breadcrumb\":{\"@id\":\"https:\\\/\\\/biomarato.org\\\/es\\\/politica-de-privacidad\\\/#breadcrumb\"},\"inLanguage\":\"es\",\"potentialAction\":[{\"@type\":\"ReadAction\",\"target\":[\"https:\\\/\\\/biomarato.org\\\/es\\\/politica-de-privacidad\\\/\"]}]},{\"@type\":\"BreadcrumbList\",\"@id\":\"https:\\\/\\\/biomarato.org\\\/es\\\/politica-de-privacidad\\\/#breadcrumb\",\"itemListElement\":[{\"@type\":\"ListItem\",\"position\":1,\"name\":\"Inici\",\"item\":\"https:\\\/\\\/biomarato.org\\\/es\\\/\"},{\"@type\":\"ListItem\",\"position\":2,\"name\":\"Pol\u00edtica de privacidad\"}]},{\"@type\":\"WebSite\",\"@id\":\"https:\\\/\\\/biomarato.org\\\/es\\\/#website\",\"url\":\"https:\\\/\\\/biomarato.org\\\/es\\\/\",\"name\":\"BioMarat\u00f3\",\"description\":\"Uneix-te a la gran aventura\",\"potentialAction\":[{\"@type\":\"SearchAction\",\"target\":{\"@type\":\"EntryPoint\",\"urlTemplate\":\"https:\\\/\\\/biomarato.org\\\/es\\\/?s={search_term_string}\"},\"query-input\":{\"@type\":\"PropertyValueSpecification\",\"valueRequired\":true,\"valueName\":\"search_term_string\"}}],\"inLanguage\":\"es\"}]}<\/script>\n<!-- \/ Yoast SEO plugin. -->","yoast_head_json":{"title":"Pol\u00edtica de privacidad - BioMarat\u00f3","robots":{"index":"index","follow":"follow","max-snippet":"max-snippet:-1","max-image-preview":"max-image-preview:large","max-video-preview":"max-video-preview:-1"},"canonical":"https:\/\/biomarato.org\/es\/politica-de-privacidad\/","og_locale":"es_ES","og_type":"article","og_title":"Pol\u00edtica de privacidad - BioMarat\u00f3","og_description":"Pol\u00edtica de privacidad 1. Consentimiento del usuario Al completar y enviar los formularios de este sitio web, el usuario acepta expresamente que sus datos personales sean tratados autom\u00e1ticamente por ICM-CSIC. ICM-CSIC informa que los datos personales proporcionados ser\u00e1n compartidos con los organizadores: Federaci\u00f3 Catalana d\u2019Activitats Subaqu\u00e0tiques (FECDAS), An\u00e8l\u00b7lides-Serveis Ambientals, Pl\u00e0ncton Diving y Associaci\u00f3 Oce\u00e1nicos. La raz\u00f3n leg\u00edtima de estas transferencias ser\u00e1 las actividades organizadas en el marco de la BioMARat\u00f3 o la realizaci\u00f3n de investigaciones acad\u00e9micas. Los datos se guardar\u00e1n mientras se mantenga el inter\u00e9s mutuo para el cual fueron recogidos y, cuando esta finalidad ya no exista, se eliminar\u00e1n con las medidas de seguridad adecuadas para garantizar la seudonimizaci\u00f3n de los datos o su total destrucci\u00f3n. El usuario declara que toda la informaci\u00f3n suministrada es veraz y correcta y se compromete a notificar a ICM-CSIC cualquier cambio que se pueda producir en estos datos. Parte de la informaci\u00f3n solicitada por ICM-CSIC es obligatoria, ya que estos datos son necesarios para proporcionar un servicio \u00f3ptimo al usuario. Si el usuario no proporciona todos estos datos, ICM-CSIC no puede garantizar que la informaci\u00f3n y los servicios proporcionados satisfagan plenamente sus necesidades. ICM-CSIC informa a los usuarios cuando los datos son obligatorios [&hellip;]","og_url":"https:\/\/biomarato.org\/es\/politica-de-privacidad\/","og_site_name":"BioMarat\u00f3","article_modified_time":"2025-01-24T15:18:42+00:00","twitter_card":"summary_large_image","twitter_misc":{"Tiempo de lectura":"6 minutos"},"schema":{"@context":"https:\/\/schema.org","@graph":[{"@type":"WebPage","@id":"https:\/\/biomarato.org\/es\/politica-de-privacidad\/","url":"https:\/\/biomarato.org\/es\/politica-de-privacidad\/","name":"Pol\u00edtica de privacidad - BioMarat\u00f3","isPartOf":{"@id":"https:\/\/biomarato.org\/es\/#website"},"datePublished":"2024-11-27T09:23:36+00:00","dateModified":"2025-01-24T15:18:42+00:00","breadcrumb":{"@id":"https:\/\/biomarato.org\/es\/politica-de-privacidad\/#breadcrumb"},"inLanguage":"es","potentialAction":[{"@type":"ReadAction","target":["https:\/\/biomarato.org\/es\/politica-de-privacidad\/"]}]},{"@type":"BreadcrumbList","@id":"https:\/\/biomarato.org\/es\/politica-de-privacidad\/#breadcrumb","itemListElement":[{"@type":"ListItem","position":1,"name":"Inici","item":"https:\/\/biomarato.org\/es\/"},{"@type":"ListItem","position":2,"name":"Pol\u00edtica de privacidad"}]},{"@type":"WebSite","@id":"https:\/\/biomarato.org\/es\/#website","url":"https:\/\/biomarato.org\/es\/","name":"BioMarat\u00f3","description":"Uneix-te a la gran aventura","potentialAction":[{"@type":"SearchAction","target":{"@type":"EntryPoint","urlTemplate":"https:\/\/biomarato.org\/es\/?s={search_term_string}"},"query-input":{"@type":"PropertyValueSpecification","valueRequired":true,"valueName":"search_term_string"}}],"inLanguage":"es"}]}},"_links":{"self":[{"href":"https:\/\/biomarato.org\/es\/wp-json\/wp\/v2\/pages\/1418","targetHints":{"allow":["GET"]}}],"collection":[{"href":"https:\/\/biomarato.org\/es\/wp-json\/wp\/v2\/pages"}],"about":[{"href":"https:\/\/biomarato.org\/es\/wp-json\/wp\/v2\/types\/page"}],"author":[{"embeddable":true,"href":"https:\/\/biomarato.org\/es\/wp-json\/wp\/v2\/users\/1"}],"replies":[{"embeddable":true,"href":"https:\/\/biomarato.org\/es\/wp-json\/wp\/v2\/comments?post=1418"}],"version-history":[{"count":2,"href":"https:\/\/biomarato.org\/es\/wp-json\/wp\/v2\/pages\/1418\/revisions"}],"predecessor-version":[{"id":1420,"href":"https:\/\/biomarato.org\/es\/wp-json\/wp\/v2\/pages\/1418\/revisions\/1420"}],"wp:attachment":[{"href":"https:\/\/biomarato.org\/es\/wp-json\/wp\/v2\/media?parent=1418"}],"curies":[{"name":"wp","href":"https:\/\/api.w.org\/{rel}","templated":true}]}}