{"id":1028,"date":"2024-12-05T17:54:24","date_gmt":"2024-12-05T15:54:24","guid":{"rendered":"https:\/\/biomarato.org\/portugal\/the-biomarato-in-catalonia\/"},"modified":"2025-05-19T10:46:17","modified_gmt":"2025-05-19T08:46:17","slug":"biomaratona-norte-portugal","status":"publish","type":"page","link":"https:\/\/biomarato.org\/portugal\/biomaratona-norte-portugal\/","title":{"rendered":"BioMARatona Norte Portugal"},"content":{"rendered":"<p>[et_pb_section fb_built=&#8221;1&#8243; custom_padding_last_edited=&#8221;on|phone&#8221; _builder_version=&#8221;4.27.2&#8243; _module_preset=&#8221;_initial&#8221; background_color=&#8221;#F5FFFE&#8221; custom_padding=&#8221;6em||6em||true|false&#8221; custom_padding_tablet=&#8221;3em||3em||true|false&#8221; custom_padding_phone=&#8221;2em||2em||true|false&#8221; locked=&#8221;off&#8221; global_colors_info=&#8221;{}&#8221;][et_pb_row column_structure=&#8221;1_2,1_2&#8243; make_equal=&#8221;on&#8221; module_class=&#8221;align-center  row-to-col-tablet&#8221; _builder_version=&#8221;4.27.4&#8243; _module_preset=&#8221;_initial&#8221; global_colors_info=&#8221;{}&#8221; custom_css_main_element_last_edited=&#8221;on|tablet&#8221; custom_css_main_element_tablet=&#8221;img {||  width: revert-layer !important||}&#8221; custom_css_main_element_phone=&#8221;img {||  width: revert-layer !important||}&#8221;][et_pb_column type=&#8221;1_2&#8243; _builder_version=&#8221;4.27.2&#8243; _module_preset=&#8221;default&#8221; global_colors_info=&#8221;{}&#8221;][et_pb_text _builder_version=&#8221;4.27.4&#8243; _module_preset=&#8221;_initial&#8221; text_font=&#8221;|600||on|||||&#8221; text_line_height=&#8221;1.1em&#8221; width=&#8221;60%&#8221; global_colors_info=&#8221;{}&#8221;]<\/p>\n<p>Viva a ci\u00eancia cidad\u00e3<\/p>\n<p>[\/et_pb_text][et_pb_text _builder_version=&#8221;4.27.4&#8243; _module_preset=&#8221;_initial&#8221; header_font=&#8221;|800|||||||&#8221; header_text_color=&#8221;#046A83&#8243; header_font_size=&#8221;50px&#8221; header_2_font=&#8221;||||||||&#8221; header_2_text_color=&#8221;#046A83&#8243; header_2_font_size=&#8221;50px&#8221; global_colors_info=&#8221;{}&#8221;]<\/p>\n<h1>BioMARatona Portugal<\/h1>\n<p>[\/et_pb_text][et_pb_text _builder_version=&#8221;4.27.4&#8243; _module_preset=&#8221;_initial&#8221; link_font=&#8221;||||on||||&#8221; link_text_color=&#8221;#046A83&#8243; custom_margin_tablet=&#8221;||32px||false|false&#8221; custom_margin_phone=&#8221;||32px||false|false&#8221; custom_margin_last_edited=&#8221;on|tablet&#8221; global_colors_info=&#8221;{}&#8221;]<\/p>\n<p>A BioMARatona \u00e9 um evento de ci\u00eancia cidad\u00e3 em que o p\u00fablico em geral, a n\u00edvel individual ou atrav\u00e9s de grupos ou associa\u00e7\u00f5es, \u00e9 convidado a contribuir para a ci\u00eancia com observa\u00e7\u00f5es de biodiversidade. <br \/>Contudo, \u00e9 tamb\u00e9m uma aventura para toda a fam\u00edlia!<\/p>\n<p>Durante a BioMARatona, o grupo de cientistas\/investigadores do CoastalWarming organiza atividades abertas a todos em que guiamos o p\u00fablico pela biodiversidade costeira no norte de Portugal. Torna-te cientista por algumas horas e vem encontrar e identificar diferentes seres vivos nas rochas da zona entre mar\u00e9s e contribuir para um projeto de ci\u00eancia cidad\u00e3.<\/p>\n<p>Liderada por cientistas do CIBIO-InBio\/BIOPOLIS, em Vair\u00e3o, a BioMaratona decorrer\u00e1 de 3 de Maio (primeiro fim-de-semana de Maio) a 15 de Outubro.<\/p>\n<p>[\/et_pb_text][\/et_pb_column][et_pb_column type=&#8221;1_2&#8243; _builder_version=&#8221;4.27.4&#8243; _module_preset=&#8221;default&#8221; custom_padding_tablet=&#8221;|16px||16px|false|true&#8221; custom_padding_phone=&#8221;|16px||16px|false|true&#8221; custom_padding_last_edited=&#8221;on|phone&#8221; global_colors_info=&#8221;{}&#8221;][et_pb_image src=&#8221;https:\/\/biomarato.org\/portugal\/wp-content\/uploads\/sites\/4\/2025\/05\/20240806_095320-scaled.jpg&#8221; title_text=&#8221;20240806_095320&#8243; _builder_version=&#8221;4.27.4&#8243; _module_preset=&#8221;default&#8221; global_colors_info=&#8221;{}&#8221;][\/et_pb_image][\/et_pb_column][\/et_pb_row][\/et_pb_section][et_pb_section fb_built=&#8221;1&#8243; _builder_version=&#8221;4.27.4&#8243; _module_preset=&#8221;_initial&#8221; background_color=&#8221;#F5FFFE&#8221; use_background_color_gradient=&#8221;on&#8221; background_color_gradient_stops=&#8221;#dff6f4 0%|#f5fffe 100%&#8221; custom_margin=&#8221;2em||||false|false&#8221; custom_padding=&#8221;12em||6em||false|false&#8221; top_divider_style=&#8221;waves&#8221; top_divider_color=&#8221;#F5FFFE&#8221; global_colors_info=&#8221;{}&#8221;][et_pb_row _builder_version=&#8221;4.27.4&#8243; _module_preset=&#8221;default&#8221; global_colors_info=&#8221;{}&#8221;][et_pb_column type=&#8221;4_4&#8243; _builder_version=&#8221;4.27.4&#8243; _module_preset=&#8221;default&#8221; global_colors_info=&#8221;{}&#8221;][et_pb_text _builder_version=&#8221;4.27.4&#8243; _module_preset=&#8221;_initial&#8221; header_font=&#8221;|800|||||||&#8221; header_text_color=&#8221;#046A83&#8243; header_font_size=&#8221;50px&#8221; header_2_font=&#8221;||||||||&#8221; header_2_text_color=&#8221;#046A83&#8243; header_2_font_size=&#8221;46px&#8221; custom_margin=&#8221;||1rem||false|false&#8221; custom_padding=&#8221;||0px||false|false&#8221; header_2_font_size_tablet=&#8221;46px&#8221; header_2_font_size_phone=&#8221;34px&#8221; header_2_font_size_last_edited=&#8221;on|phone&#8221; global_colors_info=&#8221;{}&#8221;]<\/p>\n<h2>Objetivos<\/h2>\n<p>[\/et_pb_text][\/et_pb_column][\/et_pb_row][et_pb_row column_structure=&#8221;1_2,1_2&#8243; _builder_version=&#8221;4.27.4&#8243; _module_preset=&#8221;default&#8221; global_colors_info=&#8221;{}&#8221;][et_pb_column type=&#8221;1_2&#8243; _builder_version=&#8221;4.27.4&#8243; _module_preset=&#8221;default&#8221; global_colors_info=&#8221;{}&#8221;][et_pb_blurb image=&#8221;https:\/\/biomarato.org\/portugal\/wp-content\/uploads\/sites\/4\/2024\/12\/check-circle.svg&#8221; icon_placement=&#8221;left&#8221; content_max_width=&#8221;100%&#8221; _builder_version=&#8221;4.27.4&#8243; _module_preset=&#8221;default&#8221; body_font_size=&#8221;22px&#8221; global_colors_info=&#8221;{}&#8221;]<\/p>\n<p>Catalogar e mapear a biodiversidade marinha e costeira de Portugal continental.<\/p>\n<p>[\/et_pb_blurb][et_pb_blurb image=&#8221;https:\/\/biomarato.org\/portugal\/wp-content\/uploads\/sites\/4\/2024\/12\/check-circle.svg&#8221; icon_placement=&#8221;left&#8221; content_max_width=&#8221;100%&#8221; _builder_version=&#8221;4.27.4&#8243; _module_preset=&#8221;default&#8221; body_font_size=&#8221;22px&#8221; body_line_height=&#8221;1.4em&#8221; global_colors_info=&#8221;{}&#8221;]<\/p>\n<p>Aumentar o conhecimento das esp\u00e9cies dos ecossistemas marinhos e costeiros de Portugal continental, bem como dos seus padr\u00f5es de distribui\u00e7\u00e3o geogr\u00e1fica e temporal.<\/p>\n<p>[\/et_pb_blurb][et_pb_blurb image=&#8221;https:\/\/biomarato.org\/portugal\/wp-content\/uploads\/sites\/4\/2024\/12\/check-circle.svg&#8221; icon_placement=&#8221;left&#8221; content_max_width=&#8221;100%&#8221; _builder_version=&#8221;4.27.4&#8243; _module_preset=&#8221;default&#8221; body_font_size=&#8221;22px&#8221; body_line_height=&#8221;1.4em&#8221; global_colors_info=&#8221;{}&#8221;]<\/p>\n<p>Detetar evid\u00eancias dos efeitos das atividades humanas na biodiversidade costeira.<\/p>\n<p>[\/et_pb_blurb][\/et_pb_column][et_pb_column type=&#8221;1_2&#8243; _builder_version=&#8221;4.27.4&#8243; _module_preset=&#8221;default&#8221; global_colors_info=&#8221;{}&#8221;][et_pb_blurb image=&#8221;https:\/\/biomarato.org\/portugal\/wp-content\/uploads\/sites\/4\/2024\/12\/check-circle.svg&#8221; icon_placement=&#8221;left&#8221; content_max_width=&#8221;100%&#8221; _builder_version=&#8221;4.27.4&#8243; _module_preset=&#8221;default&#8221; body_font_size=&#8221;22px&#8221; body_line_height=&#8221;1.4em&#8221; global_colors_info=&#8221;{}&#8221;]<\/p>\n<p>Sensibilizar para a riqueza da biodiversidade marinha e transformar a perce\u00e7\u00e3o social das nossas praias, revelando-as como ecossistemas vitais.<\/p>\n<p>[\/et_pb_blurb][et_pb_blurb image=&#8221;https:\/\/biomarato.org\/portugal\/wp-content\/uploads\/sites\/4\/2024\/12\/check-circle.svg&#8221; icon_placement=&#8221;left&#8221; content_max_width=&#8221;100%&#8221; _builder_version=&#8221;4.27.4&#8243; _module_preset=&#8221;default&#8221; body_font_size=&#8221;22px&#8221; body_line_height=&#8221;1.4em&#8221; global_colors_info=&#8221;{}&#8221;]<\/p>\n<p>Promover a intera\u00e7\u00e3o e partilha de informa\u00e7\u00e3o entre cidad\u00e3os e comunidade cient\u00edfica.<\/p>\n<p>[\/et_pb_blurb][et_pb_blurb image=&#8221;https:\/\/biomarato.org\/portugal\/wp-content\/uploads\/sites\/4\/2024\/12\/check-circle.svg&#8221; icon_placement=&#8221;left&#8221; content_max_width=&#8221;100%&#8221; _builder_version=&#8221;4.27.4&#8243; _module_preset=&#8221;default&#8221; body_font_size=&#8221;22px&#8221; body_line_height=&#8221;1.4em&#8221; global_colors_info=&#8221;{}&#8221;]<\/p>\n<p>Aumentar a participa\u00e7\u00e3o p\u00fablica no estudo da biodiversidade marinha e costeira.<\/p>\n<p>[\/et_pb_blurb][et_pb_text _builder_version=&#8221;4.27.4&#8243; _module_preset=&#8221;_initial&#8221; custom_margin_tablet=&#8221;||32px||false|false&#8221; custom_margin_phone=&#8221;||32px||false|false&#8221; custom_margin_last_edited=&#8221;on|tablet&#8221; global_colors_info=&#8221;{}&#8221;][\/et_pb_text][\/et_pb_column][\/et_pb_row][\/et_pb_section][et_pb_section fb_built=&#8221;1&#8243; module_class=&#8221;que_es_divider&#8221; _builder_version=&#8221;4.27.4&#8243; _module_preset=&#8221;_initial&#8221; background_color=&#8221;#F5FFFE&#8221; use_background_color_gradient=&#8221;on&#8221; background_color_gradient_stops=&#8221;rgba(0,0,0,0.4) 0%|rgba(10,10,10,0.4) 99%&#8221; background_color_gradient_overlays_image=&#8221;on&#8221; background_image=&#8221;https:\/\/biomarato.org\/portugal\/wp-content\/uploads\/sites\/4\/2024\/12\/hero_mediterrani3.jpg&#8221; parallax=&#8221;on&#8221; parallax_method=&#8221;off&#8221; custom_padding=&#8221;9em||9em||true|false&#8221; top_divider_style=&#8221;waves2&#8243; top_divider_color=&#8221;#F5FFFE&#8221; bottom_divider_style=&#8221;waves2&#8243; bottom_divider_color=&#8221;#F5FFFE&#8221; border_width_top=&#8221;5px&#8221; border_color_top=&#8221;#F5FFFE&#8221; border_width_bottom=&#8221;5px&#8221; border_color_bottom=&#8221;#F5FFFE&#8221; global_colors_info=&#8221;{}&#8221;][et_pb_row _builder_version=&#8221;4.27.2&#8243; _module_preset=&#8221;_initial&#8221; global_colors_info=&#8221;{}&#8221;][et_pb_column type=&#8221;4_4&#8243; _builder_version=&#8221;4.27.2&#8243; _module_preset=&#8221;default&#8221; global_colors_info=&#8221;{}&#8221;][et_pb_text _builder_version=&#8221;4.27.4&#8243; _module_preset=&#8221;_initial&#8221; text_font=&#8221;|700|||||||&#8221; text_text_color=&#8221;#FFFFFF&#8221; text_font_size=&#8221;45px&#8221; text_line_height=&#8221;1.1em&#8221; text_orientation=&#8221;center&#8221; width=&#8221;70%&#8221; module_alignment=&#8221;center&#8221; custom_margin=&#8221;0px||0px||false|false&#8221; custom_padding=&#8221;0px||0px||false|false&#8221; text_font_size_tablet=&#8221;45px&#8221; text_font_size_phone=&#8221;32px&#8221; text_font_size_last_edited=&#8221;on|phone&#8221; global_colors_info=&#8221;{}&#8221;]<\/p>\n<p>O BioMARatona 2025 ser\u00e1<br \/>de 5 de maio a 15 de outubro<\/p>\n<p>[\/et_pb_text][\/et_pb_column][\/et_pb_row][\/et_pb_section][et_pb_section fb_built=&#8221;1&#8243; _builder_version=&#8221;4.27.2&#8243; _module_preset=&#8221;_initial&#8221; background_color=&#8221;#F5FFFE&#8221; custom_padding=&#8221;12em||||false|false&#8221; global_colors_info=&#8221;{}&#8221;][et_pb_row column_structure=&#8221;1_2,1_2&#8243; make_equal=&#8221;on&#8221; module_class=&#8221;align-center&#8221; _builder_version=&#8221;4.27.4&#8243; _module_preset=&#8221;_initial&#8221; global_colors_info=&#8221;{}&#8221;][et_pb_column type=&#8221;1_2&#8243; _builder_version=&#8221;4.27.4&#8243; _module_preset=&#8221;default&#8221; custom_padding_tablet=&#8221;|16px||16px|false|true&#8221; custom_padding_phone=&#8221;|16px||16px|false|true&#8221; custom_padding_last_edited=&#8221;on|phone&#8221; custom_css_main_element=&#8221;img{||  width: revert-layer !important;||}&#8221; global_colors_info=&#8221;{}&#8221;][et_pb_image src=&#8221;https:\/\/biomarato.org\/portugal\/wp-content\/uploads\/sites\/4\/2025\/04\/Captura-de-pantalla-2025-04-23-a-les-13.35.22.png&#8221; title_text=&#8221;Captura de pantalla 2025-04-23 a les 13.35.22&#8243; _builder_version=&#8221;4.27.4&#8243; _module_preset=&#8221;_initial&#8221; custom_margin=&#8221;0em||||false|false&#8221; global_colors_info=&#8221;{}&#8221;][\/et_pb_image][\/et_pb_column][et_pb_column type=&#8221;1_2&#8243; _builder_version=&#8221;4.27.2&#8243; _module_preset=&#8221;default&#8221; global_colors_info=&#8221;{}&#8221;][et_pb_text _builder_version=&#8221;4.27.4&#8243; _module_preset=&#8221;_initial&#8221; header_font=&#8221;|800|||||||&#8221; header_text_color=&#8221;#046A83&#8243; header_font_size=&#8221;50px&#8221; header_2_font=&#8221;||||||||&#8221; header_2_text_color=&#8221;#046A83&#8243; header_2_font_size=&#8221;46px&#8221; custom_margin_tablet=&#8221;6em||||false|false&#8221; custom_margin_phone=&#8221;2em||||false|false&#8221; custom_margin_last_edited=&#8221;on|tablet&#8221; custom_padding=&#8221;||0px||false|false&#8221; header_2_font_size_tablet=&#8221;46px&#8221; header_2_font_size_phone=&#8221;34px&#8221; header_2_font_size_last_edited=&#8221;on|phone&#8221; global_colors_info=&#8221;{}&#8221;]<\/p>\n<h2>Equipe<\/h2>\n<p>[\/et_pb_text][et_pb_text _builder_version=&#8221;4.27.4&#8243; _module_preset=&#8221;_initial&#8221; link_font=&#8221;||||on|||#046A83|&#8221; global_colors_info=&#8221;{}&#8221;]<\/p>\n<p>A BioMARatona \u00e9 promovida pelo <strong>grupo de investiga\u00e7\u00e3o COASTALWARMING<\/strong> do <strong>CIBIO-InBio\/BIOPOLIS<\/strong> (Centro de Investiga\u00e7\u00e3o em Biodiversidade e Recursos Gen\u00e9ticos).<\/p>\n<p>O grupo COASTALWARMING estuda a rela\u00e7\u00e3o entre o clima e a biodiversidade, com foco nos habitats costeiros e nas comunidades biol\u00f3gicas.<\/p>\n<p>Estamos empenhados tamb\u00e9m em comunicar e disseminar os resultados da nossa investiga\u00e7\u00e3o cient\u00edfica de modo a apoiar medidas de conserva\u00e7\u00e3o e prote\u00e7\u00e3o da biodiversidade.<\/p>\n<p>[\/et_pb_text][\/et_pb_column][\/et_pb_row][\/et_pb_section]<\/p>\n","protected":false},"excerpt":{"rendered":"<p>Viva a ci\u00eancia cidad\u00e3BioMARatona PortugalA BioMARatona \u00e9 um evento de ci\u00eancia cidad\u00e3 em que o p\u00fablico em geral, a n\u00edvel individual ou atrav\u00e9s de grupos ou associa\u00e7\u00f5es, \u00e9 convidado a contribuir para a ci\u00eancia com observa\u00e7\u00f5es de biodiversidade. Contudo, \u00e9 tamb\u00e9m uma aventura para toda a fam\u00edlia! Durante a BioMARatona, o grupo de cientistas\/investigadores do CoastalWarming organiza atividades abertas a todos em que guiamos o p\u00fablico pela biodiversidade costeira no norte de Portugal. Torna-te cientista por algumas horas e vem encontrar e identificar diferentes seres vivos nas rochas da zona entre mar\u00e9s e contribuir para um projeto de ci\u00eancia cidad\u00e3. Liderada por cientistas do CIBIO-InBio\/BIOPOLIS, em Vair\u00e3o, a BioMaratona decorrer\u00e1 de 3 de Maio (primeiro fim-de-semana de Maio) a 15 de Outubro.ObjetivosCatalogar e mapear a biodiversidade marinha e costeira de Portugal continental.Aumentar o conhecimento das esp\u00e9cies dos ecossistemas marinhos e costeiros de Portugal continental, bem como dos seus padr\u00f5es de distribui\u00e7\u00e3o geogr\u00e1fica e temporal.Detetar evid\u00eancias dos efeitos das atividades humanas na biodiversidade costeira.Sensibilizar para a riqueza da biodiversidade marinha e transformar a perce\u00e7\u00e3o social das nossas praias, revelando-as como ecossistemas vitais.Promover a intera\u00e7\u00e3o e partilha de informa\u00e7\u00e3o entre cidad\u00e3os e comunidade cient\u00edfica.Aumentar a participa\u00e7\u00e3o p\u00fablica no estudo da biodiversidade marinha [&hellip;]<\/p>\n","protected":false},"author":1,"featured_media":0,"parent":0,"menu_order":0,"comment_status":"closed","ping_status":"closed","template":"","meta":{"_acf_changed":false,"_et_pb_use_builder":"on","_et_pb_old_content":"","_et_gb_content_width":"","footnotes":""},"class_list":["post-1028","page","type-page","status-publish","hentry"],"acf":[],"yoast_head":"<!-- This site is optimized with the Yoast SEO plugin v27.6 - https:\/\/yoast.com\/product\/yoast-seo-wordpress\/ -->\n<title>BioMARatona Norte Portugal - Portugal<\/title>\n<meta name=\"robots\" content=\"index, follow, max-snippet:-1, max-image-preview:large, max-video-preview:-1\" \/>\n<link rel=\"canonical\" href=\"https:\/\/biomarato.org\/portugal\/biomaratona-norte-portugal\/\" \/>\n<meta property=\"og:locale\" content=\"pt_PT\" \/>\n<meta property=\"og:type\" content=\"article\" \/>\n<meta property=\"og:title\" content=\"BioMARatona Norte Portugal - Portugal\" \/>\n<meta property=\"og:description\" content=\"Viva a ci\u00eancia cidad\u00e3BioMARatona PortugalA BioMARatona \u00e9 um evento de ci\u00eancia cidad\u00e3 em que o p\u00fablico em geral, a n\u00edvel individual ou atrav\u00e9s de grupos ou associa\u00e7\u00f5es, \u00e9 convidado a contribuir para a ci\u00eancia com observa\u00e7\u00f5es de biodiversidade. Contudo, \u00e9 tamb\u00e9m uma aventura para toda a fam\u00edlia! Durante a BioMARatona, o grupo de cientistas\/investigadores do CoastalWarming organiza atividades abertas a todos em que guiamos o p\u00fablico pela biodiversidade costeira no norte de Portugal. Torna-te cientista por algumas horas e vem encontrar e identificar diferentes seres vivos nas rochas da zona entre mar\u00e9s e contribuir para um projeto de ci\u00eancia cidad\u00e3. Liderada por cientistas do CIBIO-InBio\/BIOPOLIS, em Vair\u00e3o, a BioMaratona decorrer\u00e1 de 3 de Maio (primeiro fim-de-semana de Maio) a 15 de Outubro.ObjetivosCatalogar e mapear a biodiversidade marinha e costeira de Portugal continental.Aumentar o conhecimento das esp\u00e9cies dos ecossistemas marinhos e costeiros de Portugal continental, bem como dos seus padr\u00f5es de distribui\u00e7\u00e3o geogr\u00e1fica e temporal.Detetar evid\u00eancias dos efeitos das atividades humanas na biodiversidade costeira.Sensibilizar para a riqueza da biodiversidade marinha e transformar a perce\u00e7\u00e3o social das nossas praias, revelando-as como ecossistemas vitais.Promover a intera\u00e7\u00e3o e partilha de informa\u00e7\u00e3o entre cidad\u00e3os e comunidade cient\u00edfica.Aumentar a participa\u00e7\u00e3o p\u00fablica no estudo da biodiversidade marinha [&hellip;]\" \/>\n<meta property=\"og:url\" content=\"https:\/\/biomarato.org\/portugal\/biomaratona-norte-portugal\/\" \/>\n<meta property=\"og:site_name\" content=\"Portugal\" \/>\n<meta property=\"article:modified_time\" content=\"2025-05-19T08:46:17+00:00\" \/>\n<meta name=\"twitter:card\" content=\"summary_large_image\" \/>\n<meta name=\"twitter:label1\" content=\"Tempo estimado de leitura\" \/>\n\t<meta name=\"twitter:data1\" content=\"3 minutos\" \/>\n<script type=\"application\/ld+json\" class=\"yoast-schema-graph\">{\"@context\":\"https:\\\/\\\/schema.org\",\"@graph\":[{\"@type\":\"WebPage\",\"@id\":\"https:\\\/\\\/biomarato.org\\\/portugal\\\/biomaratona-norte-portugal\\\/\",\"url\":\"https:\\\/\\\/biomarato.org\\\/portugal\\\/biomaratona-norte-portugal\\\/\",\"name\":\"BioMARatona Norte Portugal - Portugal\",\"isPartOf\":{\"@id\":\"https:\\\/\\\/biomarato.org\\\/portugal\\\/#website\"},\"datePublished\":\"2024-12-05T15:54:24+00:00\",\"dateModified\":\"2025-05-19T08:46:17+00:00\",\"breadcrumb\":{\"@id\":\"https:\\\/\\\/biomarato.org\\\/portugal\\\/biomaratona-norte-portugal\\\/#breadcrumb\"},\"inLanguage\":\"pt-PT\",\"potentialAction\":[{\"@type\":\"ReadAction\",\"target\":[\"https:\\\/\\\/biomarato.org\\\/portugal\\\/biomaratona-norte-portugal\\\/\"]}]},{\"@type\":\"BreadcrumbList\",\"@id\":\"https:\\\/\\\/biomarato.org\\\/portugal\\\/biomaratona-norte-portugal\\\/#breadcrumb\",\"itemListElement\":[{\"@type\":\"ListItem\",\"position\":1,\"name\":\"Inici\",\"item\":\"https:\\\/\\\/biomarato.org\\\/portugal\\\/\"},{\"@type\":\"ListItem\",\"position\":2,\"name\":\"BioMARatona Norte Portugal\"}]},{\"@type\":\"WebSite\",\"@id\":\"https:\\\/\\\/biomarato.org\\\/portugal\\\/#website\",\"url\":\"https:\\\/\\\/biomarato.org\\\/portugal\\\/\",\"name\":\"Portugal\",\"description\":\"Una iniciativa per descobrir la biodiversitat marina amb la ci\u00e8ncia ciutadana\",\"potentialAction\":[{\"@type\":\"SearchAction\",\"target\":{\"@type\":\"EntryPoint\",\"urlTemplate\":\"https:\\\/\\\/biomarato.org\\\/portugal\\\/?s={search_term_string}\"},\"query-input\":{\"@type\":\"PropertyValueSpecification\",\"valueRequired\":true,\"valueName\":\"search_term_string\"}}],\"inLanguage\":\"pt-PT\"}]}<\/script>\n<!-- \/ Yoast SEO plugin. -->","yoast_head_json":{"title":"BioMARatona Norte Portugal - Portugal","robots":{"index":"index","follow":"follow","max-snippet":"max-snippet:-1","max-image-preview":"max-image-preview:large","max-video-preview":"max-video-preview:-1"},"canonical":"https:\/\/biomarato.org\/portugal\/biomaratona-norte-portugal\/","og_locale":"pt_PT","og_type":"article","og_title":"BioMARatona Norte Portugal - Portugal","og_description":"Viva a ci\u00eancia cidad\u00e3BioMARatona PortugalA BioMARatona \u00e9 um evento de ci\u00eancia cidad\u00e3 em que o p\u00fablico em geral, a n\u00edvel individual ou atrav\u00e9s de grupos ou associa\u00e7\u00f5es, \u00e9 convidado a contribuir para a ci\u00eancia com observa\u00e7\u00f5es de biodiversidade. Contudo, \u00e9 tamb\u00e9m uma aventura para toda a fam\u00edlia! Durante a BioMARatona, o grupo de cientistas\/investigadores do CoastalWarming organiza atividades abertas a todos em que guiamos o p\u00fablico pela biodiversidade costeira no norte de Portugal. Torna-te cientista por algumas horas e vem encontrar e identificar diferentes seres vivos nas rochas da zona entre mar\u00e9s e contribuir para um projeto de ci\u00eancia cidad\u00e3. Liderada por cientistas do CIBIO-InBio\/BIOPOLIS, em Vair\u00e3o, a BioMaratona decorrer\u00e1 de 3 de Maio (primeiro fim-de-semana de Maio) a 15 de Outubro.ObjetivosCatalogar e mapear a biodiversidade marinha e costeira de Portugal continental.Aumentar o conhecimento das esp\u00e9cies dos ecossistemas marinhos e costeiros de Portugal continental, bem como dos seus padr\u00f5es de distribui\u00e7\u00e3o geogr\u00e1fica e temporal.Detetar evid\u00eancias dos efeitos das atividades humanas na biodiversidade costeira.Sensibilizar para a riqueza da biodiversidade marinha e transformar a perce\u00e7\u00e3o social das nossas praias, revelando-as como ecossistemas vitais.Promover a intera\u00e7\u00e3o e partilha de informa\u00e7\u00e3o entre cidad\u00e3os e comunidade cient\u00edfica.Aumentar a participa\u00e7\u00e3o p\u00fablica no estudo da biodiversidade marinha [&hellip;]","og_url":"https:\/\/biomarato.org\/portugal\/biomaratona-norte-portugal\/","og_site_name":"Portugal","article_modified_time":"2025-05-19T08:46:17+00:00","twitter_card":"summary_large_image","twitter_misc":{"Tempo estimado de leitura":"3 minutos"},"schema":{"@context":"https:\/\/schema.org","@graph":[{"@type":"WebPage","@id":"https:\/\/biomarato.org\/portugal\/biomaratona-norte-portugal\/","url":"https:\/\/biomarato.org\/portugal\/biomaratona-norte-portugal\/","name":"BioMARatona Norte Portugal - Portugal","isPartOf":{"@id":"https:\/\/biomarato.org\/portugal\/#website"},"datePublished":"2024-12-05T15:54:24+00:00","dateModified":"2025-05-19T08:46:17+00:00","breadcrumb":{"@id":"https:\/\/biomarato.org\/portugal\/biomaratona-norte-portugal\/#breadcrumb"},"inLanguage":"pt-PT","potentialAction":[{"@type":"ReadAction","target":["https:\/\/biomarato.org\/portugal\/biomaratona-norte-portugal\/"]}]},{"@type":"BreadcrumbList","@id":"https:\/\/biomarato.org\/portugal\/biomaratona-norte-portugal\/#breadcrumb","itemListElement":[{"@type":"ListItem","position":1,"name":"Inici","item":"https:\/\/biomarato.org\/portugal\/"},{"@type":"ListItem","position":2,"name":"BioMARatona Norte Portugal"}]},{"@type":"WebSite","@id":"https:\/\/biomarato.org\/portugal\/#website","url":"https:\/\/biomarato.org\/portugal\/","name":"Portugal","description":"Una iniciativa per descobrir la biodiversitat marina amb la ci\u00e8ncia ciutadana","potentialAction":[{"@type":"SearchAction","target":{"@type":"EntryPoint","urlTemplate":"https:\/\/biomarato.org\/portugal\/?s={search_term_string}"},"query-input":{"@type":"PropertyValueSpecification","valueRequired":true,"valueName":"search_term_string"}}],"inLanguage":"pt-PT"}]}},"_links":{"self":[{"href":"https:\/\/biomarato.org\/portugal\/wp-json\/wp\/v2\/pages\/1028","targetHints":{"allow":["GET"]}}],"collection":[{"href":"https:\/\/biomarato.org\/portugal\/wp-json\/wp\/v2\/pages"}],"about":[{"href":"https:\/\/biomarato.org\/portugal\/wp-json\/wp\/v2\/types\/page"}],"author":[{"embeddable":true,"href":"https:\/\/biomarato.org\/portugal\/wp-json\/wp\/v2\/users\/1"}],"replies":[{"embeddable":true,"href":"https:\/\/biomarato.org\/portugal\/wp-json\/wp\/v2\/comments?post=1028"}],"version-history":[{"count":9,"href":"https:\/\/biomarato.org\/portugal\/wp-json\/wp\/v2\/pages\/1028\/revisions"}],"predecessor-version":[{"id":1186,"href":"https:\/\/biomarato.org\/portugal\/wp-json\/wp\/v2\/pages\/1028\/revisions\/1186"}],"wp:attachment":[{"href":"https:\/\/biomarato.org\/portugal\/wp-json\/wp\/v2\/media?parent=1028"}],"curies":[{"name":"wp","href":"https:\/\/api.w.org\/{rel}","templated":true}]}}