{"id":1032,"date":"2024-11-25T14:15:55","date_gmt":"2024-11-25T12:15:55","guid":{"rendered":"https:\/\/biomarato.org\/portugal\/home\/"},"modified":"2025-11-20T11:29:12","modified_gmt":"2025-11-20T09:29:12","slug":"home","status":"publish","type":"page","link":"https:\/\/biomarato.org\/portugal\/","title":{"rendered":"Home"},"content":{"rendered":"<p>[et_pb_section fb_built=&#8221;1&#8243; admin_label=&#8221;section&#8221; module_class=&#8221;flex align-center&#8221; _builder_version=&#8221;4.27.4&#8243; _module_preset=&#8221;_initial&#8221; background_color=&#8221;#F5FFFE&#8221; background_enable_image=&#8221;off&#8221; background_video_mp4=&#8221;https:\/\/biomarato.org\/portugal\/wp-content\/uploads\/sites\/4\/2025\/05\/VIDEO-WEB-BIOMARATONA.mp4&#8243; min_height=&#8221;90vh&#8221; custom_margin=&#8221;||||false|false&#8221; custom_padding=&#8221;8em||8em||false|false&#8221; global_colors_info=&#8221;{}&#8221;][et_pb_row column_structure=&#8221;1_2,1_2&#8243; admin_label=&#8221;row&#8221; _builder_version=&#8221;4.27.2&#8243; _module_preset=&#8221;_initial&#8221; background_size=&#8221;initial&#8221; background_position=&#8221;top_left&#8221; background_repeat=&#8221;repeat&#8221; global_colors_info=&#8221;{}&#8221;][et_pb_column type=&#8221;1_2&#8243; _builder_version=&#8221;4.16&#8243; _module_preset=&#8221;default&#8221; custom_padding=&#8221;|||&#8221; global_colors_info=&#8221;{}&#8221; custom_padding__hover=&#8221;|||&#8221;][et_pb_text _builder_version=&#8221;4.27.4&#8243; _module_preset=&#8221;_initial&#8221; text_font=&#8221;|||on|||||&#8221; text_text_color=&#8221;#FFFFFF&#8221; global_colors_info=&#8221;{}&#8221;]<\/p>\n<p>Colaborar com a comunidade cient\u00edfica<\/p>\n<p>[\/et_pb_text][et_pb_text _builder_version=&#8221;4.27.4&#8243; _module_preset=&#8221;_initial&#8221; header_font=&#8221;|800|||||||&#8221; header_text_color=&#8221;#FFFFFF&#8221; header_font_size=&#8221;64px&#8221; header_font_size_tablet=&#8221;64px&#8221; header_font_size_phone=&#8221;50px&#8221; header_font_size_last_edited=&#8221;on|phone&#8221; global_colors_info=&#8221;{}&#8221;]<\/p>\n<h1>Bio<span style=\"color: #5fbfbb\">MAR<\/span>atona em Portugal<\/h1>\n<p>[\/et_pb_text][et_pb_text _builder_version=&#8221;4.27.4&#8243; _module_preset=&#8221;_initial&#8221; text_font=&#8221;||||||||&#8221; text_text_color=&#8221;#FFFFFF&#8221; global_colors_info=&#8221;{}&#8221;]<\/p>\n<p>Uma iniciativa para descobrir a biodiversidade marinha com ci\u00eancia cidad\u00e3<\/p>\n<p>[\/et_pb_text][et_pb_button button_url=&#8221;@ET-DC@eyJkeW5hbWljIjp0cnVlLCJjb250ZW50IjoicG9zdF9saW5rX3VybF9wYWdlIiwic2V0dGluZ3MiOnsicG9zdF9pZCI6IjQ2OCIsImVuYWJsZV9odG1sIjoib2ZmIn19@&#8221; button_text=&#8221;Como participar&#8221; _builder_version=&#8221;4.27.4&#8243; _dynamic_attributes=&#8221;button_url&#8221; _module_preset=&#8221;_initial&#8221; custom_padding=&#8221;14px|28px|14px|28px|true|true&#8221; global_colors_info=&#8221;{}&#8221;][\/et_pb_button][\/et_pb_column][et_pb_column type=&#8221;1_2&#8243; _builder_version=&#8221;4.16&#8243; _module_preset=&#8221;default&#8221; custom_padding=&#8221;|||&#8221; global_colors_info=&#8221;{}&#8221; custom_padding__hover=&#8221;|||&#8221;][\/et_pb_column][\/et_pb_row][\/et_pb_section][et_pb_section fb_built=&#8221;1&#8243; module_id=&#8221;fish_bowl&#8221; _builder_version=&#8221;4.27.4&#8243; _module_preset=&#8221;_initial&#8221; background_color=&#8221;#F5FFFE&#8221; use_background_color_gradient=&#8221;on&#8221; background_color_gradient_stops=&#8221;#f5fffe 0%|rgba(245,255,254,0) 100%&#8221; background_color_gradient_overlays_image=&#8221;on&#8221; background_image=&#8221;https:\/\/biomarato.org\/portugal\/wp-content\/uploads\/sites\/4\/2024\/11\/bg_cta-scaled-1.jpg&#8221; custom_padding=&#8221;||||false|false&#8221; global_colors_info=&#8221;{}&#8221;][et_pb_row column_structure=&#8221;1_4,1_2,1_4&#8243; _builder_version=&#8221;4.27.4&#8243; _module_preset=&#8221;_initial&#8221; background_color=&#8221;RGBA(255,255,255,0)&#8221; z_index=&#8221;17&#8243; global_colors_info=&#8221;{}&#8221;][et_pb_column type=&#8221;1_4&#8243; _builder_version=&#8221;4.27.2&#8243; _module_preset=&#8221;default&#8221; global_colors_info=&#8221;{}&#8221;][\/et_pb_column][et_pb_column type=&#8221;1_2&#8243; _builder_version=&#8221;4.27.2&#8243; _module_preset=&#8221;default&#8221; global_colors_info=&#8221;{}&#8221;][dsm_floating_multi_images floating_speed=&#8221;4489ms&#8221; _builder_version=&#8221;4.27.2&#8243; _module_preset=&#8221;default&#8221; positioning=&#8221;absolute&#8221; z_index=&#8221;110&#8243; width=&#8221;100%&#8221; global_colors_info=&#8221;{}&#8221;][dsm_floating_multi_images_child admin_title=&#8221;salmon&#8221; src=&#8221;https:\/\/biomarato.org\/portugal\/wp-content\/uploads\/sites\/4\/2024\/11\/pez3.png&#8221; title_text=&#8221;pez3&#8243; horizontal_align=&#8221;24%&#8221; vertical_align=&#8221;4%&#8221; _builder_version=&#8221;4.27.2&#8243; _module_preset=&#8221;default&#8221; width=&#8221;100%&#8221; max_width=&#8221;35%&#8221; height=&#8221;100px&#8221; global_colors_info=&#8221;{}&#8221;][\/dsm_floating_multi_images_child][\/dsm_floating_multi_images][\/et_pb_column][et_pb_column type=&#8221;1_4&#8243; _builder_version=&#8221;4.27.2&#8243; _module_preset=&#8221;default&#8221; global_colors_info=&#8221;{}&#8221;][\/et_pb_column][\/et_pb_row][et_pb_row column_structure=&#8221;1_5,3_5,1_5&#8243; use_custom_gutter=&#8221;on&#8221; gutter_width=&#8221;2&#8243; _builder_version=&#8221;4.27.4&#8243; _module_preset=&#8221;_initial&#8221; background_color=&#8221;RGBA(255,255,255,0)&#8221; global_colors_info=&#8221;{}&#8221;][et_pb_column type=&#8221;1_5&#8243; _builder_version=&#8221;4.27.2&#8243; _module_preset=&#8221;default&#8221; global_colors_info=&#8221;{}&#8221;][dsm_floating_multi_images floating_effect=&#8221;left-right&#8221; floating_speed=&#8221;4489ms&#8221; disabled_on=&#8221;on|on|off&#8221; _builder_version=&#8221;4.27.2&#8243; _module_preset=&#8221;default&#8221; global_colors_info=&#8221;{}&#8221;][dsm_floating_multi_images_child admin_title=&#8221;luna&#8221; src=&#8221;https:\/\/biomarato.org\/portugal\/wp-content\/uploads\/sites\/4\/2024\/11\/peix10.png&#8221; title_text=&#8221;peix10&#8243; horizontal_align=&#8221;33%&#8221; vertical_align=&#8221;20%&#8221; _builder_version=&#8221;4.27.2&#8243; _module_preset=&#8221;default&#8221; width=&#8221;2000%&#8221; max_width=&#8221;100%&#8221; module_alignment=&#8221;right&#8221; max_height=&#8221;1000px&#8221; global_colors_info=&#8221;{}&#8221;][\/dsm_floating_multi_images_child][dsm_floating_multi_images_child admin_title=&#8221;salmon&#8221; src=&#8221;https:\/\/biomarato.org\/portugal\/wp-content\/uploads\/sites\/4\/2024\/11\/salmon.png&#8221; title_text=&#8221;salmon&#8221; horizontal_align=&#8221;36%&#8221; _builder_version=&#8221;4.27.2&#8243; _module_preset=&#8221;default&#8221; global_colors_info=&#8221;{}&#8221;][\/dsm_floating_multi_images_child][\/dsm_floating_multi_images][\/et_pb_column][et_pb_column type=&#8221;3_5&#8243; module_class=&#8221;flex total-center flex-column cta_column&#8221; _builder_version=&#8221;4.27.2&#8243; _module_preset=&#8221;default&#8221; background_enable_color=&#8221;off&#8221; use_background_color_gradient=&#8221;on&#8221; background_color_gradient_type=&#8221;circular&#8221; background_color_gradient_stops=&#8221;rgba(95,191,187,0.2) 0%|rgba(4,106,131,0.2) 100%&#8221; custom_padding=&#8221;6em|4em|6em|4em|true|true&#8221; custom_padding_tablet=&#8221;6em|4em|6em|4em|true|true&#8221; custom_padding_phone=&#8221;3em|2em|3em|2em|true|true&#8221; custom_padding_last_edited=&#8221;on|phone&#8221; border_radii=&#8221;on|60px|60px|60px|60px&#8221; border_width_all=&#8221;1px&#8221; border_color_all=&#8221;rgba(255,255,255,0.43)&#8221; global_colors_info=&#8221;{}&#8221;][et_pb_text _builder_version=&#8221;4.27.4&#8243; _module_preset=&#8221;_initial&#8221; header_2_font=&#8221;|600|||||||&#8221; header_2_text_align=&#8221;center&#8221; header_2_text_color=&#8221;#FFFFFF&#8221; header_2_font_size=&#8221;64px&#8221; header_2_font_size_tablet=&#8221;64px&#8221; header_2_font_size_phone=&#8221;40px&#8221; header_2_font_size_last_edited=&#8221;on|phone&#8221; global_colors_info=&#8221;{}&#8221;]<\/p>\n<h2>Participar!<\/h2>\n<p>[\/et_pb_text][et_pb_text _builder_version=&#8221;4.27.4&#8243; _module_preset=&#8221;_initial&#8221; text_text_color=&#8221;#FFFFFF&#8221; text_orientation=&#8221;center&#8221; width=&#8221;70%&#8221; module_alignment=&#8221;center&#8221; global_colors_info=&#8221;{}&#8221;]<\/p>\n<p>Participe no BioMARathon e ajude-nos a descobrir e proteger a biodiversidade marinha e costeira. A sua participa\u00e7\u00e3o \u00e9 fundamental para a conserva\u00e7\u00e3o dos nossos mares!<\/p>\n<p>[\/et_pb_text][et_pb_button button_text=&#8221;Leia mais&#8221; _builder_version=&#8221;4.27.4&#8243; _module_preset=&#8221;_initial&#8221; button_bg_color=&#8221;rgba(255,255,255,0.2)&#8221; button_border_width=&#8221;1px&#8221; button_border_color=&#8221;#FFFFFF&#8221; background_layout=&#8221;dark&#8221; custom_padding=&#8221;14px|28px|14px|28px|true|true&#8221; hover_enabled=&#8221;0&#8243; global_colors_info=&#8221;{}&#8221; sticky_enabled=&#8221;0&#8243;][\/et_pb_button][\/et_pb_column][et_pb_column type=&#8221;1_5&#8243; _builder_version=&#8221;4.27.2&#8243; _module_preset=&#8221;default&#8221; z_index=&#8221;1&#8243; global_colors_info=&#8221;{}&#8221;][dsm_floating_multi_images floating_effect=&#8221;left-right&#8221; floating_speed=&#8221;4489ms&#8221; disabled_on=&#8221;on|on|off&#8221; _builder_version=&#8221;4.27.2&#8243; _module_preset=&#8221;default&#8221; global_colors_info=&#8221;{}&#8221;][dsm_floating_multi_images_child admin_title=&#8221;medusa&#8221; src=&#8221;https:\/\/biomarato.org\/portugal\/wp-content\/uploads\/sites\/4\/2024\/11\/medusa.png&#8221; title_text=&#8221;medusa&#8221; horizontal_align=&#8221;-41%&#8221; vertical_align=&#8221;-13%&#8221; _builder_version=&#8221;4.27.2&#8243; _module_preset=&#8221;default&#8221; z_index=&#8221;-500&#8243; width=&#8221;56%&#8221; max_width=&#8221;100%&#8221; module_alignment=&#8221;right&#8221; max_height=&#8221;1000px&#8221; global_colors_info=&#8221;{}&#8221;][\/dsm_floating_multi_images_child][dsm_floating_multi_images_child admin_title=&#8221;pez marron&#8221; src=&#8221;https:\/\/biomarato.org\/portugal\/wp-content\/uploads\/sites\/4\/2024\/11\/brownfish.png&#8221; title_text=&#8221;brownfish&#8221; horizontal_align=&#8221;60%&#8221; vertical_align=&#8221;25%&#8221; _builder_version=&#8221;4.27.2&#8243; _module_preset=&#8221;default&#8221; width=&#8221;83%&#8221; global_colors_info=&#8221;{}&#8221;][\/dsm_floating_multi_images_child][\/dsm_floating_multi_images][\/et_pb_column][\/et_pb_row][et_pb_row column_structure=&#8221;1_4,1_2,1_4&#8243; admin_label=&#8221;Row&#8221; _builder_version=&#8221;4.27.4&#8243; _module_preset=&#8221;_initial&#8221; background_color=&#8221;RGBA(255,255,255,0)&#8221; custom_padding=&#8221;0px||0px||false|false&#8221; global_colors_info=&#8221;{}&#8221;][et_pb_column type=&#8221;1_4&#8243; _builder_version=&#8221;4.27.2&#8243; _module_preset=&#8221;default&#8221; global_colors_info=&#8221;{}&#8221;][\/et_pb_column][et_pb_column type=&#8221;1_2&#8243; _builder_version=&#8221;4.27.2&#8243; _module_preset=&#8221;default&#8221; global_colors_info=&#8221;{}&#8221;][dsm_floating_multi_images floating_effect=&#8221;left-right&#8221; floating_speed=&#8221;4489ms&#8221; _builder_version=&#8221;4.27.2&#8243; _module_preset=&#8221;default&#8221; min_height=&#8221;100px&#8221; height=&#8221;212px&#8221; global_colors_info=&#8221;{}&#8221;][dsm_floating_multi_images_child admin_title=&#8221;pez marron&#8221; src=&#8221;https:\/\/biomarato.org\/portugal\/wp-content\/uploads\/sites\/4\/2024\/11\/pez2.png&#8221; title_text=&#8221;pez2&#8243; horizontal_align=&#8221;-2%&#8221; vertical_align=&#8221;-16%&#8221; _builder_version=&#8221;4.27.2&#8243; _module_preset=&#8221;default&#8221; width=&#8221;40%&#8221; global_colors_info=&#8221;{}&#8221;][\/dsm_floating_multi_images_child][dsm_floating_multi_images_child src=&#8221;https:\/\/biomarato.org\/portugal\/wp-content\/uploads\/sites\/4\/2024\/11\/pezes-rayados.png&#8221; title_text=&#8221;pezes-rayados&#8221; horizontal_align=&#8221;59%&#8221; _builder_version=&#8221;4.27.2&#8243; _module_preset=&#8221;default&#8221; width=&#8221;29%&#8221; global_colors_info=&#8221;{}&#8221;][\/dsm_floating_multi_images_child][\/dsm_floating_multi_images][\/et_pb_column][et_pb_column type=&#8221;1_4&#8243; _builder_version=&#8221;4.27.2&#8243; _module_preset=&#8221;default&#8221; global_colors_info=&#8221;{}&#8221;][\/et_pb_column][\/et_pb_row][et_pb_row admin_label=&#8221;Piedras&#8221; module_class=&#8221;fish_bowl_stones&#8221; _builder_version=&#8221;4.27.4&#8243; _module_preset=&#8221;_initial&#8221; positioning=&#8221;absolute&#8221; width=&#8221;100%&#8221; max_width=&#8221;100%&#8221; custom_css_main_element=&#8221;pointer-events:none;&#8221; global_colors_info=&#8221;{}&#8221;][et_pb_column type=&#8221;4_4&#8243; _builder_version=&#8221;4.27.2&#8243; _module_preset=&#8221;default&#8221; global_colors_info=&#8221;{}&#8221;][et_pb_image src=&#8221;https:\/\/biomarato.org\/portugal\/wp-content\/uploads\/sites\/4\/2024\/11\/overlay_stones-1.png&#8221; title_text=&#8221;overlay_stones&#8221; align=&#8221;center&#8221; force_fullwidth=&#8221;on&#8221; disabled_on=&#8221;on|on|off&#8221; _builder_version=&#8221;4.27.4&#8243; _module_preset=&#8221;_initial&#8221; global_colors_info=&#8221;{}&#8221;][\/et_pb_image][\/et_pb_column][\/et_pb_row][\/et_pb_section]<\/p>\n","protected":false},"excerpt":{"rendered":"<p>Colaborar com a comunidade cient\u00edficaBioMARatona em PortugalUma iniciativa para descobrir a biodiversidade marinha com ci\u00eancia cidad\u00e3<div class=\"et_pb_module dsm_floating_multi_images dsm_floating_multi_images_0\">\n\t\t\t\t\n\t\t\t\t\n\t\t\t\t\n\t\t\t\t\n\t\t\t\t\n\t\t\t\t\n\t\t\t\t<div class=\"et_pb_module_inner\">\n\t\t\t\t\t<div class=\"dsm_floating_multi_images_container\"><div class=\"et_pb_module dsm_floating_multi_images_child dsm_floating_multi_images_child_0\">\n\t\t\t\t\n\t\t\t\t\n\t\t\t\t\n\t\t\t\t\n\t\t\t\t\n\t\t\t\t\n\t\t\t\t<div class=\"et_pb_module_inner\">\n\t\t\t\t\t<img decoding=\"async\" src=\"https:\/\/biomarato.org\/portugal\/wp-content\/uploads\/sites\/4\/2024\/11\/pez3.png\" alt=\"\" title=\"pez3\" id=\"\" srcset=\"https:\/\/biomarato.org\/portugal\/wp-content\/uploads\/sites\/4\/2024\/11\/pez3.png 614w, https:\/\/biomarato.org\/portugal\/wp-content\/uploads\/sites\/4\/2024\/11\/pez3-480x306.png 480w\" sizes=\"(min-width: 0px) and (max-width: 480px) 480px, (min-width: 481px) 614px, 100vw\" class=\"\" \/>\n\t\t\t\t<\/div>\n\t\t\t<\/div><\/div>\n\t\t\t\t<\/div>\n\t\t\t<\/div><div class=\"et_pb_module dsm_floating_multi_images dsm_floating_multi_images_1\">\n\t\t\t\t\n\t\t\t\t\n\t\t\t\t\n\t\t\t\t\n\t\t\t\t\n\t\t\t\t\n\t\t\t\t<div class=\"et_pb_module_inner\">\n\t\t\t\t\t<div class=\"dsm_floating_multi_images_container\"><div class=\"et_pb_module dsm_floating_multi_images_child dsm_floating_multi_images_child_1\">\n\t\t\t\t\n\t\t\t\t\n\t\t\t\t\n\t\t\t\t\n\t\t\t\t\n\t\t\t\t\n\t\t\t\t<div class=\"et_pb_module_inner\">\n\t\t\t\t\t<img decoding=\"async\" src=\"https:\/\/biomarato.org\/portugal\/wp-content\/uploads\/sites\/4\/2024\/11\/peix10.png\" alt=\"\" title=\"peix10\" id=\"\" srcset=\"https:\/\/biomarato.org\/portugal\/wp-content\/uploads\/sites\/4\/2024\/11\/peix10.png 700w, https:\/\/biomarato.org\/portugal\/wp-content\/uploads\/sites\/4\/2024\/11\/peix10-480x761.png 480w\" sizes=\"(min-width: 0px) and (max-width: 480px) 480px, (min-width: 481px) 700px, 100vw\" class=\"\" \/>\n\t\t\t\t<\/div>\n\t\t\t<\/div><div class=\"et_pb_module dsm_floating_multi_images_child dsm_floating_multi_images_child_2\">\n\t\t\t\t\n\t\t\t\t\n\t\t\t\t\n\t\t\t\t\n\t\t\t\t\n\t\t\t\t\n\t\t\t\t<div class=\"et_pb_module_inner\">\n\t\t\t\t\t<img decoding=\"async\" src=\"https:\/\/biomarato.org\/portugal\/wp-content\/uploads\/sites\/4\/2024\/11\/salmon.png\" alt=\"\" title=\"salmon\" id=\"\" class=\"\" \/>\n\t\t\t\t<\/div>\n\t\t\t<\/div><\/div>\n\t\t\t\t<\/div>\n\t\t\t<\/div>Participar!Participe no BioMARathon e ajude-nos a descobrir e proteger a biodiversidade marinha e costeira. A sua participa\u00e7\u00e3o \u00e9 fundamental para a conserva\u00e7\u00e3o dos nossos mares!<div class=\"et_pb_module dsm_floating_multi_images dsm_floating_multi_images_2\">\n\t\t\t\t\n\t\t\t\t\n\t\t\t\t\n\t\t\t\t\n\t\t\t\t\n\t\t\t\t\n\t\t\t\t<div class=\"et_pb_module_inner\">\n\t\t\t\t\t<div class=\"dsm_floating_multi_images_container\"><div class=\"et_pb_module dsm_floating_multi_images_child dsm_floating_multi_images_child_3\">\n\t\t\t\t\n\t\t\t\t\n\t\t\t\t\n\t\t\t\t\n\t\t\t\t\n\t\t\t\t\n\t\t\t\t<div class=\"et_pb_module_inner\">\n\t\t\t\t\t<img decoding=\"async\" src=\"https:\/\/biomarato.org\/portugal\/wp-content\/uploads\/sites\/4\/2024\/11\/medusa.png\" alt=\"\" title=\"medusa\" id=\"\" srcset=\"https:\/\/biomarato.org\/portugal\/wp-content\/uploads\/sites\/4\/2024\/11\/medusa.png 594w, https:\/\/biomarato.org\/portugal\/wp-content\/uploads\/sites\/4\/2024\/11\/medusa-480x667.png 480w\" sizes=\"(min-width: 0px) and (max-width: 480px) 480px, (min-width: 481px) 594px, 100vw\" class=\"\" \/>\n\t\t\t\t<\/div>\n\t\t\t<\/div><div class=\"et_pb_module dsm_floating_multi_images_child dsm_floating_multi_images_child_4\">\n\t\t\t\t\n\t\t\t\t\n\t\t\t\t\n\t\t\t\t\n\t\t\t\t\n\t\t\t\t\n\t\t\t\t<div class=\"et_pb_module_inner\">\n\t\t\t\t\t<img decoding=\"async\" src=\"https:\/\/biomarato.org\/portugal\/wp-content\/uploads\/sites\/4\/2024\/11\/brownfish.png\" alt=\"\" title=\"brownfish\" id=\"\" srcset=\"https:\/\/biomarato.org\/portugal\/wp-content\/uploads\/sites\/4\/2024\/11\/brownfish.png 632w, https:\/\/biomarato.org\/portugal\/wp-content\/uploads\/sites\/4\/2024\/11\/brownfish-480x379.png 480w\" sizes=\"(min-width: 0px) and (max-width: 480px) 480px, (min-width: 481px) 632px, 100vw\" class=\"\" \/>\n\t\t\t\t<\/div>\n\t\t\t<\/div><\/div>\n\t\t\t\t<\/div>\n\t\t\t<\/div><div class=\"et_pb_module dsm_floating_multi_images dsm_floating_multi_images_3\">\n\t\t\t\t\n\t\t\t\t\n\t\t\t\t\n\t\t\t\t\n\t\t\t\t\n\t\t\t\t\n\t\t\t\t<div class=\"et_pb_module_inner\">\n\t\t\t\t\t<div class=\"dsm_floating_multi_images_container\"><div class=\"et_pb_module dsm_floating_multi_images_child dsm_floating_multi_images_child_5\">\n\t\t\t\t\n\t\t\t\t\n\t\t\t\t\n\t\t\t\t\n\t\t\t\t\n\t\t\t\t\n\t\t\t\t<div class=\"et_pb_module_inner\">\n\t\t\t\t\t<img decoding=\"async\" src=\"https:\/\/biomarato.org\/portugal\/wp-content\/uploads\/sites\/4\/2024\/11\/pez2.png\" alt=\"\" title=\"pez2\" id=\"\" srcset=\"https:\/\/biomarato.org\/portugal\/wp-content\/uploads\/sites\/4\/2024\/11\/pez2.png 596w, https:\/\/biomarato.org\/portugal\/wp-content\/uploads\/sites\/4\/2024\/11\/pez2-480x148.png 480w\" sizes=\"(min-width: 0px) and (max-width: 480px) 480px, (min-width: 481px) 596px, 100vw\" class=\"\" \/>\n\t\t\t\t<\/div>\n\t\t\t<\/div><div class=\"et_pb_module dsm_floating_multi_images_child dsm_floating_multi_images_child_6\">\n\t\t\t\t\n\t\t\t\t\n\t\t\t\t\n\t\t\t\t\n\t\t\t\t\n\t\t\t\t\n\t\t\t\t<div class=\"et_pb_module_inner\">\n\t\t\t\t\t<img decoding=\"async\" src=\"https:\/\/biomarato.org\/portugal\/wp-content\/uploads\/sites\/4\/2024\/11\/pezes-rayados.png\" alt=\"\" title=\"pezes-rayados\" id=\"\" srcset=\"https:\/\/biomarato.org\/portugal\/wp-content\/uploads\/sites\/4\/2024\/11\/pezes-rayados.png 604w, https:\/\/biomarato.org\/portugal\/wp-content\/uploads\/sites\/4\/2024\/11\/pezes-rayados-480x251.png 480w\" sizes=\"(min-width: 0px) and (max-width: 480px) 480px, (min-width: 481px) 604px, 100vw\" class=\"\" \/>\n\t\t\t\t<\/div>\n\t\t\t<\/div><\/div>\n\t\t\t\t<\/div>\n\t\t\t<\/div><\/p>\n","protected":false},"author":1,"featured_media":0,"parent":0,"menu_order":0,"comment_status":"closed","ping_status":"closed","template":"","meta":{"_acf_changed":false,"_et_pb_use_builder":"on","_et_pb_old_content":"","_et_gb_content_width":"","footnotes":""},"class_list":["post-1032","page","type-page","status-publish","hentry"],"acf":[],"yoast_head":"<!-- This site is optimized with the Yoast SEO plugin v27.5 - https:\/\/yoast.com\/product\/yoast-seo-wordpress\/ -->\n<title>Home - Portugal<\/title>\n<meta name=\"robots\" content=\"index, follow, max-snippet:-1, max-image-preview:large, max-video-preview:-1\" \/>\n<link rel=\"canonical\" href=\"https:\/\/biomarato.org\/portugal\/\" \/>\n<meta property=\"og:locale\" content=\"pt_PT\" \/>\n<meta property=\"og:type\" content=\"article\" \/>\n<meta property=\"og:title\" content=\"Home - Portugal\" \/>\n<meta property=\"og:description\" content=\"Colaborar com a comunidade cient\u00edficaBioMARatona em PortugalUma iniciativa para descobrir a biodiversidade marinha com ci\u00eancia cidad\u00e3Participar!Participe no BioMARathon e ajude-nos a descobrir e proteger a biodiversidade marinha e costeira. A sua participa\u00e7\u00e3o \u00e9 fundamental para a conserva\u00e7\u00e3o dos nossos mares!\" \/>\n<meta property=\"og:url\" content=\"https:\/\/biomarato.org\/portugal\/\" \/>\n<meta property=\"og:site_name\" content=\"Portugal\" \/>\n<meta property=\"article:modified_time\" content=\"2025-11-20T09:29:12+00:00\" \/>\n<meta name=\"twitter:card\" content=\"summary_large_image\" \/>\n<meta name=\"twitter:label1\" content=\"Tempo estimado de leitura\" \/>\n\t<meta name=\"twitter:data1\" content=\"2 minutos\" \/>\n<script type=\"application\/ld+json\" class=\"yoast-schema-graph\">{\"@context\":\"https:\\\/\\\/schema.org\",\"@graph\":[{\"@type\":\"WebPage\",\"@id\":\"https:\\\/\\\/biomarato.org\\\/portugal\\\/\",\"url\":\"https:\\\/\\\/biomarato.org\\\/portugal\\\/\",\"name\":\"Home - Portugal\",\"isPartOf\":{\"@id\":\"https:\\\/\\\/biomarato.org\\\/portugal\\\/#website\"},\"datePublished\":\"2024-11-25T12:15:55+00:00\",\"dateModified\":\"2025-11-20T09:29:12+00:00\",\"breadcrumb\":{\"@id\":\"https:\\\/\\\/biomarato.org\\\/portugal\\\/#breadcrumb\"},\"inLanguage\":\"pt-PT\",\"potentialAction\":[{\"@type\":\"ReadAction\",\"target\":[\"https:\\\/\\\/biomarato.org\\\/portugal\\\/\"]}]},{\"@type\":\"BreadcrumbList\",\"@id\":\"https:\\\/\\\/biomarato.org\\\/portugal\\\/#breadcrumb\",\"itemListElement\":[{\"@type\":\"ListItem\",\"position\":1,\"name\":\"Inici\",\"item\":\"https:\\\/\\\/biomarato.org\\\/portugal\\\/\"},{\"@type\":\"ListItem\",\"position\":2,\"name\":\"Home\"}]},{\"@type\":\"WebSite\",\"@id\":\"https:\\\/\\\/biomarato.org\\\/portugal\\\/#website\",\"url\":\"https:\\\/\\\/biomarato.org\\\/portugal\\\/\",\"name\":\"Portugal\",\"description\":\"Una iniciativa per descobrir la biodiversitat marina amb la ci\u00e8ncia ciutadana\",\"potentialAction\":[{\"@type\":\"SearchAction\",\"target\":{\"@type\":\"EntryPoint\",\"urlTemplate\":\"https:\\\/\\\/biomarato.org\\\/portugal\\\/?s={search_term_string}\"},\"query-input\":{\"@type\":\"PropertyValueSpecification\",\"valueRequired\":true,\"valueName\":\"search_term_string\"}}],\"inLanguage\":\"pt-PT\"}]}<\/script>\n<!-- \/ Yoast SEO plugin. -->","yoast_head_json":{"title":"Home - Portugal","robots":{"index":"index","follow":"follow","max-snippet":"max-snippet:-1","max-image-preview":"max-image-preview:large","max-video-preview":"max-video-preview:-1"},"canonical":"https:\/\/biomarato.org\/portugal\/","og_locale":"pt_PT","og_type":"article","og_title":"Home - Portugal","og_description":"Colaborar com a comunidade cient\u00edficaBioMARatona em PortugalUma iniciativa para descobrir a biodiversidade marinha com ci\u00eancia cidad\u00e3Participar!Participe no BioMARathon e ajude-nos a descobrir e proteger a biodiversidade marinha e costeira. A sua participa\u00e7\u00e3o \u00e9 fundamental para a conserva\u00e7\u00e3o dos nossos mares!","og_url":"https:\/\/biomarato.org\/portugal\/","og_site_name":"Portugal","article_modified_time":"2025-11-20T09:29:12+00:00","twitter_card":"summary_large_image","twitter_misc":{"Tempo estimado de leitura":"2 minutos"},"schema":{"@context":"https:\/\/schema.org","@graph":[{"@type":"WebPage","@id":"https:\/\/biomarato.org\/portugal\/","url":"https:\/\/biomarato.org\/portugal\/","name":"Home - Portugal","isPartOf":{"@id":"https:\/\/biomarato.org\/portugal\/#website"},"datePublished":"2024-11-25T12:15:55+00:00","dateModified":"2025-11-20T09:29:12+00:00","breadcrumb":{"@id":"https:\/\/biomarato.org\/portugal\/#breadcrumb"},"inLanguage":"pt-PT","potentialAction":[{"@type":"ReadAction","target":["https:\/\/biomarato.org\/portugal\/"]}]},{"@type":"BreadcrumbList","@id":"https:\/\/biomarato.org\/portugal\/#breadcrumb","itemListElement":[{"@type":"ListItem","position":1,"name":"Inici","item":"https:\/\/biomarato.org\/portugal\/"},{"@type":"ListItem","position":2,"name":"Home"}]},{"@type":"WebSite","@id":"https:\/\/biomarato.org\/portugal\/#website","url":"https:\/\/biomarato.org\/portugal\/","name":"Portugal","description":"Una iniciativa per descobrir la biodiversitat marina amb la ci\u00e8ncia ciutadana","potentialAction":[{"@type":"SearchAction","target":{"@type":"EntryPoint","urlTemplate":"https:\/\/biomarato.org\/portugal\/?s={search_term_string}"},"query-input":{"@type":"PropertyValueSpecification","valueRequired":true,"valueName":"search_term_string"}}],"inLanguage":"pt-PT"}]}},"_links":{"self":[{"href":"https:\/\/biomarato.org\/portugal\/wp-json\/wp\/v2\/pages\/1032","targetHints":{"allow":["GET"]}}],"collection":[{"href":"https:\/\/biomarato.org\/portugal\/wp-json\/wp\/v2\/pages"}],"about":[{"href":"https:\/\/biomarato.org\/portugal\/wp-json\/wp\/v2\/types\/page"}],"author":[{"embeddable":true,"href":"https:\/\/biomarato.org\/portugal\/wp-json\/wp\/v2\/users\/1"}],"replies":[{"embeddable":true,"href":"https:\/\/biomarato.org\/portugal\/wp-json\/wp\/v2\/comments?post=1032"}],"version-history":[{"count":13,"href":"https:\/\/biomarato.org\/portugal\/wp-json\/wp\/v2\/pages\/1032\/revisions"}],"predecessor-version":[{"id":1359,"href":"https:\/\/biomarato.org\/portugal\/wp-json\/wp\/v2\/pages\/1032\/revisions\/1359"}],"wp:attachment":[{"href":"https:\/\/biomarato.org\/portugal\/wp-json\/wp\/v2\/media?parent=1032"}],"curies":[{"name":"wp","href":"https:\/\/api.w.org\/{rel}","templated":true}]}}